{"id":4,"date":"2009-12-27T00:24:09","date_gmt":"2009-12-26T23:24:09","guid":{"rendered":"http:\/\/home.pf.jcu.cz\/~sbml\/?page_id=2"},"modified":"2021-08-21T13:53:12","modified_gmt":"2021-08-21T11:53:12","slug":"about-2","status":"publish","type":"page","link":"http:\/\/home.pf.jcu.cz\/~sbml\/","title":{"rendered":"Home"},"content":{"rendered":"<h3><strong>Aims and scope<\/strong><\/h3>\n<p>South Bohemia Mathematical Letters journal publishes quality original research papers in mathematics education, didactics and methodology of mathematics, and both applied and pure mathematics.<\/p>\n<p>The journal is published once a year.<\/p>\n<h3><strong>Peer Review Policy<\/strong><\/h3>\n<p>The South Bohemia Mathematical Letters is a refereed journal. All research articles published in this journal have undergone rigorous peer review, based on initial editor screening and anonymized refereeing.<\/p>\n<h3><strong>Continuity<\/strong><\/h3>\n<p>This journal continuously replaces the journal &#8220;University of South Bohemia \u010cesk\u00e9 Bud\u011bjovice Department of Mathematics Report Series&#8221; (issued since 1993, ISSN 1214-4681).<\/p>\n<p>SBML 2009 was printed, with ISSN 1804-1450. SBML 2010 et seq. are in on-line electronic version only, with ISSN 2336-2081.<\/p>\n<h3><strong>Availability<\/strong><\/h3>\n<p>Orders, requests, and information requests on subscription might be addressed by e-mail to the <a href=\"mailto:hasek@pf.jcu.cz\">TeXnical Editor<\/a>. This journal is available for exchange.<\/p>\n<p>The journal is published by University of South Bohemia in \u010cesk\u00e9 Bud\u011bjovice, Czech Republic. It is accessible completely free of charge.<\/p>\n<p>All current and past issues of the journal are and will stay accessible and archived on the journal web page.<\/p>\n<h3>Editorial Office<\/h3>\n<p>University of South Bohemia<br \/>\nFaculty of Education, Department of Mathematics<br \/>\nRoman Ha\u0161ek (Editor-in-Chief)<br \/>\nJeron\u00fdmova 10<br \/>\n371 15 \u010cesk\u00e9 Bud\u011bjovice<br \/>\nCzech Republic<\/p>\n<p>e-mail: hasek@pf.jcu.cz<\/p>\n","protected":false},"excerpt":{"rendered":"<p>Aims and scope South Bohemia Mathematical Letters journal publishes quality original research papers in mathematics education, didactics and methodology of mathematics, and both applied and pure mathematics. The journal is published once a year. Peer Review Policy The South Bohemia Mathematical Letters is a refereed journal. All research articles published in this journal have undergone [&hellip;]<\/p>\n","protected":false},"author":2,"featured_media":0,"parent":0,"menu_order":0,"comment_status":"closed","ping_status":"open","template":"","meta":{"footnotes":""},"class_list":["post-4","page","type-page","status-publish","hentry"],"_links":{"self":[{"href":"http:\/\/home.pf.jcu.cz\/~sbml\/index.php?rest_route=\/wp\/v2\/pages\/4","targetHints":{"allow":["GET"]}}],"collection":[{"href":"http:\/\/home.pf.jcu.cz\/~sbml\/index.php?rest_route=\/wp\/v2\/pages"}],"about":[{"href":"http:\/\/home.pf.jcu.cz\/~sbml\/index.php?rest_route=\/wp\/v2\/types\/page"}],"author":[{"embeddable":true,"href":"http:\/\/home.pf.jcu.cz\/~sbml\/index.php?rest_route=\/wp\/v2\/users\/2"}],"replies":[{"embeddable":true,"href":"http:\/\/home.pf.jcu.cz\/~sbml\/index.php?rest_route=%2Fwp%2Fv2%2Fcomments&post=4"}],"version-history":[{"count":34,"href":"http:\/\/home.pf.jcu.cz\/~sbml\/index.php?rest_route=\/wp\/v2\/pages\/4\/revisions"}],"predecessor-version":[{"id":991,"href":"http:\/\/home.pf.jcu.cz\/~sbml\/index.php?rest_route=\/wp\/v2\/pages\/4\/revisions\/991"}],"wp:attachment":[{"href":"http:\/\/home.pf.jcu.cz\/~sbml\/index.php?rest_route=%2Fwp%2Fv2%2Fmedia&parent=4"}],"curies":[{"name":"wp","href":"https:\/\/api.w.org\/{rel}","templated":true}]}}