{"id":169,"date":"2012-02-27T08:39:26","date_gmt":"2012-02-27T08:39:26","guid":{"rendered":"http:\/\/home.pf.jcu.cz\/~upvvm\/2011\/?page_id=169"},"modified":"2018-02-21T18:07:09","modified_gmt":"2018-02-21T17:07:09","slug":"sbornik-2","status":"publish","type":"page","link":"http:\/\/home.pf.jcu.cz\/~upvm\/2017\/index.php\/sbornik-2\/","title":{"rendered":"Sborn\u00edk"},"content":{"rendered":"<p><strong>Sborn\u00edk p\u0159\u00edsp\u011bvk\u016f 8. konference U\u017eit\u00ed po\u010d\u00edta\u010d\u016f ve v\u00fduce matematiky<\/strong><\/p>\n<p>Jiho\u010desk\u00e1 univerzita v\u00a0\u010cesk\u00fdch Bud\u011bjovic\u00edch, 2017<\/p>\n<p>978-80-7394-677-7<\/p>\n<p>[<a href=\"http:\/\/home.pf.jcu.cz\/~upvm\/2017\/wp-content\/uploads\/2018\/02\/Sbornik_UPVM_2017.pdf\" class=\"mtli_attachment mtli_pdf\" target=\"_blank\">Sborn\u00edk<\/a>]<\/p>\n","protected":false},"excerpt":{"rendered":"<p>Sborn\u00edk p\u0159\u00edsp\u011bvk\u016f 8. konference U\u017eit\u00ed po\u010d\u00edta\u010d\u016f ve v\u00fduce matematiky Jiho\u010desk\u00e1 univerzita v\u00a0\u010cesk\u00fdch Bud\u011bjovic\u00edch, 2017 978-80-7394-677-7 [Sborn\u00edk]<\/p>\n","protected":false},"author":3,"featured_media":0,"parent":0,"menu_order":0,"comment_status":"closed","ping_status":"open","template":"","meta":{"footnotes":""},"class_list":["post-169","page","type-page","status-publish","hentry"],"_links":{"self":[{"href":"http:\/\/home.pf.jcu.cz\/~upvm\/2017\/index.php\/wp-json\/wp\/v2\/pages\/169","targetHints":{"allow":["GET"]}}],"collection":[{"href":"http:\/\/home.pf.jcu.cz\/~upvm\/2017\/index.php\/wp-json\/wp\/v2\/pages"}],"about":[{"href":"http:\/\/home.pf.jcu.cz\/~upvm\/2017\/index.php\/wp-json\/wp\/v2\/types\/page"}],"author":[{"embeddable":true,"href":"http:\/\/home.pf.jcu.cz\/~upvm\/2017\/index.php\/wp-json\/wp\/v2\/users\/3"}],"replies":[{"embeddable":true,"href":"http:\/\/home.pf.jcu.cz\/~upvm\/2017\/index.php\/wp-json\/wp\/v2\/comments?post=169"}],"version-history":[{"count":12,"href":"http:\/\/home.pf.jcu.cz\/~upvm\/2017\/index.php\/wp-json\/wp\/v2\/pages\/169\/revisions"}],"predecessor-version":[{"id":1034,"href":"http:\/\/home.pf.jcu.cz\/~upvm\/2017\/index.php\/wp-json\/wp\/v2\/pages\/169\/revisions\/1034"}],"wp:attachment":[{"href":"http:\/\/home.pf.jcu.cz\/~upvm\/2017\/index.php\/wp-json\/wp\/v2\/media?parent=169"}],"curies":[{"name":"wp","href":"https:\/\/api.w.org\/{rel}","templated":true}]}}