{"id":391,"date":"2015-10-30T12:09:47","date_gmt":"2015-10-30T12:09:47","guid":{"rendered":"http:\/\/home.pf.jcu.cz\/~upvvm\/2015\/?page_id=391"},"modified":"2017-11-10T17:21:47","modified_gmt":"2017-11-10T16:21:47","slug":"workshopy","status":"publish","type":"page","link":"http:\/\/home.pf.jcu.cz\/~upvm\/2017\/index.php\/workshopy\/","title":{"rendered":"Workshopy"},"content":{"rendered":"<p>Na konferenci budou po\u0159\u00e1d\u00e1ny tyto workshopy:<\/p>\n<p><strong>Automated Reasoning Tools in GeoGebra<\/strong><br \/>\nZolt\u00e1n Kov\u00e1cs<br \/>\nPrivate P\u00e4dagogische Hochschule der Di\u00f6zese Linz<br \/>\n[<a href=\"http:\/\/home.pf.jcu.cz\/~upvm\/2017\/wp-content\/uploads\/2015\/10\/Kovacs_anotace_w.pdf\" class=\"mtli_attachment mtli_pdf\" target=\"_blank\">Anotace<\/a>] [<a href=\"https:\/\/www.geogebra.org\/m\/WDMMPR5c\" target=\"_blank\">GeoGebraBook<\/a>]<br \/>\nP\u00e1tek, 16:30-18:00, Aula<\/p>\n<p><strong>Badatelsk\u00e9 \u00falohy ve v\u00fduce matematiky<\/strong><br \/>\nLibu\u0161e Samkov\u00e1<br \/>\nJiho\u010desk\u00e1 univerzita v \u010cesk\u00fdch Bud\u011bjovic\u00edch<br \/>\n[<a href=\"http:\/\/home.pf.jcu.cz\/~upvm\/2017\/wp-content\/uploads\/2015\/10\/Samkova_anotace_w.pdf\" class=\"mtli_attachment mtli_pdf\" target=\"_blank\">Anotace<\/a>]<br \/>\nP\u00e1tek, 16:30-18:00, zasedac\u00ed m\u00edstnost (menza)<\/p>\n<p><strong>CoCalc<\/strong><br \/>\nRoman Plch<br \/>\nMasarykova univerzita, Brno<br \/>\n[<a href=\"http:\/\/home.pf.jcu.cz\/~upvm\/2017\/wp-content\/uploads\/2015\/10\/Plch_anotace_w-1.pdf\" class=\"mtli_attachment mtli_pdf\" target=\"_blank\">Anotace<\/a>]<br \/>\nInformace pro z\u00e1jemce o workshop: <i>Z\u00e1jemce o workshop pros\u00edm, aby mi p\u0159edem poslali na mail<br \/>\nplch(at)math.muni.cz svoji mailovou adresu. Na tuto adresu V\u00e1m po\u0161lu pozv\u00e1nku k p\u0159\u00edstupu do materi\u00e1l\u016f workshopu na port\u00e1lu CoCalc.<\/i><br \/>\n\u010ctvrtek, 15:30-17:00, Aula<\/p>\n<p><strong>GeoGebra &#8211; prost\u0159ed\u00ed 3D, v\u00fdpo\u010det pravd\u011bpodobnosti<\/strong><br \/>\n\u0160\u00e1rka Gergelitsov\u00e1, Roman Ha\u0161ek<br \/>\nGymn\u00e1zium Bene\u0161ov, Jiho\u010desk\u00e1 univerzita v \u010cesk\u00fdch Bud\u011bjovic\u00edch<br \/>\n[<a href=\"http:\/\/home.pf.jcu.cz\/~upvm\/2017\/wp-content\/uploads\/2015\/10\/Gergelitsova_anotace_w-1.pdf\" class=\"mtli_attachment mtli_pdf\" target=\"_blank\">Anotace<\/a>] [<a href=\"http:\/\/home.pf.jcu.cz\/~upvm\/2017\/wp-content\/uploads\/2015\/10\/GeoGebra_handout.pdf\" class=\"mtli_attachment mtli_pdf\" target=\"_blank\">Handout<\/a>] [<a href=\"http:\/\/home.pf.jcu.cz\/~upvm\/2017\/wp-content\/uploads\/2015\/10\/Geogebra_soubory-1.zip\" target=\"_blank\">Geogebra_soubory.zip<\/a>] [<a href=\"http:\/\/home.pf.jcu.cz\/~upvm\/2017\/wp-content\/uploads\/2015\/10\/Obrazky.zip\">Obrazky.zip<\/a>] [<a href=\"https:\/\/www.geogebra.org\/m\/vnAZxxzN\" target=\"_blank\">Buffon<\/a>] [<a href=\"http:\/\/home.pf.jcu.cz\/~upvm\/2017\/wp-content\/uploads\/2015\/10\/PoWorkshopuS.zip\" target=\"_blank\">PoWorkshopuS.zip<\/a>]<br \/>\n<img loading=\"lazy\" decoding=\"async\" class=\"alignnone size-full wp-image-994\" src=\"http:\/\/home.pf.jcu.cz\/~upvm\/2017\/wp-content\/uploads\/2015\/10\/cpath_2.png\" alt=\"\" width=\"47\" height=\"47\" \/> <img loading=\"lazy\" decoding=\"async\" class=\"alignnone size-full wp-image-996\" src=\"http:\/\/home.pf.jcu.cz\/~upvm\/2017\/wp-content\/uploads\/2015\/10\/cpath_8.png\" alt=\"\" width=\"47\" height=\"47\" \/> <img loading=\"lazy\" decoding=\"async\" class=\"alignnone size-full wp-image-997\" src=\"http:\/\/home.pf.jcu.cz\/~upvm\/2017\/wp-content\/uploads\/2015\/10\/cpath_13.png\" alt=\"\" width=\"47\" height=\"47\" \/> <img loading=\"lazy\" decoding=\"async\" class=\"alignnone size-full wp-image-998\" src=\"http:\/\/home.pf.jcu.cz\/~upvm\/2017\/wp-content\/uploads\/2015\/10\/JKrychle.png\" alt=\"\" width=\"53\" height=\"51\" \/> <img loading=\"lazy\" decoding=\"async\" class=\"alignnone size-full wp-image-1000\" src=\"http:\/\/home.pf.jcu.cz\/~upvm\/2017\/wp-content\/uploads\/2015\/10\/JKuzel.png\" alt=\"\" width=\"47\" height=\"45\" \/> <img loading=\"lazy\" decoding=\"async\" class=\"alignnone size-full wp-image-1002\" src=\"http:\/\/home.pf.jcu.cz\/~upvm\/2017\/wp-content\/uploads\/2015\/10\/JValec.png\" alt=\"\" width=\"48\" height=\"47\" srcset=\"http:\/\/home.pf.jcu.cz\/~upvm\/2017\/wp-content\/uploads\/2015\/10\/JValec.png 195w, http:\/\/home.pf.jcu.cz\/~upvm\/2017\/wp-content\/uploads\/2015\/10\/JValec-150x150.png 150w\" sizes=\"auto, (max-width: 48px) 85vw, 48px\" \/><br \/>\n\u010ctvrtek, 15:30-17:00, pavilon H<\/p>\n<p><strong>Interaktivn\u00ed u\u010debnice Matematika pro st\u0159edn\u00ed \u0161koly &#8211; novinky a praktick\u00e9 tipy pro u\u010ditele<\/strong><br \/>\nMiroslava Nov\u00e1kov\u00e1, Pavel Bl\u00e1ha<br \/>\nNakladatelstv\u00ed Fraus<br \/>\n[<a href=\"http:\/\/home.pf.jcu.cz\/~upvm\/2017\/wp-content\/uploads\/2015\/10\/Novakova_Blaha_anotace_w.pdf\" class=\"mtli_attachment mtli_pdf\" target=\"_blank\">Anotace<\/a>]<br \/>\n\u010ctvrtek, 14:00-15:00, zasedac\u00ed m\u00edstnost (menza)<\/p>\n<p><strong>Jak podpo\u0159it individu\u00e1ln\u00ed rozvoj student\u016f i jejich komplexn\u00ed hodnocen\u00ed<\/strong><br \/>\nJan Sedl\u00e1k<br \/>\nNakladatelstv\u00ed Fraus<br \/>\n[<a href=\"http:\/\/home.pf.jcu.cz\/~upvm\/2017\/wp-content\/uploads\/2015\/10\/Sedlak_anotace_w.pdf\" class=\"mtli_attachment mtli_pdf\" target=\"_blank\">Anotace<\/a>]<br \/>\n\u010ctvrtek, 13:00-14:00, zasedac\u00ed m\u00edstnost (menza)<\/p>\n<p><strong>Skupinov\u00e1 v\u00fduka z pohledu student\u016f<\/strong><br \/>\nLucie Tich\u00e1<br \/>\nTechambition Ltd.<br \/>\n[<a href=\"http:\/\/home.pf.jcu.cz\/~upvm\/2017\/wp-content\/uploads\/2015\/10\/Ticha_anotace_w-1.pdf\" class=\"mtli_attachment mtli_pdf\" target=\"_blank\">Anotace<\/a>] [<a href=\"http:\/\/www.techambition.com\" target=\"_blank\">www.techambition.com<\/a>]<br \/>\n\u010ctvrtek, 15:30-17:00, zasedac\u00ed m\u00edstnost (Bob\u00edk)<\/p>\n<p><strong>Vyu\u017eit\u00ed kalkul\u00e1tor\u016f s v\u011bdeck\u00fdmi funkcemi p\u0159i v\u00fduce<\/strong><br \/>\nJosef Rak<br \/>\nUniverzita Pardubice<br \/>\n[<a href=\"http:\/\/home.pf.jcu.cz\/~upvm\/2017\/wp-content\/uploads\/2015\/10\/Rak_anotace_w.pdf\" class=\"mtli_attachment mtli_pdf\" target=\"_blank\">Anotace<\/a>]<br \/>\nP\u00e1tek, 10:30-12:00, zasedac\u00ed m\u00edstnost (Bob\u00edk)<\/p>\n","protected":false},"excerpt":{"rendered":"<p>Na konferenci budou po\u0159\u00e1d\u00e1ny tyto workshopy: Automated Reasoning Tools in GeoGebra Zolt\u00e1n Kov\u00e1cs Private P\u00e4dagogische Hochschule der Di\u00f6zese Linz [Anotace] [GeoGebraBook] P\u00e1tek, 16:30-18:00, Aula Badatelsk\u00e9 \u00falohy ve v\u00fduce matematiky Libu\u0161e Samkov\u00e1 Jiho\u010desk\u00e1 univerzita v \u010cesk\u00fdch Bud\u011bjovic\u00edch [Anotace] P\u00e1tek, 16:30-18:00, zasedac\u00ed m\u00edstnost (menza) CoCalc Roman Plch Masarykova univerzita, Brno [Anotace] Informace pro z\u00e1jemce o workshop: Z\u00e1jemce &hellip; <a href=\"http:\/\/home.pf.jcu.cz\/~upvm\/2017\/index.php\/workshopy\/\" class=\"more-link\">Pokra\u010dovat ve \u010dten\u00ed<span class=\"screen-reader-text\"> &#8222;Workshopy&#8220;<\/span><\/a><\/p>\n","protected":false},"author":3,"featured_media":0,"parent":0,"menu_order":0,"comment_status":"closed","ping_status":"closed","template":"","meta":{"footnotes":""},"class_list":["post-391","page","type-page","status-publish","hentry"],"_links":{"self":[{"href":"http:\/\/home.pf.jcu.cz\/~upvm\/2017\/index.php\/wp-json\/wp\/v2\/pages\/391","targetHints":{"allow":["GET"]}}],"collection":[{"href":"http:\/\/home.pf.jcu.cz\/~upvm\/2017\/index.php\/wp-json\/wp\/v2\/pages"}],"about":[{"href":"http:\/\/home.pf.jcu.cz\/~upvm\/2017\/index.php\/wp-json\/wp\/v2\/types\/page"}],"author":[{"embeddable":true,"href":"http:\/\/home.pf.jcu.cz\/~upvm\/2017\/index.php\/wp-json\/wp\/v2\/users\/3"}],"replies":[{"embeddable":true,"href":"http:\/\/home.pf.jcu.cz\/~upvm\/2017\/index.php\/wp-json\/wp\/v2\/comments?post=391"}],"version-history":[{"count":37,"href":"http:\/\/home.pf.jcu.cz\/~upvm\/2017\/index.php\/wp-json\/wp\/v2\/pages\/391\/revisions"}],"predecessor-version":[{"id":1017,"href":"http:\/\/home.pf.jcu.cz\/~upvm\/2017\/index.php\/wp-json\/wp\/v2\/pages\/391\/revisions\/1017"}],"wp:attachment":[{"href":"http:\/\/home.pf.jcu.cz\/~upvm\/2017\/index.php\/wp-json\/wp\/v2\/media?parent=391"}],"curies":[{"name":"wp","href":"https:\/\/api.w.org\/{rel}","templated":true}]}}