{"id":56,"date":"2011-02-19T12:52:22","date_gmt":"2011-02-19T12:52:22","guid":{"rendered":"http:\/\/localhost\/upvvm\/2011\/?page_id=14"},"modified":"2017-12-01T14:49:18","modified_gmt":"2017-12-01T13:49:18","slug":"dulezite-terminy","status":"publish","type":"page","link":"http:\/\/home.pf.jcu.cz\/~upvm\/2017\/index.php\/dulezite-terminy\/","title":{"rendered":"D\u016fle\u017eit\u00e9 term\u00edny"},"content":{"rendered":"<ul>\n<li>16. 10. 2017 &#8211; Zasl\u00e1n\u00ed anotace p\u0159\u00edsp\u011bvku (minim\u00e1ln\u011b 800 znak\u016f, maxim\u00e1ln\u011b 1500 znak\u016f, po\u010d\u00edt\u00e1no bez mezer).<\/li>\n<li>do 20. 10. 2017 &#8211; Vyrozum\u011bn\u00ed o p\u0159ijet\u00ed p\u0159\u00edsp\u011bvku na konferenci.<\/li>\n<\/ul>\n<ul>\n<li>do 16. 10. 2017 &#8211; Uhrazen\u00ed zv\u00fdhodn\u011bn\u00e9ho vlo\u017en\u00e9ho 800 K\u010d, pro \u010dleny J\u010cMF 700 K\u010d. Po tomto term\u00ednu \u010din\u00ed vlo\u017en\u00e9 900 K\u010d, pro \u010dleny J\u010cMF 800 K\u010d.<\/li>\n<\/ul>\n<ul>\n<li>9. 11. 2017 v 10 hodin &#8211; Zah\u00e1jen\u00ed konference<\/li>\n<\/ul>\n<ul>\n<li><strong>do 11. 12. 2017<\/strong> &#8211; Odevzd\u00e1n\u00ed p\u0159\u00edsp\u011bvku do sborn\u00edku konference.<\/li>\n<\/ul>\n","protected":false},"excerpt":{"rendered":"<p>16. 10. 2017 &#8211; Zasl\u00e1n\u00ed anotace p\u0159\u00edsp\u011bvku (minim\u00e1ln\u011b 800 znak\u016f, maxim\u00e1ln\u011b 1500 znak\u016f, po\u010d\u00edt\u00e1no bez mezer). do 20. 10. 2017 &#8211; Vyrozum\u011bn\u00ed o p\u0159ijet\u00ed p\u0159\u00edsp\u011bvku na konferenci. do 16. 10. 2017 &#8211; Uhrazen\u00ed zv\u00fdhodn\u011bn\u00e9ho vlo\u017en\u00e9ho 800 K\u010d, pro \u010dleny J\u010cMF 700 K\u010d. Po tomto term\u00ednu \u010din\u00ed vlo\u017en\u00e9 900 K\u010d, pro \u010dleny J\u010cMF 800 K\u010d. 9. &hellip; <a href=\"http:\/\/home.pf.jcu.cz\/~upvm\/2017\/index.php\/dulezite-terminy\/\" class=\"more-link\">Pokra\u010dovat ve \u010dten\u00ed<span class=\"screen-reader-text\"> &#8222;D\u016fle\u017eit\u00e9 term\u00edny&#8220;<\/span><\/a><\/p>\n","protected":false},"author":3,"featured_media":0,"parent":0,"menu_order":2,"comment_status":"closed","ping_status":"open","template":"","meta":{"footnotes":""},"class_list":["post-56","page","type-page","status-publish","hentry"],"_links":{"self":[{"href":"http:\/\/home.pf.jcu.cz\/~upvm\/2017\/index.php\/wp-json\/wp\/v2\/pages\/56","targetHints":{"allow":["GET"]}}],"collection":[{"href":"http:\/\/home.pf.jcu.cz\/~upvm\/2017\/index.php\/wp-json\/wp\/v2\/pages"}],"about":[{"href":"http:\/\/home.pf.jcu.cz\/~upvm\/2017\/index.php\/wp-json\/wp\/v2\/types\/page"}],"author":[{"embeddable":true,"href":"http:\/\/home.pf.jcu.cz\/~upvm\/2017\/index.php\/wp-json\/wp\/v2\/users\/3"}],"replies":[{"embeddable":true,"href":"http:\/\/home.pf.jcu.cz\/~upvm\/2017\/index.php\/wp-json\/wp\/v2\/comments?post=56"}],"version-history":[{"count":7,"href":"http:\/\/home.pf.jcu.cz\/~upvm\/2017\/index.php\/wp-json\/wp\/v2\/pages\/56\/revisions"}],"predecessor-version":[{"id":1025,"href":"http:\/\/home.pf.jcu.cz\/~upvm\/2017\/index.php\/wp-json\/wp\/v2\/pages\/56\/revisions\/1025"}],"wp:attachment":[{"href":"http:\/\/home.pf.jcu.cz\/~upvm\/2017\/index.php\/wp-json\/wp\/v2\/media?parent=56"}],"curies":[{"name":"wp","href":"https:\/\/api.w.org\/{rel}","templated":true}]}}