{"id":59,"date":"2011-02-19T12:55:20","date_gmt":"2011-02-19T12:55:20","guid":{"rendered":"http:\/\/localhost\/upvvm\/2011\/?page_id=21"},"modified":"2017-11-08T16:44:44","modified_gmt":"2017-11-08T15:44:44","slug":"plenarni-prednasky","status":"publish","type":"page","link":"http:\/\/home.pf.jcu.cz\/~upvm\/2017\/index.php\/plenarni-prednasky\/","title":{"rendered":"Plen\u00e1rn\u00ed p\u0159edn\u00e1\u0161ky"},"content":{"rendered":"<p><strong>V\u00fduka matematiky v prost\u0159ed\u00ed digit\u00e1ln\u00edch technologi\u00ed<br \/>\ndoc. RNDr. Jarmila Robov\u00e1, CSc.<\/strong><br \/>\nUniverzita Karlova v Praze<br \/>\n[<a href=\"http:\/\/home.pf.jcu.cz\/~upvm\/2017\/wp-content\/uploads\/2011\/02\/Anotace_Robova.pdf\" class=\"mtli_attachment mtli_pdf\" target=\"_blank\">Anotace<\/a>]<br \/>\n\u010ctvrtek, 10:30-11:30, Aula<\/p>\n<p><strong>O matematick\u00e9 gramotnosti aneb Co na\u0161i \u017e\u00e1ci neum\u011bj\u00ed<\/strong><br \/>\n<strong>doc. RNDr. Eduard Fuchs, CSc.<\/strong><br \/>\nMasarykova univerzita, Brno<br \/>\n[<a href=\"http:\/\/home.pf.jcu.cz\/~upvm\/2017\/wp-content\/uploads\/2011\/02\/Anotace_Fuchs.pdf\" class=\"mtli_attachment mtli_pdf\" target=\"_blank\">Anotace<\/a>]<br \/>\nSobota, 9:00-10:00, Aula<\/p>\n<p><strong>Automated Reasoning Tools in GeoGebra<\/strong><br \/>\n<strong>Dr. Zolt\u00e1n Kov\u00e1cs<\/strong><br \/>\nPrivate P\u00e4dagogische Hochschule der Di\u00f6zese Linz<br \/>\n[<a href=\"http:\/\/home.pf.jcu.cz\/~upvm\/2017\/wp-content\/uploads\/2011\/02\/Anotace_Kovacz.pdf\" class=\"mtli_attachment mtli_pdf\" target=\"_blank\">Anotace<\/a>] [<a href=\"http:\/\/test.geogebra.org\/~kovzol\/talks\/upvm2017\/pres.pdf\" class=\"mtli_attachment mtli_pdf\" target=\"_blank\">Prezentace<\/a>]<br \/>\nP\u00e1tek, 15:00-16:00, Aula<\/p>\n<p><strong>Chyby a omyly v matematice<\/strong><br \/>\n<strong>prof. RNDr Franti\u0161ek Ku\u0159ina, CSc.<\/strong><br \/>\nUniverzita Hradec Kr\u00e1lov\u00e9<br \/>\n[<a href=\"http:\/\/home.pf.jcu.cz\/~upvm\/2017\/wp-content\/uploads\/2011\/02\/Anotace_Kurina.pdf\" class=\"mtli_attachment mtli_pdf\" target=\"_blank\">Anotace<\/a>]<br \/>\nP\u00e1tek, 9:00-10:00, Aula<\/p>\n<p>&nbsp;<\/p>\n<p>&nbsp;<\/p>\n<p>&nbsp;<\/p>\n","protected":false},"excerpt":{"rendered":"<p>V\u00fduka matematiky v prost\u0159ed\u00ed digit\u00e1ln\u00edch technologi\u00ed doc. RNDr. Jarmila Robov\u00e1, CSc. Univerzita Karlova v Praze [Anotace] \u010ctvrtek, 10:30-11:30, Aula O matematick\u00e9 gramotnosti aneb Co na\u0161i \u017e\u00e1ci neum\u011bj\u00ed doc. RNDr. Eduard Fuchs, CSc. Masarykova univerzita, Brno [Anotace] Sobota, 9:00-10:00, Aula Automated Reasoning Tools in GeoGebra Dr. Zolt\u00e1n Kov\u00e1cs Private P\u00e4dagogische Hochschule der Di\u00f6zese Linz [Anotace] [Prezentace] &hellip; <a href=\"http:\/\/home.pf.jcu.cz\/~upvm\/2017\/index.php\/plenarni-prednasky\/\" class=\"more-link\">Pokra\u010dovat ve \u010dten\u00ed<span class=\"screen-reader-text\"> &#8222;Plen\u00e1rn\u00ed p\u0159edn\u00e1\u0161ky&#8220;<\/span><\/a><\/p>\n","protected":false},"author":3,"featured_media":0,"parent":0,"menu_order":0,"comment_status":"closed","ping_status":"open","template":"","meta":{"footnotes":""},"class_list":["post-59","page","type-page","status-publish","hentry"],"_links":{"self":[{"href":"http:\/\/home.pf.jcu.cz\/~upvm\/2017\/index.php\/wp-json\/wp\/v2\/pages\/59","targetHints":{"allow":["GET"]}}],"collection":[{"href":"http:\/\/home.pf.jcu.cz\/~upvm\/2017\/index.php\/wp-json\/wp\/v2\/pages"}],"about":[{"href":"http:\/\/home.pf.jcu.cz\/~upvm\/2017\/index.php\/wp-json\/wp\/v2\/types\/page"}],"author":[{"embeddable":true,"href":"http:\/\/home.pf.jcu.cz\/~upvm\/2017\/index.php\/wp-json\/wp\/v2\/users\/3"}],"replies":[{"embeddable":true,"href":"http:\/\/home.pf.jcu.cz\/~upvm\/2017\/index.php\/wp-json\/wp\/v2\/comments?post=59"}],"version-history":[{"count":7,"href":"http:\/\/home.pf.jcu.cz\/~upvm\/2017\/index.php\/wp-json\/wp\/v2\/pages\/59\/revisions"}],"predecessor-version":[{"id":987,"href":"http:\/\/home.pf.jcu.cz\/~upvm\/2017\/index.php\/wp-json\/wp\/v2\/pages\/59\/revisions\/987"}],"wp:attachment":[{"href":"http:\/\/home.pf.jcu.cz\/~upvm\/2017\/index.php\/wp-json\/wp\/v2\/media?parent=59"}],"curies":[{"name":"wp","href":"https:\/\/api.w.org\/{rel}","templated":true}]}}