{"id":60,"date":"2011-02-19T12:55:34","date_gmt":"2011-02-19T12:55:34","guid":{"rendered":"http:\/\/localhost\/upvvm\/2011\/?page_id=23"},"modified":"2017-11-10T16:54:01","modified_gmt":"2017-11-10T15:54:01","slug":"program-konference","status":"publish","type":"page","link":"http:\/\/home.pf.jcu.cz\/~upvm\/2017\/index.php\/program-konference\/","title":{"rendered":"Program"},"content":{"rendered":"<p><a href=\"http:\/\/home.pf.jcu.cz\/~upvm\/2017\/wp-content\/uploads\/2011\/02\/Program_UPVM_2017-7.pdf\" class=\"mtli_attachment mtli_pdf\" target=\"_blank\">Program konference ve form\u00e1tu pdf<\/a><\/p>\n<p>&nbsp;<\/p>\n<p><strong>Materi\u00e1ly a odkazy k p\u0159\u00edsp\u011bvk\u016fm<\/strong><\/p>\n<p>Martina Litschmannov\u00e1: <em>N\u011bkolik tip\u016f na o\u017eiven\u00ed v\u00fduky statistiky na S\u0160<br \/>\n<\/em>&#8211; <a href=\"http:\/\/home.pf.jcu.cz\/~upvm\/2017\/wp-content\/uploads\/2011\/02\/UPVM_2017_Litschmannova.pdf\" class=\"mtli_attachment mtli_pdf\" target=\"_blank\">Prezentace<\/a><em><br \/>\n<\/em><\/p>\n<p>Marie Padrtov\u00e1: <em>Sketchometry &#8211; dynamick\u00e1 geometrie pro dotykov\u00e1 za\u0159\u00edzen\u00ed<\/em><br \/>\n&#8211; <a href=\"https:\/\/wstag.jcu.cz\/StagPortletsJSR168\/PagesDispatcherServlet?pp_destElement=%23ssSouboryStudentuDivId_3086&amp;pp_locale=cs&amp;pp_reqType=render&amp;pp_portlet=souboryStudentuPagesPortlet&amp;pp_page=souboryStudentuDownloadPage&amp;pp_nameSpace=G222839&amp;soubidno=146087\" target=\"_blank\">Text bakal\u00e1\u0159sk\u00e9 pr\u00e1ce: Program Sketchometry ve v\u00fduce matematiky<\/a><br \/>\n&#8211; <a href=\"http:\/\/home.pf.jcu.cz\/~upvm\/2017\/wp-content\/uploads\/2011\/02\/Sketchometry_gesta.pdf\" class=\"mtli_attachment mtli_pdf\" target=\"_blank\">P\u0159ehled gest<\/a><\/p>\n<p>Irena \u0160trausov\u00e1: <em>Vizu\u00e1ln\u00ed d\u016fkazy v prost\u0159ed\u00ed dynamick\u00e9 geometrie<\/em><br \/>\n&#8211; <a href=\"http:\/\/z-maga.si\/index?action=article&amp;id=40\" target=\"_blank\">OK Geometry<\/a><\/p>\n<p>Ji\u0159\u00ed Van\u010dura: <em>Khan Academy na st\u0159edn\u00ed \u0161kole<\/em><br \/>\n&#8211; Interaktivn\u00ed cvi\u010den\u00ed z trigonometrie na Khan Academy: <a class=\"\" href=\"https:\/\/www.khanacademy.org\/math\/trigonometry?t=practice\" target=\"_blank\">https:\/\/www.khanacademy.org\/math\/trigonometry?t=practice<\/a><\/p>\n<p>Marek Vejsada: <em>Kosinov\u00e1 v\u011bta p\u0159eskupov\u00e1n\u00edm troj\u00faheln\u00edk\u016f<\/em><br \/>\n&#8211; <a href=\"https:\/\/www.geogebra.org\/m\/SUHCnsec\" target=\"_blank\">GeoGebraBook<\/a><\/p>\n","protected":false},"excerpt":{"rendered":"<p>Program konference ve form\u00e1tu pdf &nbsp; Materi\u00e1ly a odkazy k p\u0159\u00edsp\u011bvk\u016fm Martina Litschmannov\u00e1: N\u011bkolik tip\u016f na o\u017eiven\u00ed v\u00fduky statistiky na S\u0160 &#8211; Prezentace Marie Padrtov\u00e1: Sketchometry &#8211; dynamick\u00e1 geometrie pro dotykov\u00e1 za\u0159\u00edzen\u00ed &#8211; Text bakal\u00e1\u0159sk\u00e9 pr\u00e1ce: Program Sketchometry ve v\u00fduce matematiky &#8211; P\u0159ehled gest Irena \u0160trausov\u00e1: Vizu\u00e1ln\u00ed d\u016fkazy v prost\u0159ed\u00ed dynamick\u00e9 geometrie &#8211; OK Geometry &hellip; <a href=\"http:\/\/home.pf.jcu.cz\/~upvm\/2017\/index.php\/program-konference\/\" class=\"more-link\">Pokra\u010dovat ve \u010dten\u00ed<span class=\"screen-reader-text\"> &#8222;Program&#8220;<\/span><\/a><\/p>\n","protected":false},"author":3,"featured_media":0,"parent":0,"menu_order":0,"comment_status":"closed","ping_status":"open","template":"","meta":{"footnotes":""},"class_list":["post-60","page","type-page","status-publish","hentry"],"_links":{"self":[{"href":"http:\/\/home.pf.jcu.cz\/~upvm\/2017\/index.php\/wp-json\/wp\/v2\/pages\/60","targetHints":{"allow":["GET"]}}],"collection":[{"href":"http:\/\/home.pf.jcu.cz\/~upvm\/2017\/index.php\/wp-json\/wp\/v2\/pages"}],"about":[{"href":"http:\/\/home.pf.jcu.cz\/~upvm\/2017\/index.php\/wp-json\/wp\/v2\/types\/page"}],"author":[{"embeddable":true,"href":"http:\/\/home.pf.jcu.cz\/~upvm\/2017\/index.php\/wp-json\/wp\/v2\/users\/3"}],"replies":[{"embeddable":true,"href":"http:\/\/home.pf.jcu.cz\/~upvm\/2017\/index.php\/wp-json\/wp\/v2\/comments?post=60"}],"version-history":[{"count":44,"href":"http:\/\/home.pf.jcu.cz\/~upvm\/2017\/index.php\/wp-json\/wp\/v2\/pages\/60\/revisions"}],"predecessor-version":[{"id":1012,"href":"http:\/\/home.pf.jcu.cz\/~upvm\/2017\/index.php\/wp-json\/wp\/v2\/pages\/60\/revisions\/1012"}],"wp:attachment":[{"href":"http:\/\/home.pf.jcu.cz\/~upvm\/2017\/index.php\/wp-json\/wp\/v2\/media?parent=60"}],"curies":[{"name":"wp","href":"https:\/\/api.w.org\/{rel}","templated":true}]}}