{"id":61,"date":"2011-02-19T12:55:47","date_gmt":"2011-02-19T12:55:47","guid":{"rendered":"http:\/\/localhost\/upvvm\/2011\/?page_id=25"},"modified":"2017-11-01T15:25:11","modified_gmt":"2017-11-01T14:25:11","slug":"ubytovani","status":"publish","type":"page","link":"http:\/\/home.pf.jcu.cz\/~upvm\/2017\/index.php\/ubytovani\/","title":{"rendered":"Ubytov\u00e1n\u00ed"},"content":{"rendered":"<p>Ubytov\u00e1n\u00ed na konferenci si za\u0159izuje ka\u017ed\u00fd \u00fa\u010dastn\u00edk s\u00e1m. N\u00ed\u017ee uv\u00e1d\u00edme v\u00fdb\u011br vhodn\u00fdch ubytovac\u00edch za\u0159\u00edzen\u00ed v\u00a0r\u016fzn\u00fdch cenov\u00fdch kategori\u00edch. P\u0159ehled je pouze informativn\u00ed, uveden\u00e9 ceny byly p\u0159evzaty z ve\u0159ejn\u011b dostupn\u00fdch cen\u00edk\u016f p\u0159\u00edslu\u0161n\u00fdch za\u0159\u00edzen\u00ed dne 26. 9. 2017 a nem\u016f\u017eeme garantovat jejich st\u00e1lost.<\/p>\n<p><strong>Hotelu U T\u0159\u00ed lv\u016f<\/strong><br \/>\nCena za jednu noc je 600 K\u010d za jednol\u016f\u017ekov\u00fd pokoj a 900 K\u010d za pokoj dvoul\u016f\u017ekov\u00fd. V p\u0159\u00edpad\u011b z\u00e1jmu kontaktujte doc. Petr\u00e1\u0161kovou na e-mailov\u00e9 adrese <a class=\"moz-txt-link-abbreviated\" href=\"mailto:petrasek@pf.jcu.cz\">petrasek@pf.jcu.cz<\/a><\/p>\n<p><strong>Penzion Hawwwran<\/strong> \/ <a href=\"http:\/\/penzion.hawwwran.com\" target=\"_blank\">penzion.hawwwran.com<\/a><br \/>\n(dvoul\u016f\u017ekov\u00fd pokoj: 850 K\u010d\/2 os.\/noc, dvoul\u016f\u017ekov\u00fd pokoj obsazen\u00fd 1 osobou: 530 K\u010d\/noc, sn\u00eddan\u011b: 70K\u010d\/os\/den, pobytov\u00e1 taxa: 15 K\u010d\/os)<\/p>\n<p><strong>Penzion u Rudolfa<\/strong> \/ <a href=\"http:\/\/penzionurudolfa.cz\" target=\"_blank\">penzionurudolfa.cz<\/a><br \/>\n(1 osoba od 495 K\u010d\/os., 2 osoby od 400 K\u010d\/os., sn\u00eddan\u011b od 65 K\u010d, ubytovac\u00ed poplatek 20 K\u010d\/os.\/den)<\/p>\n<p><strong>Penzion 4 Dvory<\/strong> \/ <a href=\"http:\/\/penzion4dvory.cz\" target=\"_blank\">penzion4dvory.cz<\/a><br \/>\n(1 osoba\/noc na jednol\u016f\u017ekov\u00e9m pokoji 390 K\u010d, 1 osoba\/noc na dvou a t\u0159\u00edl\u016f\u017ekov\u00e9m pokoji \u010di apartm\u00e1nu 490-650 K\u010d dle obsazenosti, 1 osoba\/noc na \u010dty\u0159l\u016f\u017ekov\u00e9m a\u017e sedmil\u016f\u017ekov\u00e9m apartm\u00e1nu 440 K\u010d p\u0159i pln\u00e9 obsazenosti)<\/p>\n<p><strong>SPORT HOTEL \u010cesk\u00e9 Bud\u011bjovice<\/strong> \/ <a href=\"http:\/\/sporthotelcb.cz\" target=\"_blank\">sporthotelcb.cz<\/a><br \/>\n(dvoul\u016f\u017ekov\u00fd Standard [2+0] 950 K\u010d\/1 os., 1 480 K\u010d\/2 os., dvoul\u016f\u017ekov\u00fd pokoj Superior [2+0] 1 150 K\u010d\/1 os., 1 780 K\u010d\/2 os., t\u0159\u00edl\u016f\u017ekov\u00fd pokoj [3+0] 1 200 K\u010d\/1 os., 1 480 K\u010d\/2 os., 2 100 K\u010d\/3 os.)<\/p>\n<p><strong>Penzion Smetanka<\/strong> \/ <a href=\"http:\/\/www.penzion-cbudejovice.cz\" target=\"_blank\">www.penzion-cbudejovice.cz<\/a><br \/>\n(apartm\u00e1n 1 l\u016f\u017ekov\u00fd 890 K\u010d\/apartm\u00e1n\/noc, apartm\u00e1n 2 l\u016f\u017ekov\u00fd 1.190 K\u010d\/apartm\u00e1n\/noc, apartm\u00e1n 3 l\u016f\u017ekov\u00fd 1590 K\u010d\/apartm\u00e1n\/noc)<\/p>\n<p><strong>Hotel Z\u00e1tk\u016fv d\u016fm<\/strong> \/ <a href=\"http:\/\/zatkuvdum.cz\" target=\"_blank\">zatkuvdum.cz<\/a><br \/>\n(jednol\u016f\u017ekov\u00fd pokoj 900 K\u010d, 1200 K\u010d; dvoul\u016f\u017ekov\u00fd pokoj 1100 K\u010d, 1600 K\u010d; t\u0159\u00edl\u016f\u017ekov\u00fd pokoj 1350 K\u010d, 1800 K\u010d)<\/p>\n<p style=\"text-align: center;\"><iframe loading=\"lazy\" src=\"https:\/\/www.google.com\/maps\/d\/embed?mid=15-8asnG3_R5YKS31nm0I5wZBLbw&amp;hl=cs\" width=\"640\" height=\"480\"><\/iframe><\/p>\n<p>Dal\u0161\u00ed mo\u017enosti viz <a href=\"https:\/\/www.booking.com\/accommodation\/city\/cz\/ceske-budejovice.cs.html\" target=\"_blank\">https:\/\/www.booking.com\/accommodation\/city\/cz\/ceske-budejovice.cs.html<\/a><\/p>\n","protected":false},"excerpt":{"rendered":"<p>Ubytov\u00e1n\u00ed na konferenci si za\u0159izuje ka\u017ed\u00fd \u00fa\u010dastn\u00edk s\u00e1m. N\u00ed\u017ee uv\u00e1d\u00edme v\u00fdb\u011br vhodn\u00fdch ubytovac\u00edch za\u0159\u00edzen\u00ed v\u00a0r\u016fzn\u00fdch cenov\u00fdch kategori\u00edch. P\u0159ehled je pouze informativn\u00ed, uveden\u00e9 ceny byly p\u0159evzaty z ve\u0159ejn\u011b dostupn\u00fdch cen\u00edk\u016f p\u0159\u00edslu\u0161n\u00fdch za\u0159\u00edzen\u00ed dne 26. 9. 2017 a nem\u016f\u017eeme garantovat jejich st\u00e1lost. Hotelu U T\u0159\u00ed lv\u016f Cena za jednu noc je 600 K\u010d za jednol\u016f\u017ekov\u00fd pokoj a &hellip; <a href=\"http:\/\/home.pf.jcu.cz\/~upvm\/2017\/index.php\/ubytovani\/\" class=\"more-link\">Pokra\u010dovat ve \u010dten\u00ed<span class=\"screen-reader-text\"> &#8222;Ubytov\u00e1n\u00ed&#8220;<\/span><\/a><\/p>\n","protected":false},"author":3,"featured_media":0,"parent":0,"menu_order":0,"comment_status":"closed","ping_status":"open","template":"","meta":{"footnotes":""},"class_list":["post-61","page","type-page","status-publish","hentry"],"_links":{"self":[{"href":"http:\/\/home.pf.jcu.cz\/~upvm\/2017\/index.php\/wp-json\/wp\/v2\/pages\/61","targetHints":{"allow":["GET"]}}],"collection":[{"href":"http:\/\/home.pf.jcu.cz\/~upvm\/2017\/index.php\/wp-json\/wp\/v2\/pages"}],"about":[{"href":"http:\/\/home.pf.jcu.cz\/~upvm\/2017\/index.php\/wp-json\/wp\/v2\/types\/page"}],"author":[{"embeddable":true,"href":"http:\/\/home.pf.jcu.cz\/~upvm\/2017\/index.php\/wp-json\/wp\/v2\/users\/3"}],"replies":[{"embeddable":true,"href":"http:\/\/home.pf.jcu.cz\/~upvm\/2017\/index.php\/wp-json\/wp\/v2\/comments?post=61"}],"version-history":[{"count":20,"href":"http:\/\/home.pf.jcu.cz\/~upvm\/2017\/index.php\/wp-json\/wp\/v2\/pages\/61\/revisions"}],"predecessor-version":[{"id":949,"href":"http:\/\/home.pf.jcu.cz\/~upvm\/2017\/index.php\/wp-json\/wp\/v2\/pages\/61\/revisions\/949"}],"wp:attachment":[{"href":"http:\/\/home.pf.jcu.cz\/~upvm\/2017\/index.php\/wp-json\/wp\/v2\/media?parent=61"}],"curies":[{"name":"wp","href":"https:\/\/api.w.org\/{rel}","templated":true}]}}