{"id":169,"date":"2012-02-27T08:39:26","date_gmt":"2012-02-27T08:39:26","guid":{"rendered":"http:\/\/home.pf.jcu.cz\/~upvvm\/2011\/?page_id=169"},"modified":"2020-03-19T19:13:28","modified_gmt":"2020-03-19T18:13:28","slug":"sbornik-2","status":"publish","type":"page","link":"http:\/\/home.pf.jcu.cz\/~upvm\/2019\/index.php\/sbornik-2\/","title":{"rendered":"Sborn\u00edk"},"content":{"rendered":"\n<p><strong>Sborn\u00edk p\u0159\u00edsp\u011bvk\u016f 9. konference U\u017eit\u00ed po\u010d\u00edta\u010d\u016f ve v\u00fduce matematiky<\/strong><\/p>\n\n\n\n<p>Jiho\u010desk\u00e1 univerzita v \u010cesk\u00fdch Bud\u011bjovic\u00edch, 2019<\/p>\n\n\n\n<p>978-80-7394-795-8<\/p>\n\n\n\n<p><a href=\"http:\/\/home.pf.jcu.cz\/~upvm\/2019\/wp-content\/uploads\/Sborn\u00edk_UPVM_2019.pdf\" class=\"mtli_attachment mtli_pdf\">Sborn\u00edk<\/a><\/p>\n","protected":false},"excerpt":{"rendered":"<p>Sborn\u00edk p\u0159\u00edsp\u011bvk\u016f 9. konference U\u017eit\u00ed po\u010d\u00edta\u010d\u016f ve v\u00fduce matematiky Jiho\u010desk\u00e1 univerzita v \u010cesk\u00fdch Bud\u011bjovic\u00edch, 2019 978-80-7394-795-8 Sborn\u00edk<\/p>\n","protected":false},"author":4,"featured_media":0,"parent":0,"menu_order":0,"comment_status":"closed","ping_status":"open","template":"","meta":{"footnotes":""},"class_list":["post-169","page","type-page","status-publish","hentry"],"_links":{"self":[{"href":"http:\/\/home.pf.jcu.cz\/~upvm\/2019\/index.php\/wp-json\/wp\/v2\/pages\/169","targetHints":{"allow":["GET"]}}],"collection":[{"href":"http:\/\/home.pf.jcu.cz\/~upvm\/2019\/index.php\/wp-json\/wp\/v2\/pages"}],"about":[{"href":"http:\/\/home.pf.jcu.cz\/~upvm\/2019\/index.php\/wp-json\/wp\/v2\/types\/page"}],"author":[{"embeddable":true,"href":"http:\/\/home.pf.jcu.cz\/~upvm\/2019\/index.php\/wp-json\/wp\/v2\/users\/4"}],"replies":[{"embeddable":true,"href":"http:\/\/home.pf.jcu.cz\/~upvm\/2019\/index.php\/wp-json\/wp\/v2\/comments?post=169"}],"version-history":[{"count":2,"href":"http:\/\/home.pf.jcu.cz\/~upvm\/2019\/index.php\/wp-json\/wp\/v2\/pages\/169\/revisions"}],"predecessor-version":[{"id":857,"href":"http:\/\/home.pf.jcu.cz\/~upvm\/2019\/index.php\/wp-json\/wp\/v2\/pages\/169\/revisions\/857"}],"wp:attachment":[{"href":"http:\/\/home.pf.jcu.cz\/~upvm\/2019\/index.php\/wp-json\/wp\/v2\/media?parent=169"}],"curies":[{"name":"wp","href":"https:\/\/api.w.org\/{rel}","templated":true}]}}