{"id":225,"date":"2013-03-08T15:17:44","date_gmt":"2013-03-08T15:17:44","guid":{"rendered":"http:\/\/home.pf.jcu.cz\/~upvvm\/2013\/?page_id=225"},"modified":"2019-10-22T14:20:19","modified_gmt":"2019-10-22T12:20:19","slug":"doprovodny-program","status":"publish","type":"page","link":"http:\/\/home.pf.jcu.cz\/~upvm\/2019\/index.php\/doprovodny-program\/","title":{"rendered":"Doprovodn\u00fd program"},"content":{"rendered":"<div class=\"entry-content\">\n<p>\u010ctvrte\u010dn\u00ed ve\u010der (7. listopadu) je tradi\u010dn\u011b v\u011bnov\u00e1n proch\u00e1zce po historicky, um\u011blecky i stavebn\u011b pozoruhodn\u00fdch m\u00edstech \u010cesk\u00fdch Bud\u011bjovic s odborn\u00fdm v\u00fdkladem.<\/p>\n<p>V\u00fdchoz\u00ed bod: Samsonova ka\u0161na na n\u00e1m\u011bst\u00ed P\u0159emysla Otakara II. (48\u00b058\u201928.371\u2033N, 14\u00b028\u201927.494\u2033E).<\/p>\n<p>\u010cas: 19:00 hodin.<\/p>\n<\/div>\n","protected":false},"excerpt":{"rendered":"<p>\u010ctvrte\u010dn\u00ed ve\u010der (7. listopadu) je tradi\u010dn\u011b v\u011bnov\u00e1n proch\u00e1zce po historicky, um\u011blecky i stavebn\u011b pozoruhodn\u00fdch m\u00edstech \u010cesk\u00fdch Bud\u011bjovic s odborn\u00fdm v\u00fdkladem. V\u00fdchoz\u00ed bod: Samsonova ka\u0161na na n\u00e1m\u011bst\u00ed P\u0159emysla Otakara II. (48\u00b058\u201928.371\u2033N, 14\u00b028\u201927.494\u2033E). \u010cas: 19:00 hodin.<\/p>\n","protected":false},"author":4,"featured_media":0,"parent":0,"menu_order":0,"comment_status":"closed","ping_status":"closed","template":"","meta":{"footnotes":""},"class_list":["post-225","page","type-page","status-publish","hentry"],"_links":{"self":[{"href":"http:\/\/home.pf.jcu.cz\/~upvm\/2019\/index.php\/wp-json\/wp\/v2\/pages\/225","targetHints":{"allow":["GET"]}}],"collection":[{"href":"http:\/\/home.pf.jcu.cz\/~upvm\/2019\/index.php\/wp-json\/wp\/v2\/pages"}],"about":[{"href":"http:\/\/home.pf.jcu.cz\/~upvm\/2019\/index.php\/wp-json\/wp\/v2\/types\/page"}],"author":[{"embeddable":true,"href":"http:\/\/home.pf.jcu.cz\/~upvm\/2019\/index.php\/wp-json\/wp\/v2\/users\/4"}],"replies":[{"embeddable":true,"href":"http:\/\/home.pf.jcu.cz\/~upvm\/2019\/index.php\/wp-json\/wp\/v2\/comments?post=225"}],"version-history":[{"count":1,"href":"http:\/\/home.pf.jcu.cz\/~upvm\/2019\/index.php\/wp-json\/wp\/v2\/pages\/225\/revisions"}],"predecessor-version":[{"id":818,"href":"http:\/\/home.pf.jcu.cz\/~upvm\/2019\/index.php\/wp-json\/wp\/v2\/pages\/225\/revisions\/818"}],"wp:attachment":[{"href":"http:\/\/home.pf.jcu.cz\/~upvm\/2019\/index.php\/wp-json\/wp\/v2\/media?parent=225"}],"curies":[{"name":"wp","href":"https:\/\/api.w.org\/{rel}","templated":true}]}}