{"id":270,"date":"2013-06-25T08:54:44","date_gmt":"2013-06-25T08:54:44","guid":{"rendered":"http:\/\/home.pf.jcu.cz\/~upvvm\/2013\/?page_id=270"},"modified":"2019-04-30T13:04:21","modified_gmt":"2019-04-30T11:04:21","slug":"english-info","status":"publish","type":"page","link":"http:\/\/home.pf.jcu.cz\/~upvm\/2019\/index.php\/english-info\/","title":{"rendered":"English info"},"content":{"rendered":"<p>Department of Mathematics of the Faculty of Education, University of South Bohemia in \u010cesk\u00e9 Bud\u011bjovice together with Society of Mathematics Teachers (SUMA J\u010cMF) organize the 8th conference<\/p>\n<h3 style=\"text-align: center;\">The Use of Computers in Mathematics Education<\/h3>\n<p style=\"text-align: center;\"><b>November 7 \u2013 9, 2019<\/b><\/p>\n<p style=\"text-align: left;\">The conference \"The Use of Computers in Mathematics Education\" is a biennial conference. It gives the participants (mathematics teachers across different school levels, educational experts and teacher educators) the opportunity to share their experience with the use of informational technologies in mathematics education. The conference is organized in the form of presentations, workshops and plenary lectures.<\/p>\n<p><b>Conference topics<\/b><\/p>\n<ul>\n<li>the role of a computer in mathematics education,<\/li>\n<li>influence of the use of computers on the educational content,<\/li>\n<li>the role of a teacher in the computer assisted education,<\/li>\n<li>influence of the use of computers on the development of the mathematical and financial literacy.<\/li>\n<\/ul>\n<p>The conference topics will be discussed in the following sections:<\/p>\n<ol>\n<li>General issues of the use of computers in mathematics education<\/li>\n<li>Dynamic geometry systems in mathematics education (Cabri, Cinderella, GeoGebra, \u2026)<\/li>\n<li>Computer algebra systems in mathematics education (Maple, Mathematica, wxMaxima\u2026)<\/li>\n<li>Other mathematical software and smart boards in application of mathematics (Financial mathematics, STEM, etc.).<\/li>\n<\/ol>\n<p align=\"left\">During the conference, workshops on the use of particular mathematical software will be organized.<\/p>\n<p><b>Conference Venue<\/b><\/p>\n<p align=\"left\">Conference hall of the University of South Bohemia<br \/>\n(informally called \u201cBob\u00edk\u201d)<br \/>\nStudentsk\u00e1 800\/15, \u010cty\u0159i Dvory, \u010cesk\u00e9 Bud\u011bjovice<br \/>\nGPS: 48\u00b058'40.613\"N, 14\u00b026'59.002\"E<\/p>\n<p align=\"left\"><b>Contact address<\/b><\/p>\n<p align=\"left\">doc. RNDr. Helena Binterov\u00e1, Ph.D.<\/p>\n<p align=\"left\">Pedagogick\u00e1 fakulta JU v \u010c. Bud\u011bjovic\u00edch<br \/>\nJeron\u00fdmova 10,<br \/>\n371 15 \u010cesk\u00e9 Bud\u011bjovice<br \/>\ntel.: 387773087, 739 323 431<\/p>\n<p>e-mail: <a href=\"mailto:hbinter@pf.jcu.cz\">hbinter@pf.jcu.cz<\/a><\/p>\n","protected":false},"excerpt":{"rendered":"<p>Department of Mathematics of the Faculty of Education, University of South Bohemia in \u010cesk\u00e9 Bud\u011bjovice together with Society of Mathematics Teachers (SUMA J\u010cMF) organize the 8th conference The Use of Computers in Mathematics Education November 7 \u2013 9, 2019 The conference &#8222;The Use of Computers in Mathematics Education&#8220; is a biennial conference. It gives the &hellip; <a href=\"http:\/\/home.pf.jcu.cz\/~upvm\/2019\/index.php\/english-info\/\" class=\"more-link\">Pokra\u010dovat ve \u010dten\u00ed<span class=\"screen-reader-text\"> &#8222;English info&#8220;<\/span><\/a><\/p>\n","protected":false},"author":4,"featured_media":0,"parent":0,"menu_order":0,"comment_status":"closed","ping_status":"closed","template":"","meta":{"footnotes":""},"class_list":["post-270","page","type-page","status-publish","hentry"],"_links":{"self":[{"href":"http:\/\/home.pf.jcu.cz\/~upvm\/2019\/index.php\/wp-json\/wp\/v2\/pages\/270","targetHints":{"allow":["GET"]}}],"collection":[{"href":"http:\/\/home.pf.jcu.cz\/~upvm\/2019\/index.php\/wp-json\/wp\/v2\/pages"}],"about":[{"href":"http:\/\/home.pf.jcu.cz\/~upvm\/2019\/index.php\/wp-json\/wp\/v2\/types\/page"}],"author":[{"embeddable":true,"href":"http:\/\/home.pf.jcu.cz\/~upvm\/2019\/index.php\/wp-json\/wp\/v2\/users\/4"}],"replies":[{"embeddable":true,"href":"http:\/\/home.pf.jcu.cz\/~upvm\/2019\/index.php\/wp-json\/wp\/v2\/comments?post=270"}],"version-history":[{"count":1,"href":"http:\/\/home.pf.jcu.cz\/~upvm\/2019\/index.php\/wp-json\/wp\/v2\/pages\/270\/revisions"}],"predecessor-version":[{"id":705,"href":"http:\/\/home.pf.jcu.cz\/~upvm\/2019\/index.php\/wp-json\/wp\/v2\/pages\/270\/revisions\/705"}],"wp:attachment":[{"href":"http:\/\/home.pf.jcu.cz\/~upvm\/2019\/index.php\/wp-json\/wp\/v2\/media?parent=270"}],"curies":[{"name":"wp","href":"https:\/\/api.w.org\/{rel}","templated":true}]}}