{"id":391,"date":"2015-10-30T12:09:47","date_gmt":"2015-10-30T12:09:47","guid":{"rendered":"http:\/\/home.pf.jcu.cz\/~upvvm\/2015\/?page_id=391"},"modified":"2019-10-29T17:11:10","modified_gmt":"2019-10-29T16:11:10","slug":"workshopy","status":"publish","type":"page","link":"http:\/\/home.pf.jcu.cz\/~upvm\/2019\/index.php\/workshopy\/","title":{"rendered":"Workshopy"},"content":{"rendered":"<p>Na konferenci jsou zat\u00edm p\u0159ihl\u00e1\u0161eny tyto workshopy:<\/p>\n<p><strong>Concept Cartoons jako v\u00fdukov\u00e1 pom\u016fcka<br \/><\/strong>Libu\u0161e Samkov\u00e1<strong><br \/><\/strong>Jiho\u010desk\u00e1 univerzita v \u010cesk\u00fdch Bud\u011bjovic\u00edch<strong><br \/><\/strong>[<a href=\"http:\/\/home.pf.jcu.cz\/~upvm\/2019\/wp-content\/uploads\/Anotace_w_Samkova.pdf\" class=\"mtli_attachment mtli_pdf\">Anotace<\/a>]<\/p>\n<p><strong>Pap\u00edr, nebo po\u010d\u00edta\u010d? Chytr\u00e9 je hybridn\u00ed \u0159e\u0161en\u00ed.<br \/><\/strong>Miroslava Nov\u00e1kov\u00e1 a David Musil<strong><br \/><\/strong>Nakladatelstv\u00ed Fraus<strong><br \/><\/strong>[<a href=\"http:\/\/home.pf.jcu.cz\/~upvm\/2019\/wp-content\/uploads\/Anotace_w_FRAUS.pdf\" class=\"mtli_attachment mtli_pdf\">Anotace<\/a><strong>]<br \/><\/strong><\/p>\n<p><strong>Programov\u00e1n\u00ed v JSXGraph<br \/><\/strong>Roman Ha\u0161ek, Pavel Pech, P\u0159emysl Rosa<br \/>Jiho\u010desk\u00e1 univerzita v \u010cesk\u00fdch Bud\u011bjovic\u00edch<br \/>[<a href=\"http:\/\/home.pf.jcu.cz\/~upvm\/2019\/wp-content\/uploads\/Anotace_w_ITEMS.pdf\" class=\"mtli_attachment mtli_pdf\">Anotace<\/a>]<strong><br \/><\/strong><\/p>\n<p><strong>Robotick\u00e9 hra\u010dky ve v\u00fduce matematiky na z\u00e1kladn\u00ed \u0161kole<br \/><\/strong>Blanka J\u00e1chimov\u00e1<br \/>Z\u00e1kladn\u00ed \u0161kola a Z\u00e1kladn\u00ed um\u011bleck\u00e1 \u0161kola Zliv<br \/>[<a href=\"http:\/\/home.pf.jcu.cz\/~upvm\/2019\/wp-content\/uploads\/Anotace_w_Jachimova.pdf\" class=\"mtli_attachment mtli_pdf\">Anotace<\/a>]<\/p>\n<p><strong>Vyu\u017eit\u00ed kalkul\u00e1tor\u016f p\u0159i v\u00fduce<br \/><\/strong>Josef Rak<br \/>FAST \u010cR, a.s.<br \/>[<a href=\"http:\/\/home.pf.jcu.cz\/~upvm\/2019\/wp-content\/uploads\/Anotace_w_FAST.pdf\" class=\"mtli_attachment mtli_pdf\">Anotace<\/a>]<\/p>\n<p><strong>Vyu\u017eit\u00ed tabletu p\u0159i v\u00fduce finan\u010dn\u00ed gramotnosti na z\u00e1kladn\u00ed \u0161kole<br \/><\/strong>Jana Dole\u017ealov\u00e1<strong><br \/><\/strong>Z\u00e1kladn\u00ed \u0161kola Vimperk<strong><br \/><\/strong>[<a href=\"http:\/\/home.pf.jcu.cz\/~upvm\/2019\/wp-content\/uploads\/Anotace_w_Dolezalova.pdf\" class=\"mtli_attachment mtli_pdf\">Anotace<\/a>]<strong><br \/><\/strong><\/p>\n<p>\u00a0<\/p>\n\n\n<p><\/p>\n","protected":false},"excerpt":{"rendered":"<p>Na konferenci jsou zat\u00edm p\u0159ihl\u00e1\u0161eny tyto workshopy: Concept Cartoons jako v\u00fdukov\u00e1 pom\u016fckaLibu\u0161e Samkov\u00e1Jiho\u010desk\u00e1 univerzita v \u010cesk\u00fdch Bud\u011bjovic\u00edch[Anotace] Pap\u00edr, nebo po\u010d\u00edta\u010d? Chytr\u00e9 je hybridn\u00ed \u0159e\u0161en\u00ed.Miroslava Nov\u00e1kov\u00e1 a David MusilNakladatelstv\u00ed Fraus[Anotace] Programov\u00e1n\u00ed v JSXGraphRoman Ha\u0161ek, Pavel Pech, P\u0159emysl RosaJiho\u010desk\u00e1 univerzita v \u010cesk\u00fdch Bud\u011bjovic\u00edch[Anotace] Robotick\u00e9 hra\u010dky ve v\u00fduce matematiky na z\u00e1kladn\u00ed \u0161koleBlanka J\u00e1chimov\u00e1Z\u00e1kladn\u00ed \u0161kola a Z\u00e1kladn\u00ed um\u011bleck\u00e1 \u0161kola &hellip; <a href=\"http:\/\/home.pf.jcu.cz\/~upvm\/2019\/index.php\/workshopy\/\" class=\"more-link\">Pokra\u010dovat ve \u010dten\u00ed<span class=\"screen-reader-text\"> &#8222;Workshopy&#8220;<\/span><\/a><\/p>\n","protected":false},"author":4,"featured_media":0,"parent":0,"menu_order":0,"comment_status":"closed","ping_status":"closed","template":"","meta":{"footnotes":""},"class_list":["post-391","page","type-page","status-publish","hentry"],"_links":{"self":[{"href":"http:\/\/home.pf.jcu.cz\/~upvm\/2019\/index.php\/wp-json\/wp\/v2\/pages\/391","targetHints":{"allow":["GET"]}}],"collection":[{"href":"http:\/\/home.pf.jcu.cz\/~upvm\/2019\/index.php\/wp-json\/wp\/v2\/pages"}],"about":[{"href":"http:\/\/home.pf.jcu.cz\/~upvm\/2019\/index.php\/wp-json\/wp\/v2\/types\/page"}],"author":[{"embeddable":true,"href":"http:\/\/home.pf.jcu.cz\/~upvm\/2019\/index.php\/wp-json\/wp\/v2\/users\/4"}],"replies":[{"embeddable":true,"href":"http:\/\/home.pf.jcu.cz\/~upvm\/2019\/index.php\/wp-json\/wp\/v2\/comments?post=391"}],"version-history":[{"count":12,"href":"http:\/\/home.pf.jcu.cz\/~upvm\/2019\/index.php\/wp-json\/wp\/v2\/pages\/391\/revisions"}],"predecessor-version":[{"id":821,"href":"http:\/\/home.pf.jcu.cz\/~upvm\/2019\/index.php\/wp-json\/wp\/v2\/pages\/391\/revisions\/821"}],"wp:attachment":[{"href":"http:\/\/home.pf.jcu.cz\/~upvm\/2019\/index.php\/wp-json\/wp\/v2\/media?parent=391"}],"curies":[{"name":"wp","href":"https:\/\/api.w.org\/{rel}","templated":true}]}}