{"id":48,"date":"2017-02-20T23:36:03","date_gmt":"2017-02-20T22:36:03","guid":{"rendered":"http:\/\/home.pf.jcu.cz\/~upvvm\/2017\/?page_id=48"},"modified":"2021-03-05T03:25:54","modified_gmt":"2021-03-05T02:25:54","slug":"dobry-den","status":"publish","type":"page","link":"http:\/\/home.pf.jcu.cz\/~upvm\/2019\/","title":{"rendered":"\u00davod"},"content":{"rendered":"<p>Toto je archivn\u00ed str\u00e1nka - mo\u017en\u00e1 hled\u00e1te <strong><a href=\"http:\/\/home.pf.jcu.cz\/~upvm\">AKTU\u00c1LN\u00cd RO\u010cN\u00cdK KONFERENCE UPVM 2021<\/a><\/strong>.<\/p>\n<p>Ve dnech od 7. do 9. listopadu 2019 po\u0159\u00e1dali <a title=\"Katedra matematiky\" href=\"http:\/\/www.pf.jcu.cz\/stru\/katedry\/m\/\" target=\"_blank\" rel=\"noopener noreferrer\">Katedra matematiky<\/a> Pedagogick\u00e9 fakulty Jiho\u010desk\u00e9 univerzity v\u00a0\u010cesk\u00fdch Bud\u011bjovic\u00edch, <a title=\"SUMA\" href=\"http:\/\/www.suma.jcmf.cz\" target=\"_blank\" rel=\"noopener noreferrer\">Spole\u010dnost u\u010ditel\u016f matematiky<\/a> J\u010cMF a Jednota \u010desk\u00fdch matematik\u016f a fyzik\u016f, <a title=\"pobo\u010dn\u00fd spolek \u010cesk\u00e9 Bud\u011bjovice\" href=\"http:\/\/home.pf.jcu.cz\/~jcmf\/\" target=\"_blank\" rel=\"noopener noreferrer\">pobo\u010dn\u00fd spolek \u010cesk\u00e9 Bud\u011bjovice<\/a> v po\u0159ad\u00ed 9. ro\u010dn\u00edk konference <strong>U\u017eit\u00ed po\u010d\u00edta\u010d\u016f ve v\u00fduce matematiky<\/strong>.<\/p>\n<p><img loading=\"lazy\" decoding=\"async\" class=\"aligncenter size-full wp-image-419\" src=\"http:\/\/home.pf.jcu.cz\/~upvvm\/2017\/wp-content\/uploads\/2017\/02\/logo_upvvm.jpg\" alt=\"Pr\u00e1ce \u017e\u00e1k\u016f na po\u010d\u00edta\u010di\" width=\"346\" height=\"198\" \/><\/p>\n<p><strong>Konference je akreditov\u00e1na M\u0160MT \u010cR jako sou\u010d\u00e1st dal\u0161\u00edho vzd\u011bl\u00e1v\u00e1n\u00ed u\u010ditel\u016f. Akreditace byla ud\u011blena pod \u010d. j.: MSMT- 16093\/2019-1-558.<\/strong><\/p>\n<p>Konference\u00a0se kon\u00e1 jednou za dva roky a jej\u00edm c\u00edlem je shrom\u00e1\u017edit u\u010ditele matematiky z r\u016fzn\u00fdch typ\u016f \u0161kol a odborn\u00edky z oblasti \u0161kolstv\u00ed k diskus\u00edm nejenom nad t\u011bmito t\u00e9maty:<\/p>\n<ul>\n<li>role po\u010d\u00edta\u010de ve vyu\u010dov\u00e1n\u00ed matematiky,<\/li>\n<li>vliv po\u010d\u00edta\u010de na obsah vyu\u010dov\u00e1n\u00ed,<\/li>\n<li>role u\u010ditele p\u0159i v\u00fduce podporovan\u00e9 po\u010d\u00edta\u010dem,<\/li>\n<li>vliv po\u010d\u00edta\u010de na rozvoj matematick\u00e9 a finan\u010dn\u00ed gramotnosti,<\/li>\n<li>sou\u010dasn\u00e9 pojet\u00ed v\u00fduky matematiky.<\/li>\n<\/ul>\n<p>Refer\u00e1ty a diskuse k uveden\u00fdm t\u00e9mat\u016fm budou prob\u00edhat v sekc\u00edch:<\/p>\n<ol>\n<li>obecn\u00e9 ot\u00e1zky v\u00fduky matematiky,<\/li>\n<li>dynamick\u00e9 syst\u00e9my ve v\u00fduce matematiky (GeoGebra, Sketchometry, \u2026),<\/li>\n<li>syst\u00e9my po\u010d\u00edta\u010dov\u00e9 algebry (Maple, Mathematica, wxMaxima, \u2026),<\/li>\n<li>ostatn\u00ed matematick\u00fd software, interaktivn\u00ed tabule a dotykov\u00e1 za\u0159\u00edzen\u00ed v\u00a0r\u016fzn\u00fdch discipl\u00edn\u00e1ch aplikuj\u00edc\u00edch matematick\u00e9 postupy (fyzika, finan\u010dn\u00ed matematika, discipl\u00edny STEM aj.).<\/li>\n<\/ol>\n<p>V\u00a0r\u00e1mci konference prob\u011bhnou workshopy pro za\u010d\u00e1te\u010dn\u00edky i pokro\u010dil\u00e9 nejen k\u00a0pou\u017e\u00edv\u00e1n\u00ed matematick\u00e9ho softwaru, ale i k\u00a0vyu\u017eit\u00ed dal\u0161\u00edch technologi\u00ed ve vzd\u011bl\u00e1v\u00e1n\u00ed.<\/p>\n<p>Do programu bude za\u0159azen kulat\u00fd st\u016fl na t\u00e9ma <em>P<\/em><em>ot\u0159eby a mo\u017enosti implementace digit\u00e1ln\u00edch technologi\u00ed do v\u00fduky na Z\u0160 a S\u0160 <\/em>(<a href=\"http:\/\/home.pf.jcu.cz\/~upvm\/2019\/wp-content\/uploads\/DG_KS_UPVM_2019.pdf\" class=\"mtli_attachment mtli_pdf\">pozv\u00e1nka<\/a>) v r\u00e1mci projektu <em>Podpora rozvoje digit\u00e1ln\u00ed gramotnosti<\/em>.<\/p>\n<p>\u00a0<\/p>\n<blockquote>\n<p>Konference je akreditov\u00e1na M\u0160MT \u010cR jako sou\u010d\u00e1st dal\u0161\u00edho vzd\u011bl\u00e1v\u00e1n\u00ed u\u010ditel\u016f (16 hodinov\u00fd kurz v r\u00e1mci \u0161ablon - matematick\u00e1 gramotnost).<\/p>\n<\/blockquote>\n\n\n<p><\/p>\n","protected":false},"excerpt":{"rendered":"<p>Toto je archivn\u00ed str\u00e1nka &#8211; mo\u017en\u00e1 hled\u00e1te AKTU\u00c1LN\u00cd RO\u010cN\u00cdK KONFERENCE UPVM 2021. Ve dnech od 7. do 9. listopadu 2019 po\u0159\u00e1dali Katedra matematiky Pedagogick\u00e9 fakulty Jiho\u010desk\u00e9 univerzity v\u00a0\u010cesk\u00fdch Bud\u011bjovic\u00edch, Spole\u010dnost u\u010ditel\u016f matematiky J\u010cMF a Jednota \u010desk\u00fdch matematik\u016f a fyzik\u016f, pobo\u010dn\u00fd spolek \u010cesk\u00e9 Bud\u011bjovice v po\u0159ad\u00ed 9. ro\u010dn\u00edk konference U\u017eit\u00ed po\u010d\u00edta\u010d\u016f ve v\u00fduce matematiky. Konference je &hellip; <a href=\"http:\/\/home.pf.jcu.cz\/~upvm\/2019\/\" class=\"more-link\">Pokra\u010dovat ve \u010dten\u00ed<span class=\"screen-reader-text\"> &#8222;\u00davod&#8220;<\/span><\/a><\/p>\n","protected":false},"author":4,"featured_media":0,"parent":0,"menu_order":0,"comment_status":"closed","ping_status":"closed","template":"","meta":{"footnotes":""},"class_list":["post-48","page","type-page","status-publish","hentry"],"_links":{"self":[{"href":"http:\/\/home.pf.jcu.cz\/~upvm\/2019\/index.php\/wp-json\/wp\/v2\/pages\/48","targetHints":{"allow":["GET"]}}],"collection":[{"href":"http:\/\/home.pf.jcu.cz\/~upvm\/2019\/index.php\/wp-json\/wp\/v2\/pages"}],"about":[{"href":"http:\/\/home.pf.jcu.cz\/~upvm\/2019\/index.php\/wp-json\/wp\/v2\/types\/page"}],"author":[{"embeddable":true,"href":"http:\/\/home.pf.jcu.cz\/~upvm\/2019\/index.php\/wp-json\/wp\/v2\/users\/4"}],"replies":[{"embeddable":true,"href":"http:\/\/home.pf.jcu.cz\/~upvm\/2019\/index.php\/wp-json\/wp\/v2\/comments?post=48"}],"version-history":[{"count":12,"href":"http:\/\/home.pf.jcu.cz\/~upvm\/2019\/index.php\/wp-json\/wp\/v2\/pages\/48\/revisions"}],"predecessor-version":[{"id":865,"href":"http:\/\/home.pf.jcu.cz\/~upvm\/2019\/index.php\/wp-json\/wp\/v2\/pages\/48\/revisions\/865"}],"wp:attachment":[{"href":"http:\/\/home.pf.jcu.cz\/~upvm\/2019\/index.php\/wp-json\/wp\/v2\/media?parent=48"}],"curies":[{"name":"wp","href":"https:\/\/api.w.org\/{rel}","templated":true}]}}