{"id":55,"date":"2011-02-19T12:52:00","date_gmt":"2011-02-19T12:52:00","guid":{"rendered":"http:\/\/localhost\/upvvm\/2011\/?page_id=11"},"modified":"2019-12-08T22:30:10","modified_gmt":"2019-12-08T21:30:10","slug":"instrukce-pro-autory","status":"publish","type":"page","link":"http:\/\/home.pf.jcu.cz\/~upvm\/2019\/index.php\/instrukce-pro-autory\/","title":{"rendered":"Instrukce pro autory"},"content":{"rendered":"<blockquote><p>P\u0159\u00edsp\u011bvky, kter\u00e9 nebudou prezentov\u00e1ny na konferenci, nebudou za\u0159azeny do sborn\u00edku.<\/p><\/blockquote>\n<blockquote><p>Sborn\u00edk je recenzov\u00e1n.<\/p><\/blockquote>\n<h5>I. Forma p\u0159\u00edsp\u011bvku<\/h5>\n<p>Zdrojov\u00fd soubor \u010dl\u00e1nku\u00a0(MS Word, TeX) spolu se souborem form\u00e1tu PDF. Sborn\u00edk konference bude publikov\u00e1n online na str\u00e1nce konference. Rozsah p\u0159\u00edsp\u011bvku proto nen\u00ed omezen a je mo\u017eno pou\u017e\u00edt barevn\u00e9 obr\u00e1zky.<\/p>\n<p>Uveden\u00e9 soubory pros\u00edm za\u0161lete na adresu rosapr00@pf.jcu.cz<\/p>\n<h5>II.\u00a0Vzhled p\u0159\u00edsp\u011bvku<\/h5>\n<p>K tvorb\u011b p\u0159\u00edsp\u011bvku vyu\u017eijte \u0161ablonu v MS Word (<a href=\"http:\/\/home.pf.jcu.cz\/~upvm\/2019\/wp-content\/uploads\/UPVM_sablona.docx\" class=\"mtli_attachment mtli_docx\">\u0161ablona<\/a>) nebo v TeXu (<a href=\"http:\/\/home.pf.jcu.cz\/~upvm\/2017\/wp-content\/uploads\/2011\/02\/UPVM_latex_sablona.zip\" class=\"mtli_attachment mtli_zip\">\u0161ablona<\/a> v archivu ZIP). Na konci\u00a0p\u0159\u00edsp\u011bvku neopome\u0148te vyplnit adresy autor\u016f.<\/p>\n","protected":false},"excerpt":{"rendered":"<p>P\u0159\u00edsp\u011bvky, kter\u00e9 nebudou prezentov\u00e1ny na konferenci, nebudou za\u0159azeny do sborn\u00edku. Sborn\u00edk je recenzov\u00e1n. I. Forma p\u0159\u00edsp\u011bvku Zdrojov\u00fd soubor \u010dl\u00e1nku\u00a0(MS Word, TeX) spolu se souborem form\u00e1tu PDF. Sborn\u00edk konference bude publikov\u00e1n online na str\u00e1nce konference. Rozsah p\u0159\u00edsp\u011bvku proto nen\u00ed omezen a je mo\u017eno pou\u017e\u00edt barevn\u00e9 obr\u00e1zky. Uveden\u00e9 soubory pros\u00edm za\u0161lete na adresu rosapr00@pf.jcu.cz II.\u00a0Vzhled p\u0159\u00edsp\u011bvku K &hellip; <a href=\"http:\/\/home.pf.jcu.cz\/~upvm\/2019\/index.php\/instrukce-pro-autory\/\" class=\"more-link\">Pokra\u010dovat ve \u010dten\u00ed<span class=\"screen-reader-text\"> &#8222;Instrukce pro autory&#8220;<\/span><\/a><\/p>\n","protected":false},"author":4,"featured_media":0,"parent":0,"menu_order":10,"comment_status":"closed","ping_status":"open","template":"","meta":{"footnotes":""},"class_list":["post-55","page","type-page","status-publish","hentry"],"_links":{"self":[{"href":"http:\/\/home.pf.jcu.cz\/~upvm\/2019\/index.php\/wp-json\/wp\/v2\/pages\/55","targetHints":{"allow":["GET"]}}],"collection":[{"href":"http:\/\/home.pf.jcu.cz\/~upvm\/2019\/index.php\/wp-json\/wp\/v2\/pages"}],"about":[{"href":"http:\/\/home.pf.jcu.cz\/~upvm\/2019\/index.php\/wp-json\/wp\/v2\/types\/page"}],"author":[{"embeddable":true,"href":"http:\/\/home.pf.jcu.cz\/~upvm\/2019\/index.php\/wp-json\/wp\/v2\/users\/4"}],"replies":[{"embeddable":true,"href":"http:\/\/home.pf.jcu.cz\/~upvm\/2019\/index.php\/wp-json\/wp\/v2\/comments?post=55"}],"version-history":[{"count":5,"href":"http:\/\/home.pf.jcu.cz\/~upvm\/2019\/index.php\/wp-json\/wp\/v2\/pages\/55\/revisions"}],"predecessor-version":[{"id":854,"href":"http:\/\/home.pf.jcu.cz\/~upvm\/2019\/index.php\/wp-json\/wp\/v2\/pages\/55\/revisions\/854"}],"wp:attachment":[{"href":"http:\/\/home.pf.jcu.cz\/~upvm\/2019\/index.php\/wp-json\/wp\/v2\/media?parent=55"}],"curies":[{"name":"wp","href":"https:\/\/api.w.org\/{rel}","templated":true}]}}