{"id":56,"date":"2011-02-19T12:52:22","date_gmt":"2011-02-19T12:52:22","guid":{"rendered":"http:\/\/localhost\/upvvm\/2011\/?page_id=14"},"modified":"2019-09-25T14:00:47","modified_gmt":"2019-09-25T12:00:47","slug":"dulezite-terminy","status":"publish","type":"page","link":"http:\/\/home.pf.jcu.cz\/~upvm\/2019\/index.php\/dulezite-terminy\/","title":{"rendered":"D\u016fle\u017eit\u00e9 term\u00edny"},"content":{"rendered":"<ul>\n<li>14. 10. 2019 - Zasl\u00e1n\u00ed anotace p\u0159\u00edsp\u011bvku (minim\u00e1ln\u011b 800 znak\u016f, maxim\u00e1ln\u011b 1500 znak\u016f, po\u010d\u00edt\u00e1no bez mezer).<br \/><br \/><\/li>\n<li>do 21. 10. 2019 - Vyrozum\u011bn\u00ed o p\u0159ijet\u00ed p\u0159\u00edsp\u011bvku na konferenci.<br \/><br \/><\/li>\n<li>do 27. 9. 2019 - Uhrazen\u00ed zv\u00fdhodn\u011bn\u00e9ho vlo\u017en\u00e9ho 900 K\u010d, pro \u010dleny J\u010cMF 800 K\u010d. Po tomto term\u00ednu \u010din\u00ed vlo\u017en\u00e9 1000 K\u010d, pro \u010dleny J\u010cMF 900 K\u010d.<br \/><br \/><\/li>\n<li>7. 11. 2019 v 10 hodin - Zah\u00e1jen\u00ed konference<br \/><br \/><\/li>\n<li><strong>do 16. 12. 2019<\/strong>\u00a0- Odevzd\u00e1n\u00ed p\u0159\u00edsp\u011bvku do sborn\u00edku konference.<br \/><strong>P\u0159\u00edsp\u011bvek nebude uveden ve sborn\u00edku, pokud nebyl prezentov\u00e1n na konferenci!<\/strong><\/li>\n<\/ul>\n\n\n<p><\/p>\n","protected":false},"excerpt":{"rendered":"<p>14. 10. 2019 &#8211; Zasl\u00e1n\u00ed anotace p\u0159\u00edsp\u011bvku (minim\u00e1ln\u011b 800 znak\u016f, maxim\u00e1ln\u011b 1500 znak\u016f, po\u010d\u00edt\u00e1no bez mezer). do 21. 10. 2019 &#8211; Vyrozum\u011bn\u00ed o p\u0159ijet\u00ed p\u0159\u00edsp\u011bvku na konferenci. do 27. 9. 2019 &#8211; Uhrazen\u00ed zv\u00fdhodn\u011bn\u00e9ho vlo\u017en\u00e9ho 900 K\u010d, pro \u010dleny J\u010cMF 800 K\u010d. Po tomto term\u00ednu \u010din\u00ed vlo\u017en\u00e9 1000 K\u010d, pro \u010dleny J\u010cMF 900 K\u010d. 7. &hellip; <a href=\"http:\/\/home.pf.jcu.cz\/~upvm\/2019\/index.php\/dulezite-terminy\/\" class=\"more-link\">Pokra\u010dovat ve \u010dten\u00ed<span class=\"screen-reader-text\"> &#8222;D\u016fle\u017eit\u00e9 term\u00edny&#8220;<\/span><\/a><\/p>\n","protected":false},"author":4,"featured_media":0,"parent":0,"menu_order":2,"comment_status":"closed","ping_status":"open","template":"","meta":{"footnotes":""},"class_list":["post-56","page","type-page","status-publish","hentry"],"_links":{"self":[{"href":"http:\/\/home.pf.jcu.cz\/~upvm\/2019\/index.php\/wp-json\/wp\/v2\/pages\/56","targetHints":{"allow":["GET"]}}],"collection":[{"href":"http:\/\/home.pf.jcu.cz\/~upvm\/2019\/index.php\/wp-json\/wp\/v2\/pages"}],"about":[{"href":"http:\/\/home.pf.jcu.cz\/~upvm\/2019\/index.php\/wp-json\/wp\/v2\/types\/page"}],"author":[{"embeddable":true,"href":"http:\/\/home.pf.jcu.cz\/~upvm\/2019\/index.php\/wp-json\/wp\/v2\/users\/4"}],"replies":[{"embeddable":true,"href":"http:\/\/home.pf.jcu.cz\/~upvm\/2019\/index.php\/wp-json\/wp\/v2\/comments?post=56"}],"version-history":[{"count":5,"href":"http:\/\/home.pf.jcu.cz\/~upvm\/2019\/index.php\/wp-json\/wp\/v2\/pages\/56\/revisions"}],"predecessor-version":[{"id":766,"href":"http:\/\/home.pf.jcu.cz\/~upvm\/2019\/index.php\/wp-json\/wp\/v2\/pages\/56\/revisions\/766"}],"wp:attachment":[{"href":"http:\/\/home.pf.jcu.cz\/~upvm\/2019\/index.php\/wp-json\/wp\/v2\/media?parent=56"}],"curies":[{"name":"wp","href":"https:\/\/api.w.org\/{rel}","templated":true}]}}