{"id":57,"date":"2011-02-19T12:52:38","date_gmt":"2011-02-19T12:52:38","guid":{"rendered":"http:\/\/localhost\/upvvm\/2011\/?page_id=16"},"modified":"2019-04-29T21:26:27","modified_gmt":"2019-04-29T19:26:27","slug":"misto-konani","status":"publish","type":"page","link":"http:\/\/home.pf.jcu.cz\/~upvm\/2019\/index.php\/misto-konani\/","title":{"rendered":"M\u00edsto kon\u00e1n\u00ed"},"content":{"rendered":"<p>Konference se kon\u00e1 na <a href=\"http:\/\/www.pf.jcu.cz\" target=\"_blank\" rel=\"noopener noreferrer\">Pedagogick\u00e9 fakult\u011b<\/a> Jiho\u010desk\u00e9 univerzity v \u010cesk\u00fdch Bud\u011bjovic\u00edch \u2013 Jeron\u00fdmov\u011b ulici.<\/p>\n<p>Zah\u00e1jen\u00ed, plen\u00e1rn\u00ed p\u0159edn\u00e1\u0161ky a zakon\u010den\u00ed konference se uskute\u010dn\u00ed v <a href=\"https:\/\/www.pf.jcu.cz\/about\/fotogalerie\/alba\/aula.php\" target=\"_blank\" rel=\"noopener noreferrer\"> aule Pedagogick\u00e9 fakulty<\/a>, Dukelsk\u00e1 9, \u010cesk\u00e9 Bud\u011bjovice.<\/p>\n<blockquote>\n<p class=\"section-hero-header-title GLOBAL__gm2-headline-5\">GPS: 48\u00b058'17.0\"N 14\u00b028'38.2\"E<\/p>\n<\/blockquote>\n<p>Jedn\u00e1n\u00ed v sekc\u00edch a workshopy se uskute\u010dn\u00ed v budov\u00e1ch Pedagogick\u00e9 fakulty JU v Jeron\u00fdmov\u011b ulici a Dukelsk\u00e9 ulici.<\/p>\n","protected":false},"excerpt":{"rendered":"<p>Konference se kon\u00e1 na Pedagogick\u00e9 fakult\u011b Jiho\u010desk\u00e9 univerzity v \u010cesk\u00fdch Bud\u011bjovic\u00edch \u2013 Jeron\u00fdmov\u011b ulici. Zah\u00e1jen\u00ed, plen\u00e1rn\u00ed p\u0159edn\u00e1\u0161ky a zakon\u010den\u00ed konference se uskute\u010dn\u00ed v aule Pedagogick\u00e9 fakulty, Dukelsk\u00e1 9, \u010cesk\u00e9 Bud\u011bjovice. GPS: 48\u00b058&#8217;17.0&#8243;N 14\u00b028&#8217;38.2&#8243;E Jedn\u00e1n\u00ed v sekc\u00edch a workshopy se uskute\u010dn\u00ed v budov\u00e1ch Pedagogick\u00e9 fakulty JU v Jeron\u00fdmov\u011b ulici a Dukelsk\u00e9 ulici.<\/p>\n","protected":false},"author":4,"featured_media":0,"parent":0,"menu_order":0,"comment_status":"closed","ping_status":"open","template":"","meta":{"footnotes":""},"class_list":["post-57","page","type-page","status-publish","hentry"],"_links":{"self":[{"href":"http:\/\/home.pf.jcu.cz\/~upvm\/2019\/index.php\/wp-json\/wp\/v2\/pages\/57","targetHints":{"allow":["GET"]}}],"collection":[{"href":"http:\/\/home.pf.jcu.cz\/~upvm\/2019\/index.php\/wp-json\/wp\/v2\/pages"}],"about":[{"href":"http:\/\/home.pf.jcu.cz\/~upvm\/2019\/index.php\/wp-json\/wp\/v2\/types\/page"}],"author":[{"embeddable":true,"href":"http:\/\/home.pf.jcu.cz\/~upvm\/2019\/index.php\/wp-json\/wp\/v2\/users\/4"}],"replies":[{"embeddable":true,"href":"http:\/\/home.pf.jcu.cz\/~upvm\/2019\/index.php\/wp-json\/wp\/v2\/comments?post=57"}],"version-history":[{"count":6,"href":"http:\/\/home.pf.jcu.cz\/~upvm\/2019\/index.php\/wp-json\/wp\/v2\/pages\/57\/revisions"}],"predecessor-version":[{"id":686,"href":"http:\/\/home.pf.jcu.cz\/~upvm\/2019\/index.php\/wp-json\/wp\/v2\/pages\/57\/revisions\/686"}],"wp:attachment":[{"href":"http:\/\/home.pf.jcu.cz\/~upvm\/2019\/index.php\/wp-json\/wp\/v2\/media?parent=57"}],"curies":[{"name":"wp","href":"https:\/\/api.w.org\/{rel}","templated":true}]}}