{"id":59,"date":"2011-02-19T12:55:20","date_gmt":"2011-02-19T12:55:20","guid":{"rendered":"http:\/\/localhost\/upvvm\/2011\/?page_id=21"},"modified":"2019-05-06T23:32:13","modified_gmt":"2019-05-06T21:32:13","slug":"plenarni-prednasky","status":"publish","type":"page","link":"http:\/\/home.pf.jcu.cz\/~upvm\/2019\/index.php\/plenarni-prednasky\/","title":{"rendered":"Plen\u00e1rn\u00ed p\u0159edn\u00e1\u0161ky"},"content":{"rendered":"<p><strong>Visualization with technology \u2013 opportunities and dangers<br \/>\n<\/strong><strong>Dr. Helmut Heugl<br \/>\n<\/strong>[<a href=\"http:\/\/home.pf.jcu.cz\/~upvm\/2019\/wp-content\/uploads\/Anotace_Heugl.pdf\" class=\"mtli_attachment mtli_pdf\" target=\"_blank\" rel=\"noopener noreferrer\">Anotace<\/a>]<\/p>\n<p><strong>St\u0159\u00edpky z v\u00fduky geometrie: prostorov\u00e1 a rovinn\u00e1 geometrie na po\u010d\u00edta\u010di<br \/>\nRNDr. Petra Surynkov\u00e1, Ph.D.<br \/>\n<\/strong>[<a href=\"http:\/\/home.pf.jcu.cz\/~upvm\/2019\/wp-content\/uploads\/Anotace_Surynkova.pdf\" class=\"mtli_attachment mtli_pdf\" target=\"_blank\" rel=\"noopener noreferrer\">Anotace<\/a>]<\/p>\n<p><strong>Po\u010d\u00edta\u010dem podporovan\u00e1 v\u00fduka matematiky v&nbsp;kontextu nov\u00e9ho RVP aneb \u201eTo m\u00e1me p\u0159i matematice u\u010dit Excel?\u201c<br \/>\ndoc. PaedDr. Ji\u0159\u00ed Van\u00ed\u010dek, Ph.D.<br \/>\n<\/strong>[<a href=\"http:\/\/home.pf.jcu.cz\/~upvm\/2019\/wp-content\/uploads\/Anotace_Van\u00ed\u010dek.pdf\" class=\"mtli_attachment mtli_pdf\" target=\"_blank\" rel=\"noopener noreferrer\">Anotace<\/a>]<\/p>\n<p><strong><span class=\"title\">Kritick\u00e1 m\u00edsta matematiky z\u00e1kladn\u00ed \u0161koly \u2013 kde maj\u00ed \u010de\u0161t\u00ed \u017e\u00e1ci probl\u00e9my a lze jim p\u0159edej\u00edt?<br \/>\ndoc. RNDr. Na\u010fa Vondrov\u00e1, Ph.D.<br \/>\n<\/span><\/strong><span class=\"title\">[<a href=\"http:\/\/home.pf.jcu.cz\/~upvm\/2019\/wp-content\/uploads\/Anotace_Vondrov\u00e1.pdf\" class=\"mtli_attachment mtli_pdf\" target=\"_blank\" rel=\"noopener noreferrer\">Anotace<\/a>]<\/span><\/p>\n","protected":false},"excerpt":{"rendered":"<p>Visualization with technology \u2013 opportunities and dangers Dr. Helmut Heugl [Anotace] St\u0159\u00edpky z v\u00fduky geometrie: prostorov\u00e1 a rovinn\u00e1 geometrie na po\u010d\u00edta\u010di RNDr. Petra Surynkov\u00e1, Ph.D. [Anotace] Po\u010d\u00edta\u010dem podporovan\u00e1 v\u00fduka matematiky v&nbsp;kontextu nov\u00e9ho RVP aneb \u201eTo m\u00e1me p\u0159i matematice u\u010dit Excel?\u201c doc. PaedDr. Ji\u0159\u00ed Van\u00ed\u010dek, Ph.D. [Anotace] Kritick\u00e1 m\u00edsta matematiky z\u00e1kladn\u00ed \u0161koly \u2013 kde maj\u00ed \u010de\u0161t\u00ed &hellip; <a href=\"http:\/\/home.pf.jcu.cz\/~upvm\/2019\/index.php\/plenarni-prednasky\/\" class=\"more-link\">Pokra\u010dovat ve \u010dten\u00ed<span class=\"screen-reader-text\"> &#8222;Plen\u00e1rn\u00ed p\u0159edn\u00e1\u0161ky&#8220;<\/span><\/a><\/p>\n","protected":false},"author":4,"featured_media":0,"parent":0,"menu_order":0,"comment_status":"closed","ping_status":"open","template":"","meta":{"footnotes":""},"class_list":["post-59","page","type-page","status-publish","hentry"],"_links":{"self":[{"href":"http:\/\/home.pf.jcu.cz\/~upvm\/2019\/index.php\/wp-json\/wp\/v2\/pages\/59","targetHints":{"allow":["GET"]}}],"collection":[{"href":"http:\/\/home.pf.jcu.cz\/~upvm\/2019\/index.php\/wp-json\/wp\/v2\/pages"}],"about":[{"href":"http:\/\/home.pf.jcu.cz\/~upvm\/2019\/index.php\/wp-json\/wp\/v2\/types\/page"}],"author":[{"embeddable":true,"href":"http:\/\/home.pf.jcu.cz\/~upvm\/2019\/index.php\/wp-json\/wp\/v2\/users\/4"}],"replies":[{"embeddable":true,"href":"http:\/\/home.pf.jcu.cz\/~upvm\/2019\/index.php\/wp-json\/wp\/v2\/comments?post=59"}],"version-history":[{"count":7,"href":"http:\/\/home.pf.jcu.cz\/~upvm\/2019\/index.php\/wp-json\/wp\/v2\/pages\/59\/revisions"}],"predecessor-version":[{"id":725,"href":"http:\/\/home.pf.jcu.cz\/~upvm\/2019\/index.php\/wp-json\/wp\/v2\/pages\/59\/revisions\/725"}],"wp:attachment":[{"href":"http:\/\/home.pf.jcu.cz\/~upvm\/2019\/index.php\/wp-json\/wp\/v2\/media?parent=59"}],"curies":[{"name":"wp","href":"https:\/\/api.w.org\/{rel}","templated":true}]}}