{"id":61,"date":"2011-02-19T12:55:47","date_gmt":"2011-02-19T12:55:47","guid":{"rendered":"http:\/\/localhost\/upvvm\/2011\/?page_id=25"},"modified":"2019-10-21T13:19:53","modified_gmt":"2019-10-21T11:19:53","slug":"ubytovani","status":"publish","type":"page","link":"http:\/\/home.pf.jcu.cz\/~upvm\/2019\/index.php\/ubytovani\/","title":{"rendered":"Ubytov\u00e1n\u00ed"},"content":{"rendered":"<p>Ubytov\u00e1n\u00ed na konferenci si za\u0159izuje ka\u017ed\u00fd \u00fa\u010dastn\u00edk s\u00e1m. N\u00ed\u017ee uv\u00e1d\u00edme v\u00fdb\u011br vhodn\u00fdch ubytovac\u00edch za\u0159\u00edzen\u00ed v r\u016fzn\u00fdch cenov\u00fdch kategori\u00edch. P\u0159ehled je pouze informativn\u00ed, uveden\u00e9 ceny byly p\u0159evzaty z ve\u0159ejn\u011b dostupn\u00fdch cen\u00edk\u016f p\u0159\u00edslu\u0161n\u00fdch za\u0159\u00edzen\u00ed dne 29. 4. 2019 a nem\u016f\u017eeme garantovat jejich st\u00e1lost.<\/p>\n<p><strong><a href=\"http:\/\/home.pf.jcu.cz\/~upvm\/2019\/index.php\/apartmany-hroznovka\/\">Apartm\u00e1ny Hroznovka<\/a> (<\/strong>Zv\u00fdhodn\u011bn\u00e9 ubytov\u00e1n\u00ed pro \u00fa\u010dastn\u00edky konference. Bli\u017e\u0161\u00ed infomrmace naleznete v odkazu.)<\/p>\n<p><strong>AG Penzion Smetanka<\/strong> \/ <a href=\"https:\/\/www.penzion-cbudejovice.cz\/\" target=\"_blank\" rel=\"noopener noreferrer\">https:\/\/www.penzion-cbudejovice.cz<\/a><br \/>\n(apartm\u00e1n 1 l\u016f\u017ekov\u00fd: 690 a\u017e 990 K\u010d\/noc; apartm\u00e1n 2 l\u016f\u017ekov\u00fd: 890 a\u017e 1190 K\u010d\/noc; apartm\u00e1n 3 l\u016f\u017ekov\u00fd: 1490 a\u017e 1790 K\u010d\/noc)<\/p>\n<p><strong>Grandhotel Zvon<\/strong> \/<a href=\"https:\/\/www.hotel-zvon.cz\/\" target=\"_blank\" rel=\"noopener noreferrer\"> https:\/\/www.hotel-zvon.cz<\/a><br \/>\n(jednol\u016f\u017ekov\u00fd pokoj: 1030 K\u010d\/noc, dvoul\u016f\u017ekov\u00fd pokoj: 1200 K\u010d\/noc)<\/p>\n<p><strong>Hotel Budweis<\/strong> \/ <a href=\"http:\/\/www.hotelbudweis.cz\" target=\"_blank\" rel=\"noopener noreferrer\">http:\/\/www.hotelbudweis.cz<\/a><br \/>\n(jednol\u016f\u017ekov\u00fd pokoj: 2490 K\u010d\/noc, dvoul\u016f\u017ekov\u00fd pokoj: 2990 K\u010d\/noc)<\/p>\n<p><strong>Hotel Mal\u00fd pivovar<\/strong> \/ <a href=\"http:\/\/www.malypivovar.cz\/cz\" target=\"_blank\" rel=\"noopener noreferrer\">http:\/\/www.malypivovar.cz\/cz<\/a><br \/>\n(dvoul\u016f\u017ekov\u00fd pokoj: 2600 K\u010d\/noc, t\u0159\u00edl\u016f\u017ekov\u00fd pokoj: 3100 K\u010d\/noc)<\/p>\n<p><strong>Hotel Metropol<\/strong>\u00a0\/ <a href=\"https:\/\/www.hotelmetropolcb.cz\">https:\/\/www.hotelmetropolcb.cz<\/a><br \/>\n(dvoul\u016f\u017ekov\u00fd pokoj: 1494 K\u010d\/noc, t\u0159\u00edl\u016f\u017ekov\u00fd pokoj: 2025 K\u010d\/noc)<\/p>\n<p><strong>Hotel U n\u00e1dra\u017e\u00ed<\/strong> \/ <a href=\"http:\/\/www.hotelcb.cz\/\" target=\"_blank\" rel=\"noopener noreferrer\">http:\/\/www.hotelcb.cz\/<\/a><br \/>\n(jednol\u016f\u017ekov\u00fd pokoj: 650 K\u010d\/noc, dvoul\u016f\u017ekov\u00fd pokoj: 1090 K\u010d\/noc)<\/p>\n<p><strong>Hotel Z\u00e1tk\u016fv D\u016fm\u00a0<\/strong>\/ <a href=\"http:\/\/zatkuvdum.cz\" target=\"_blank\" rel=\"noopener noreferrer\">http:\/\/zatkuvdum.cz<\/a><br \/>\n(jednol\u016f\u017ekov\u00fd pokoj: 1280 K\u010d\/noc, dvoul\u016f\u017ekov\u00fd pokoj: 1700 K\u010d\/noc, t\u0159\u00edl\u016f\u017ekov\u00fd pokoj: 1900 K\u010d\/noc)<\/p>\n<p><strong>Sport Hotel \u010cesk\u00e9 Bud\u011bjovice\u00a0<\/strong>\/ <a href=\"http:\/\/www.sporthotelcb.cz\" target=\"_blank\" rel=\"noopener noreferrer\">http:\/\/www.sporthotelcb.cz<\/a><br \/>\n(dvoul\u016f\u017ekov\u00fd pokoj: 1580 K\u010d\/noc, t\u0159\u00edl\u016f\u017ekov\u00fd pokoj: 2300 K\u010d\/noc)<\/p>\n<p><strong>Ubytovna U n\u00e1dra\u017e\u00ed\u00a0<\/strong>\/ <a href=\"http:\/\/www.ubytovnacb.cz\" target=\"_blank\" rel=\"noopener noreferrer\">http:\/\/www.ubytovnacb.cz<\/a><br \/>\n(jednol\u016f\u017ekov\u00fd pokoj: 400 K\u010d\/noc, dvoul\u016f\u017ekov\u00fd pokoj: 720 K\u010d\/noc, t\u0159\u00edl\u016f\u017ekov\u00fd pokoj: 960 K\u010d\/noc)<\/p>\n<p style=\"text-align: center;\"><iframe loading=\"lazy\" src=\"https:\/\/www.google.com\/maps\/d\/embed?mid=1mJedpMWJIx6-Vx75A0B6f7bLsRzqsXRs\" width=\"640\" height=\"480\"><\/iframe><\/p>\n<p>Dal\u0161\u00ed mo\u017enosti viz\u00a0<a href=\"https:\/\/www.booking.com\/accommodation\/city\/cz\/ceske-budejovice.cs.html\" target=\"_blank\" rel=\"noopener noreferrer\">https:\/\/www.booking.com\/accommodation\/city\/cz\/ceske-budejovice.cs.html<\/a><\/p>\n","protected":false},"excerpt":{"rendered":"<p>Ubytov\u00e1n\u00ed na konferenci si za\u0159izuje ka\u017ed\u00fd \u00fa\u010dastn\u00edk s\u00e1m. N\u00ed\u017ee uv\u00e1d\u00edme v\u00fdb\u011br vhodn\u00fdch ubytovac\u00edch za\u0159\u00edzen\u00ed v r\u016fzn\u00fdch cenov\u00fdch kategori\u00edch. P\u0159ehled je pouze informativn\u00ed, uveden\u00e9 ceny byly p\u0159evzaty z ve\u0159ejn\u011b dostupn\u00fdch cen\u00edk\u016f p\u0159\u00edslu\u0161n\u00fdch za\u0159\u00edzen\u00ed dne 29. 4. 2019 a nem\u016f\u017eeme garantovat jejich st\u00e1lost. Apartm\u00e1ny Hroznovka (Zv\u00fdhodn\u011bn\u00e9 ubytov\u00e1n\u00ed pro \u00fa\u010dastn\u00edky konference. Bli\u017e\u0161\u00ed infomrmace naleznete v odkazu.) AG Penzion &hellip; <a href=\"http:\/\/home.pf.jcu.cz\/~upvm\/2019\/index.php\/ubytovani\/\" class=\"more-link\">Pokra\u010dovat ve \u010dten\u00ed<span class=\"screen-reader-text\"> &#8222;Ubytov\u00e1n\u00ed&#8220;<\/span><\/a><\/p>\n","protected":false},"author":4,"featured_media":0,"parent":0,"menu_order":0,"comment_status":"closed","ping_status":"open","template":"","meta":{"footnotes":""},"class_list":["post-61","page","type-page","status-publish","hentry"],"_links":{"self":[{"href":"http:\/\/home.pf.jcu.cz\/~upvm\/2019\/index.php\/wp-json\/wp\/v2\/pages\/61","targetHints":{"allow":["GET"]}}],"collection":[{"href":"http:\/\/home.pf.jcu.cz\/~upvm\/2019\/index.php\/wp-json\/wp\/v2\/pages"}],"about":[{"href":"http:\/\/home.pf.jcu.cz\/~upvm\/2019\/index.php\/wp-json\/wp\/v2\/types\/page"}],"author":[{"embeddable":true,"href":"http:\/\/home.pf.jcu.cz\/~upvm\/2019\/index.php\/wp-json\/wp\/v2\/users\/4"}],"replies":[{"embeddable":true,"href":"http:\/\/home.pf.jcu.cz\/~upvm\/2019\/index.php\/wp-json\/wp\/v2\/comments?post=61"}],"version-history":[{"count":17,"href":"http:\/\/home.pf.jcu.cz\/~upvm\/2019\/index.php\/wp-json\/wp\/v2\/pages\/61\/revisions"}],"predecessor-version":[{"id":799,"href":"http:\/\/home.pf.jcu.cz\/~upvm\/2019\/index.php\/wp-json\/wp\/v2\/pages\/61\/revisions\/799"}],"wp:attachment":[{"href":"http:\/\/home.pf.jcu.cz\/~upvm\/2019\/index.php\/wp-json\/wp\/v2\/media?parent=61"}],"curies":[{"name":"wp","href":"https:\/\/api.w.org\/{rel}","templated":true}]}}