{"id":62,"date":"2011-02-19T12:56:06","date_gmt":"2011-02-19T12:56:06","guid":{"rendered":"http:\/\/localhost\/upvvm\/2011\/?page_id=27"},"modified":"2019-05-15T14:07:14","modified_gmt":"2019-05-15T12:07:14","slug":"vlozne-a-stravovani","status":"publish","type":"page","link":"http:\/\/home.pf.jcu.cz\/~upvm\/2019\/index.php\/vlozne-a-stravovani\/","title":{"rendered":"Vlo\u017en\u00e9 a stravov\u00e1n\u00ed"},"content":{"rendered":"<h3>Vlo\u017en\u00e9<\/h3>\n<blockquote>\n<p>Zv\u00fdhodn\u011bn\u00e9 vlo\u017en\u00e9 p\u0159i platb\u011b do 27. z\u00e1\u0159\u00ed 2019 \u010din\u00ed<\/p>\n<\/blockquote>\n<p><strong>900 K\u010d, pro \u010dleny J\u010cMF 800 K\u010d.<\/strong><\/p>\n<p>Pln\u00e9 vlo\u017en\u00e9 p\u0159i platb\u011b po <strong>27. z\u00e1\u0159\u00ed 2019<\/strong> \u010din\u00ed<\/p>\n<p><strong>1000 K\u010d, pro \u010dleny J\u010cMF 900 K\u010d.<\/strong><\/p>\n<p>Ve vlo\u017en\u00e9m jsou zahrnuty, mimo jin\u00e9, n\u00e1klady na sborn\u00edk, zvan\u00e9 p\u0159edn\u00e1\u0161ky, pron\u00e1jem po\u010d\u00edta\u010dov\u00fdch u\u010deben, konferen\u010dn\u00ed materi\u00e1ly a ob\u010derstven\u00ed.<\/p>\n<p>\u00dahrada vlo\u017en\u00e9ho p\u0159edem na \u00fa\u010det pobo\u010dn\u00e9ho spolku J\u010cMF v \u010cesk\u00fdch Bud\u011bjovic\u00edch: FIO banka: 2001026949\/2010, <strong>jako variabiln\u00ed symbol platby uv\u00e1d\u011bjte k\u00f3d \u00fa\u010dastn\u00edka, kter\u00fd v\u00e1m je vygenerov\u00e1n p\u0159i z\u00e1vazn\u00e9 registraci na t\u00e9to webov\u00e9 str\u00e1nce <\/strong>(viz nab\u00eddka <em>P\u0159ihl\u00e1\u0161en\u00ed<\/em>). Potvrzen\u00ed o zaplacen\u00ed vlo\u017en\u00e9ho p\u0159edlo\u017e\u00ed \u00fa\u010dastn\u00edk p\u0159i registraci na konferenci.<\/p>\n<h4><strong>Informace o bankovn\u00edm spojen\u00ed<\/strong><\/h4>\n<ul>\n<li>N\u00e1zev p\u0159\u00edjemce: Jednota \u010desk\u00fdch matematik\u016f a fyzik\u016f<\/li>\n<li>\u00dapln\u00fd n\u00e1zev p\u0159\u00edjemce: Jednota \u010desk\u00fdch matematik\u016f a fyzik\u016f, pobo\u010dn\u00fd spolek \u010cesk\u00e9 Bud\u011bjovice<\/li>\n<li>Ulice a \u010d\u00edslo p\u0159\u00edjemce: Jeron\u00fdmova 10<\/li>\n<li>M\u011bsto p\u0159\u00edjemce: \u010cesk\u00e9 Bud\u011bjovice<\/li>\n<li>St\u00e1t p\u0159\u00edjemce: \u010cesk\u00e1 republika<\/li>\n<li>\u010c\u00edslo \u00fa\u010dtu p\u0159\u00edjemce: 2001026949<\/li>\n<li>K\u00f3d banky: 2010<\/li>\n<li>BIC\/SWIFT: FIOBCZPPXXX<\/li>\n<li>IBAN : CZ0620100000002001026949<\/li>\n<li>N\u00e1zev banky: Fio banka, a.s.<\/li>\n<li>\u00dapln\u00fd n\u00e1zev banky: Fio banka, a.s.<\/li>\n<li>M\u011bsto banky: \u010cesk\u00e9 Bud\u011bjovice (pobo\u010dka), hlavni s\u00eddlo: Praha<\/li>\n<li>St\u00e1t kde s\u00eddli banka: \u010cesk\u00e1 republika<\/li>\n<\/ul>\n<h4><strong>Vystaven\u00ed faktury<\/strong><\/h4>\n<p>V p\u0159\u00edpad\u011b z\u00e1jmu o vystaven\u00ed faktury po\u0161lete pros\u00edm e-mail na adresu petrasek@pf.jcu.cz (vy\u0159izuje doc. RNDr. Vladim\u00edra Petr\u00e1\u0161kov\u00e1, Ph.D.). P\u0159i vystaven\u00ed faktury budou pou\u017eity faktura\u010dn\u00ed \u00fadaje vypln\u011bn\u00e9 \u00fa\u010dastn\u00edkem p\u0159i registraci.<\/p>\n<h4><strong>Platba v hotovosti<\/strong><\/h4>\n<p>Platit je mo\u017en\u00e9 i <strong>hotov\u011b p\u0159i registraci<\/strong>.<\/p>\n<h3>Stravov\u00e1n\u00ed<\/h3>\n<p>Vzhledem k tomu, \u017ee se konference kon\u00e1 v centru \u010cesk\u00fdch Bud\u011bjovic, nen\u00ed pro \u00fa\u010dastn\u00edky zaji\u0161t\u011bno stravov\u00e1n\u00ed. \u00da\u010dastn\u00edci se proto budou stravovat v restaurac\u00edch, kter\u00fdch se v bl\u00edzkosti kon\u00e1n\u00ed konference nach\u00e1z\u00ed velk\u00e9 mno\u017estv\u00ed. V n\u00ed\u017ee uveden\u00e9 mapce nalezte v\u00fdb\u011br mo\u017enost\u00ed doporu\u010den\u00fd organiza\u010dn\u00edm v\u00fdborem konference.<\/p>\n<p style=\"text-align: center;\"><iframe loading=\"lazy\" src=\"https:\/\/www.google.com\/maps\/d\/embed?mid=1RJdp5nXrdnVcpPgk3V3UBqCom2a8-iKJ\" width=\"640\" height=\"480\"><\/iframe><\/p>\n\n\n<p><\/p>\n","protected":false},"excerpt":{"rendered":"<p>Vlo\u017en\u00e9 Zv\u00fdhodn\u011bn\u00e9 vlo\u017en\u00e9 p\u0159i platb\u011b do 27. z\u00e1\u0159\u00ed 2019 \u010din\u00ed 900 K\u010d, pro \u010dleny J\u010cMF 800 K\u010d. Pln\u00e9 vlo\u017en\u00e9 p\u0159i platb\u011b po 27. z\u00e1\u0159\u00ed 2019 \u010din\u00ed 1000 K\u010d, pro \u010dleny J\u010cMF 900 K\u010d. Ve vlo\u017en\u00e9m jsou zahrnuty, mimo jin\u00e9, n\u00e1klady na sborn\u00edk, zvan\u00e9 p\u0159edn\u00e1\u0161ky, pron\u00e1jem po\u010d\u00edta\u010dov\u00fdch u\u010deben, konferen\u010dn\u00ed materi\u00e1ly a ob\u010derstven\u00ed. \u00dahrada vlo\u017en\u00e9ho p\u0159edem na &hellip; <a href=\"http:\/\/home.pf.jcu.cz\/~upvm\/2019\/index.php\/vlozne-a-stravovani\/\" class=\"more-link\">Pokra\u010dovat ve \u010dten\u00ed<span class=\"screen-reader-text\"> &#8222;Vlo\u017en\u00e9 a stravov\u00e1n\u00ed&#8220;<\/span><\/a><\/p>\n","protected":false},"author":4,"featured_media":0,"parent":0,"menu_order":0,"comment_status":"closed","ping_status":"open","template":"","meta":{"footnotes":""},"class_list":["post-62","page","type-page","status-publish","hentry"],"_links":{"self":[{"href":"http:\/\/home.pf.jcu.cz\/~upvm\/2019\/index.php\/wp-json\/wp\/v2\/pages\/62","targetHints":{"allow":["GET"]}}],"collection":[{"href":"http:\/\/home.pf.jcu.cz\/~upvm\/2019\/index.php\/wp-json\/wp\/v2\/pages"}],"about":[{"href":"http:\/\/home.pf.jcu.cz\/~upvm\/2019\/index.php\/wp-json\/wp\/v2\/types\/page"}],"author":[{"embeddable":true,"href":"http:\/\/home.pf.jcu.cz\/~upvm\/2019\/index.php\/wp-json\/wp\/v2\/users\/4"}],"replies":[{"embeddable":true,"href":"http:\/\/home.pf.jcu.cz\/~upvm\/2019\/index.php\/wp-json\/wp\/v2\/comments?post=62"}],"version-history":[{"count":9,"href":"http:\/\/home.pf.jcu.cz\/~upvm\/2019\/index.php\/wp-json\/wp\/v2\/pages\/62\/revisions"}],"predecessor-version":[{"id":735,"href":"http:\/\/home.pf.jcu.cz\/~upvm\/2019\/index.php\/wp-json\/wp\/v2\/pages\/62\/revisions\/735"}],"wp:attachment":[{"href":"http:\/\/home.pf.jcu.cz\/~upvm\/2019\/index.php\/wp-json\/wp\/v2\/media?parent=62"}],"curies":[{"name":"wp","href":"https:\/\/api.w.org\/{rel}","templated":true}]}}