{"id":628,"date":"2019-03-10T22:28:38","date_gmt":"2019-03-10T21:28:38","guid":{"rendered":"http:\/\/home.pf.jcu.cz\/~upvm\/2019\/?page_id=628"},"modified":"2019-06-24T12:30:27","modified_gmt":"2019-06-24T10:30:27","slug":"registrace-noveho-ucastnika","status":"publish","type":"page","link":"http:\/\/home.pf.jcu.cz\/~upvm\/2019\/index.php\/registrace-noveho-ucastnika\/","title":{"rendered":"Registrace nov\u00e9ho \u00fa\u010dastn\u00edka"},"content":{"rendered":"\n<p>Zadejte e-mailovou adresu a vytvo\u0159te si heslo pro registraci nov\u00e9ho \u00fa\u010dastn\u00edka. <\/p>\n\n\n\n<div class=\"cleanlogin-container cleanlogin-full-width\">\n\t<form class=\"cleanlogin-form\" method=\"post\" action=\"#\">\n\t\t<fieldset>\n\n\t\t\t\t\t\t\t\t\t\n\t\t\t\t\t\t\n\t\t\t<div class=\"cleanlogin-field\">\n                <label for=\"email\">Email<\/label>\n\t\t\t\t<input class=\"cleanlogin-field-email\" type=\"email\" name=\"email\" value=\"\" placeholder=\"Email\" aria-label=\"Email\">\n\t\t\t<\/div>\n\n\t\t\t<div class=\"cleanlogin-field-website\">\n\t\t\t\t<label for='website'>Website<\/label>\n\t\t\t\t<input type='text' name='website' value=\".\">\n\t\t\t<\/div>\n\n\t\t\t<div class=\"cleanlogin-field\">\n                <label for=\"pass1\">Nov\u00e9 heslo\n<\/label>\n\t\t\t\t<input class=\"cleanlogin-field-password\" type=\"password\" name=\"pass1\" value=\"\" autocomplete=\"off\" placeholder=\"Nov\u00e9 heslo\n\" aria-label=\"Nov\u00e9 heslo\n\">\n\t\t\t<\/div>\n\n\t\t\t\n\t\t\t\n\t\t\t            \n\t\t\t\n\t\t\t\n\t\t\t<input type=\"hidden\" name=\"clean_login_wpnonce\" value=\"ed369828c5\">\n\n\t\t\t\t\t<\/fieldset>\n\n\t\t<div>\n\t\t\t<input type=\"submit\" value=\"Registrovat\" name=\"btn-submit\" onclick=\"this.form.submit(); this.disabled = true;\">\n\t\t\t<input type=\"hidden\" name=\"action\" value=\"register\">\n\t\t<\/div>\n\n\t<\/form>\n<\/div>\n\n\n\n<p><\/p>\n\n\n\n<p>V p\u0159\u00edpad\u011b, \u017ee jste ji\u017e registrov\u00e1n\/a m\u016f\u017eete se <a href=\"http:\/\/home.pf.jcu.cz\/~upvm\/2019\/index.php\/prihlaseni-k-existujicimu-profilu\/\">p\u0159ihl\u00e1sit k existuj\u00edc\u00edmu \u00fa\u010dtu<\/a>.<\/p>\n\n\n\n<p><br><\/p>\n\n\n\n<p><br><\/p>\n","protected":false},"excerpt":{"rendered":"<p>Zadejte e-mailovou adresu a vytvo\u0159te si heslo pro registraci nov\u00e9ho \u00fa\u010dastn\u00edka. V p\u0159\u00edpad\u011b, \u017ee jste ji\u017e registrov\u00e1n\/a m\u016f\u017eete se p\u0159ihl\u00e1sit k existuj\u00edc\u00edmu \u00fa\u010dtu.<\/p>\n","protected":false},"author":4,"featured_media":0,"parent":0,"menu_order":0,"comment_status":"closed","ping_status":"closed","template":"","meta":{"footnotes":""},"class_list":["post-628","page","type-page","status-publish","hentry"],"_links":{"self":[{"href":"http:\/\/home.pf.jcu.cz\/~upvm\/2019\/index.php\/wp-json\/wp\/v2\/pages\/628","targetHints":{"allow":["GET"]}}],"collection":[{"href":"http:\/\/home.pf.jcu.cz\/~upvm\/2019\/index.php\/wp-json\/wp\/v2\/pages"}],"about":[{"href":"http:\/\/home.pf.jcu.cz\/~upvm\/2019\/index.php\/wp-json\/wp\/v2\/types\/page"}],"author":[{"embeddable":true,"href":"http:\/\/home.pf.jcu.cz\/~upvm\/2019\/index.php\/wp-json\/wp\/v2\/users\/4"}],"replies":[{"embeddable":true,"href":"http:\/\/home.pf.jcu.cz\/~upvm\/2019\/index.php\/wp-json\/wp\/v2\/comments?post=628"}],"version-history":[{"count":6,"href":"http:\/\/home.pf.jcu.cz\/~upvm\/2019\/index.php\/wp-json\/wp\/v2\/pages\/628\/revisions"}],"predecessor-version":[{"id":749,"href":"http:\/\/home.pf.jcu.cz\/~upvm\/2019\/index.php\/wp-json\/wp\/v2\/pages\/628\/revisions\/749"}],"wp:attachment":[{"href":"http:\/\/home.pf.jcu.cz\/~upvm\/2019\/index.php\/wp-json\/wp\/v2\/media?parent=628"}],"curies":[{"name":"wp","href":"https:\/\/api.w.org\/{rel}","templated":true}]}}