{"id":64,"date":"2011-02-19T12:56:40","date_gmt":"2011-02-19T12:56:40","guid":{"rendered":"http:\/\/localhost\/upvvm\/2011\/?page_id=31"},"modified":"2019-03-08T11:04:36","modified_gmt":"2019-03-08T10:04:36","slug":"kontakty","status":"publish","type":"page","link":"http:\/\/home.pf.jcu.cz\/~upvm\/2019\/index.php\/kontakty\/","title":{"rendered":"Kontakty"},"content":{"rendered":"<p>doc. RNDr. Vladim\u00edra Petr\u00e1\u0161kov\u00e1, Ph.D.<br \/>\nPF JU v \u010c. Bud\u011bjovic\u00edch<br \/>\nJeron\u00fdmova 10<br \/>\n371 15 \u010cesk\u00e9 Bud\u011bjovice<\/p>\n<p>Tel.: 387773093<br \/>\nE-mail: petrasek@pf.jcu.cz<\/p>\n","protected":false},"excerpt":{"rendered":"<p>doc. RNDr. Vladim\u00edra Petr\u00e1\u0161kov\u00e1, Ph.D. PF JU v \u010c. Bud\u011bjovic\u00edch Jeron\u00fdmova 10 371 15 \u010cesk\u00e9 Bud\u011bjovice Tel.: 387773093 E-mail: petrasek@pf.jcu.cz<\/p>\n","protected":false},"author":4,"featured_media":0,"parent":0,"menu_order":0,"comment_status":"closed","ping_status":"open","template":"","meta":{"footnotes":""},"class_list":["post-64","page","type-page","status-publish","hentry"],"_links":{"self":[{"href":"http:\/\/home.pf.jcu.cz\/~upvm\/2019\/index.php\/wp-json\/wp\/v2\/pages\/64","targetHints":{"allow":["GET"]}}],"collection":[{"href":"http:\/\/home.pf.jcu.cz\/~upvm\/2019\/index.php\/wp-json\/wp\/v2\/pages"}],"about":[{"href":"http:\/\/home.pf.jcu.cz\/~upvm\/2019\/index.php\/wp-json\/wp\/v2\/types\/page"}],"author":[{"embeddable":true,"href":"http:\/\/home.pf.jcu.cz\/~upvm\/2019\/index.php\/wp-json\/wp\/v2\/users\/4"}],"replies":[{"embeddable":true,"href":"http:\/\/home.pf.jcu.cz\/~upvm\/2019\/index.php\/wp-json\/wp\/v2\/comments?post=64"}],"version-history":[{"count":0,"href":"http:\/\/home.pf.jcu.cz\/~upvm\/2019\/index.php\/wp-json\/wp\/v2\/pages\/64\/revisions"}],"wp:attachment":[{"href":"http:\/\/home.pf.jcu.cz\/~upvm\/2019\/index.php\/wp-json\/wp\/v2\/media?parent=64"}],"curies":[{"name":"wp","href":"https:\/\/api.w.org\/{rel}","templated":true}]}}