{"id":657,"date":"2019-03-16T23:56:07","date_gmt":"2019-03-16T22:56:07","guid":{"rendered":"http:\/\/home.pf.jcu.cz\/~upvm\/2019\/?page_id=657"},"modified":"2019-04-28T22:40:46","modified_gmt":"2019-04-28T20:40:46","slug":"zapomenute-heslo","status":"publish","type":"page","link":"http:\/\/home.pf.jcu.cz\/~upvm\/2019\/index.php\/zapomenute-heslo\/","title":{"rendered":"Zapomenut\u00e9 heslo"},"content":{"rendered":"\n\n<div class=\"cleanlogin-container\">\n\t<form class=\"cleanlogin-form\" method=\"post\" action=\"#\" onsubmit=\"submit.disabled = true; return true;\">\n\n\t\t<fieldset>\n\t\t\n\t\t\t<div class=\"cleanlogin-field\">\n                <label for=\"username\">U\u017eivatelsk\u00e9 jm\u00e9no (nebo email)\n<\/label>\n\t\t\t\t<input class=\"cleanlogin-field-username\" type=\"text\" name=\"username\" value=\"\" placeholder=\"U\u017eivatelsk\u00e9 jm\u00e9no (nebo email)\n\" aria-label=\"U\u017eivatelsk\u00e9 jm\u00e9no (nebo email)\n\">\n\t\t\t<\/div>\n\n\t\t\t<div class=\"cleanlogin-field-website\">\n\t\t\t\t<label for='website'>Website<\/label>\n\t    \t\t<input type='text' name='website' value=\".\">\n\t    \t<\/div>\n\t\t\n\t\t<\/fieldset>\n\t\t\n\t\t<div>\t\n\t\t\t<input type=\"submit\" value=\"Obnoven\u00ed hesla\n\" name=\"submit\">\n\t\t\t<input type=\"hidden\" name=\"action\" value=\"restore\">\t\n\t\t<\/div>\n\n\t<\/form>\n<\/div>\n","protected":false},"excerpt":{"rendered":"","protected":false},"author":4,"featured_media":0,"parent":0,"menu_order":0,"comment_status":"closed","ping_status":"closed","template":"","meta":{"footnotes":""},"class_list":["post-657","page","type-page","status-publish","hentry"],"_links":{"self":[{"href":"http:\/\/home.pf.jcu.cz\/~upvm\/2019\/index.php\/wp-json\/wp\/v2\/pages\/657","targetHints":{"allow":["GET"]}}],"collection":[{"href":"http:\/\/home.pf.jcu.cz\/~upvm\/2019\/index.php\/wp-json\/wp\/v2\/pages"}],"about":[{"href":"http:\/\/home.pf.jcu.cz\/~upvm\/2019\/index.php\/wp-json\/wp\/v2\/types\/page"}],"author":[{"embeddable":true,"href":"http:\/\/home.pf.jcu.cz\/~upvm\/2019\/index.php\/wp-json\/wp\/v2\/users\/4"}],"replies":[{"embeddable":true,"href":"http:\/\/home.pf.jcu.cz\/~upvm\/2019\/index.php\/wp-json\/wp\/v2\/comments?post=657"}],"version-history":[{"count":3,"href":"http:\/\/home.pf.jcu.cz\/~upvm\/2019\/index.php\/wp-json\/wp\/v2\/pages\/657\/revisions"}],"predecessor-version":[{"id":677,"href":"http:\/\/home.pf.jcu.cz\/~upvm\/2019\/index.php\/wp-json\/wp\/v2\/pages\/657\/revisions\/677"}],"wp:attachment":[{"href":"http:\/\/home.pf.jcu.cz\/~upvm\/2019\/index.php\/wp-json\/wp\/v2\/media?parent=657"}],"curies":[{"name":"wp","href":"https:\/\/api.w.org\/{rel}","templated":true}]}}