{"id":771,"date":"2019-10-21T11:06:20","date_gmt":"2019-10-21T09:06:20","guid":{"rendered":"http:\/\/home.pf.jcu.cz\/~upvm\/2019\/?page_id=771"},"modified":"2019-10-21T13:14:47","modified_gmt":"2019-10-21T11:14:47","slug":"apartmany-hroznovka","status":"publish","type":"page","link":"http:\/\/home.pf.jcu.cz\/~upvm\/2019\/index.php\/apartmany-hroznovka\/","title":{"rendered":"Apartm\u00e1ny Hroznovka"},"content":{"rendered":"\n<p>V r\u00e1mci konference bylo pro \u00fa\u010dastn\u00edky konference vyjedn\u00e1no zv\u00fdhodn\u011bn\u00e9 ubytov\u00e1n\u00ed v Apartm\u00e1nech Hroznovka <a href=\"https:\/\/apartmanyhroznovka.eatbu.com\">https:\/\/apartmanyhroznovka.eatbu.com<\/a>. <\/p>\n\n\n\n<p><\/p>\n\n\n\n<p>Z\u00e1jemci o ubytov\u00e1n\u00ed si jej mohohou rezervovat u   Marcely Willinger na telefonu 606 384 840 nebo na e-mailov\u00e9 adrese hroznovka14@email.cz. P\u0159i rezervaci pros\u00edm uve\u010fte, \u017ee se jedn\u00e1 o ubytov\u00e1n\u00ed na konferenci UPVM.<\/p>\n\n\n\n<div class=\"wp-block-image\"><figure class=\"aligncenter is-resized\"><img loading=\"lazy\" decoding=\"async\" src=\"http:\/\/home.pf.jcu.cz\/~upvm\/2019\/wp-content\/uploads\/budova-764x1024.jpg\" alt=\"\" class=\"wp-image-775\" width=\"337\" height=\"451\" srcset=\"http:\/\/home.pf.jcu.cz\/~upvm\/2019\/wp-content\/uploads\/budova-764x1024.jpg 764w, http:\/\/home.pf.jcu.cz\/~upvm\/2019\/wp-content\/uploads\/budova-224x300.jpg 224w, http:\/\/home.pf.jcu.cz\/~upvm\/2019\/wp-content\/uploads\/budova-768x1029.jpg 768w, http:\/\/home.pf.jcu.cz\/~upvm\/2019\/wp-content\/uploads\/budova.jpg 848w\" sizes=\"auto, (max-width: 337px) 85vw, 337px\" \/><\/figure><\/div>\n\n\n\n<p><strong>Apartm\u00e1n \u010d. 1 - pro 2 osoby<\/strong><\/p>\n\n\n\n<ul class=\"wp-block-list\"><li>lo\u017enice (man\u017eelsk\u00e1 postel, TV), vybaven\u00e1 kuchyn\u011b (spor\u00e1k, my\u010dka,       lednice, mikrovlnn\u00e1 trouba, rychlovarn\u00e1 konvice), koupelna (vana), WC, terasa<\/li><li>cena za apartm\u00e1n: 1000,-\/noc <\/li><\/ul>\n\n\n\n<ul class=\"wp-block-gallery columns-3 is-cropped wp-block-gallery-1 is-layout-flex wp-block-gallery-is-layout-flex\"><li class=\"blocks-gallery-item\"><figure><img loading=\"lazy\" decoding=\"async\" width=\"768\" height=\"1024\" src=\"http:\/\/home.pf.jcu.cz\/~upvm\/2019\/wp-content\/uploads\/apartm\u00e1n-1-koupelna-768x1024.jpg\" alt=\"\" data-id=\"776\" data-link=\"http:\/\/home.pf.jcu.cz\/~upvm\/2019\/?attachment_id=776\" class=\"wp-image-776\" srcset=\"http:\/\/home.pf.jcu.cz\/~upvm\/2019\/wp-content\/uploads\/apartm\u00e1n-1-koupelna-768x1024.jpg 768w, http:\/\/home.pf.jcu.cz\/~upvm\/2019\/wp-content\/uploads\/apartm\u00e1n-1-koupelna-225x300.jpg 225w, http:\/\/home.pf.jcu.cz\/~upvm\/2019\/wp-content\/uploads\/apartm\u00e1n-1-koupelna.jpg 852w\" sizes=\"auto, (max-width: 768px) 85vw, 768px\" \/><\/figure><\/li><li class=\"blocks-gallery-item\"><figure><img loading=\"lazy\" decoding=\"async\" width=\"1024\" height=\"473\" src=\"http:\/\/home.pf.jcu.cz\/~upvm\/2019\/wp-content\/uploads\/apartm\u00e1n-1-koupelna1-1024x473.jpg\" alt=\"\" data-id=\"777\" data-link=\"http:\/\/home.pf.jcu.cz\/~upvm\/2019\/?attachment_id=777\" class=\"wp-image-777\" srcset=\"http:\/\/home.pf.jcu.cz\/~upvm\/2019\/wp-content\/uploads\/apartm\u00e1n-1-koupelna1.jpg 1024w, http:\/\/home.pf.jcu.cz\/~upvm\/2019\/wp-content\/uploads\/apartm\u00e1n-1-koupelna1-300x139.jpg 300w, http:\/\/home.pf.jcu.cz\/~upvm\/2019\/wp-content\/uploads\/apartm\u00e1n-1-koupelna1-768x355.jpg 768w\" sizes=\"auto, (max-width: 709px) 85vw, (max-width: 909px) 67vw, (max-width: 1362px) 62vw, 840px\" \/><\/figure><\/li><li class=\"blocks-gallery-item\"><figure><img loading=\"lazy\" decoding=\"async\" width=\"1024\" height=\"498\" src=\"http:\/\/home.pf.jcu.cz\/~upvm\/2019\/wp-content\/uploads\/apartm\u00e1n-1-kuchyn\u011b-1024x498.jpg\" alt=\"\" data-id=\"778\" data-link=\"http:\/\/home.pf.jcu.cz\/~upvm\/2019\/?attachment_id=778\" class=\"wp-image-778\" srcset=\"http:\/\/home.pf.jcu.cz\/~upvm\/2019\/wp-content\/uploads\/apartm\u00e1n-1-kuchyn\u011b.jpg 1024w, http:\/\/home.pf.jcu.cz\/~upvm\/2019\/wp-content\/uploads\/apartm\u00e1n-1-kuchyn\u011b-300x146.jpg 300w, http:\/\/home.pf.jcu.cz\/~upvm\/2019\/wp-content\/uploads\/apartm\u00e1n-1-kuchyn\u011b-768x374.jpg 768w\" sizes=\"auto, (max-width: 709px) 85vw, (max-width: 909px) 67vw, (max-width: 1362px) 62vw, 840px\" \/><\/figure><\/li><li class=\"blocks-gallery-item\"><figure><img loading=\"lazy\" decoding=\"async\" width=\"767\" height=\"1024\" src=\"http:\/\/home.pf.jcu.cz\/~upvm\/2019\/wp-content\/uploads\/apartm\u00e1n-1-lo\u017enice-767x1024.jpg\" alt=\"\" data-id=\"779\" data-link=\"http:\/\/home.pf.jcu.cz\/~upvm\/2019\/?attachment_id=779\" class=\"wp-image-779\" srcset=\"http:\/\/home.pf.jcu.cz\/~upvm\/2019\/wp-content\/uploads\/apartm\u00e1n-1-lo\u017enice-767x1024.jpg 767w, http:\/\/home.pf.jcu.cz\/~upvm\/2019\/wp-content\/uploads\/apartm\u00e1n-1-lo\u017enice-225x300.jpg 225w, http:\/\/home.pf.jcu.cz\/~upvm\/2019\/wp-content\/uploads\/apartm\u00e1n-1-lo\u017enice-768x1025.jpg 768w, http:\/\/home.pf.jcu.cz\/~upvm\/2019\/wp-content\/uploads\/apartm\u00e1n-1-lo\u017enice.jpg 851w\" sizes=\"auto, (max-width: 767px) 85vw, 767px\" \/><\/figure><\/li><li class=\"blocks-gallery-item\"><figure><img loading=\"lazy\" decoding=\"async\" width=\"1024\" height=\"768\" src=\"http:\/\/home.pf.jcu.cz\/~upvm\/2019\/wp-content\/uploads\/apartm\u00e1n-1-terasa-1024x768.jpg\" alt=\"\" data-id=\"780\" data-link=\"http:\/\/home.pf.jcu.cz\/~upvm\/2019\/?attachment_id=780\" class=\"wp-image-780\" srcset=\"http:\/\/home.pf.jcu.cz\/~upvm\/2019\/wp-content\/uploads\/apartm\u00e1n-1-terasa-1024x768.jpg 1024w, http:\/\/home.pf.jcu.cz\/~upvm\/2019\/wp-content\/uploads\/apartm\u00e1n-1-terasa-300x225.jpg 300w, http:\/\/home.pf.jcu.cz\/~upvm\/2019\/wp-content\/uploads\/apartm\u00e1n-1-terasa-768x576.jpg 768w, http:\/\/home.pf.jcu.cz\/~upvm\/2019\/wp-content\/uploads\/apartm\u00e1n-1-terasa.jpg 1136w\" sizes=\"auto, (max-width: 709px) 85vw, (max-width: 909px) 67vw, (max-width: 1362px) 62vw, 840px\" \/><\/figure><\/li><li class=\"blocks-gallery-item\"><figure><img loading=\"lazy\" decoding=\"async\" width=\"768\" height=\"1024\" src=\"http:\/\/home.pf.jcu.cz\/~upvm\/2019\/wp-content\/uploads\/apartm\u00e1n-1-wc-768x1024.jpg\" alt=\"\" data-id=\"781\" data-link=\"http:\/\/home.pf.jcu.cz\/~upvm\/2019\/?attachment_id=781\" class=\"wp-image-781\" srcset=\"http:\/\/home.pf.jcu.cz\/~upvm\/2019\/wp-content\/uploads\/apartm\u00e1n-1-wc-768x1024.jpg 768w, http:\/\/home.pf.jcu.cz\/~upvm\/2019\/wp-content\/uploads\/apartm\u00e1n-1-wc-225x300.jpg 225w, http:\/\/home.pf.jcu.cz\/~upvm\/2019\/wp-content\/uploads\/apartm\u00e1n-1-wc.jpg 852w\" sizes=\"auto, (max-width: 768px) 85vw, 768px\" \/><\/figure><\/li><\/ul>\n\n\n\n<p><strong> Apartm\u00e1n \u010d. 2 - pro 2 osoby<\/strong><\/p>\n\n\n\n<ul class=\"wp-block-list\"><li>ob\u00fdvac\u00ed pokoj + lo\u017enice (1 m\u00edstnost, man\u017eelsk\u00e1 postel, TV), kuchyn\u011b (lednice, va\u0159i\u010d, rychlovarn\u00e1 konvice), koupelna s WC (vlastn\u00ed pouze pro hosty apartm\u00e1nu, ale mimo pokoj, cca 10 schod\u016f p\u0159es chodbu)<\/li><li>cena za apartm\u00e1n: 800,-\/noc<\/li><\/ul>\n\n\n\n<ul class=\"wp-block-gallery columns-3 is-cropped wp-block-gallery-2 is-layout-flex wp-block-gallery-is-layout-flex\"><li class=\"blocks-gallery-item\"><figure><img loading=\"lazy\" decoding=\"async\" width=\"727\" height=\"1024\" src=\"http:\/\/home.pf.jcu.cz\/~upvm\/2019\/wp-content\/uploads\/apartm\u00e1n-2-koupelna-727x1024.jpg\" alt=\"\" data-id=\"782\" data-link=\"http:\/\/home.pf.jcu.cz\/~upvm\/2019\/?attachment_id=782\" class=\"wp-image-782\" srcset=\"http:\/\/home.pf.jcu.cz\/~upvm\/2019\/wp-content\/uploads\/apartm\u00e1n-2-koupelna-727x1024.jpg 727w, http:\/\/home.pf.jcu.cz\/~upvm\/2019\/wp-content\/uploads\/apartm\u00e1n-2-koupelna-213x300.jpg 213w, http:\/\/home.pf.jcu.cz\/~upvm\/2019\/wp-content\/uploads\/apartm\u00e1n-2-koupelna-768x1082.jpg 768w, http:\/\/home.pf.jcu.cz\/~upvm\/2019\/wp-content\/uploads\/apartm\u00e1n-2-koupelna.jpg 806w\" sizes=\"auto, (max-width: 727px) 85vw, 727px\" \/><\/figure><\/li><li class=\"blocks-gallery-item\"><figure><img loading=\"lazy\" decoding=\"async\" width=\"768\" height=\"1024\" src=\"http:\/\/home.pf.jcu.cz\/~upvm\/2019\/wp-content\/uploads\/apartm\u00e1n-2-postel-768x1024.jpg\" alt=\"\" data-id=\"783\" data-link=\"http:\/\/home.pf.jcu.cz\/~upvm\/2019\/?attachment_id=783\" class=\"wp-image-783\" srcset=\"http:\/\/home.pf.jcu.cz\/~upvm\/2019\/wp-content\/uploads\/apartm\u00e1n-2-postel.jpg 768w, http:\/\/home.pf.jcu.cz\/~upvm\/2019\/wp-content\/uploads\/apartm\u00e1n-2-postel-225x300.jpg 225w\" sizes=\"auto, (max-width: 768px) 85vw, 768px\" \/><\/figure><\/li><li class=\"blocks-gallery-item\"><figure><img loading=\"lazy\" decoding=\"async\" width=\"1024\" height=\"768\" src=\"http:\/\/home.pf.jcu.cz\/~upvm\/2019\/wp-content\/uploads\/apartm\u00e1n-2-tv-1024x768.jpg\" alt=\"\" data-id=\"784\" data-link=\"http:\/\/home.pf.jcu.cz\/~upvm\/2019\/?attachment_id=784\" class=\"wp-image-784\" srcset=\"http:\/\/home.pf.jcu.cz\/~upvm\/2019\/wp-content\/uploads\/apartm\u00e1n-2-tv.jpg 1024w, http:\/\/home.pf.jcu.cz\/~upvm\/2019\/wp-content\/uploads\/apartm\u00e1n-2-tv-300x225.jpg 300w, http:\/\/home.pf.jcu.cz\/~upvm\/2019\/wp-content\/uploads\/apartm\u00e1n-2-tv-768x576.jpg 768w\" sizes=\"auto, (max-width: 709px) 85vw, (max-width: 909px) 67vw, (max-width: 1362px) 62vw, 840px\" \/><\/figure><\/li><li class=\"blocks-gallery-item\"><figure><img loading=\"lazy\" decoding=\"async\" width=\"1024\" height=\"768\" src=\"http:\/\/home.pf.jcu.cz\/~upvm\/2019\/wp-content\/uploads\/apartm\u00e1n-2-1024x768.jpg\" alt=\"\" data-id=\"785\" data-link=\"http:\/\/home.pf.jcu.cz\/~upvm\/2019\/?attachment_id=785\" class=\"wp-image-785\" srcset=\"http:\/\/home.pf.jcu.cz\/~upvm\/2019\/wp-content\/uploads\/apartm\u00e1n-2.jpg 1024w, http:\/\/home.pf.jcu.cz\/~upvm\/2019\/wp-content\/uploads\/apartm\u00e1n-2-300x225.jpg 300w, http:\/\/home.pf.jcu.cz\/~upvm\/2019\/wp-content\/uploads\/apartm\u00e1n-2-768x576.jpg 768w\" sizes=\"auto, (max-width: 709px) 85vw, (max-width: 909px) 67vw, (max-width: 1362px) 62vw, 840px\" \/><\/figure><\/li><\/ul>\n\n\n\n<p><strong>Apartm\u00e1n \u010d. 3 - pro 2-3 osoby<\/strong><\/p>\n\n\n\n<ul class=\"wp-block-list\"><li>studio (1 m\u00edstnost) - lo\u017enice + ob\u00fdvac\u00ed pokoj + kuchyn\u011b (man\u017eelsk\u00e1 postel, rozkl\u00e1dac\u00ed pohovka, TV, lednice, rychlovarn\u00e1 konvice, mikrovlnn\u00e1 trouba, koupelna (vana, umyvadlo, WC)<\/li><li>cena za 2 osoby: 900,-\/noc, cena za 3 osoby: 1200,-\/noc <\/li><\/ul>\n\n\n\n<ul class=\"wp-block-gallery columns-3 is-cropped wp-block-gallery-3 is-layout-flex wp-block-gallery-is-layout-flex\"><li class=\"blocks-gallery-item\"><figure><img loading=\"lazy\" decoding=\"async\" width=\"1024\" height=\"768\" src=\"http:\/\/home.pf.jcu.cz\/~upvm\/2019\/wp-content\/uploads\/apartm\u00e1n-3-kuchyn\u011b-1024x768.jpg\" alt=\"\" data-id=\"786\" data-link=\"http:\/\/home.pf.jcu.cz\/~upvm\/2019\/?attachment_id=786\" class=\"wp-image-786\" srcset=\"http:\/\/home.pf.jcu.cz\/~upvm\/2019\/wp-content\/uploads\/apartm\u00e1n-3-kuchyn\u011b-1024x768.jpg 1024w, http:\/\/home.pf.jcu.cz\/~upvm\/2019\/wp-content\/uploads\/apartm\u00e1n-3-kuchyn\u011b-300x225.jpg 300w, http:\/\/home.pf.jcu.cz\/~upvm\/2019\/wp-content\/uploads\/apartm\u00e1n-3-kuchyn\u011b-768x576.jpg 768w, http:\/\/home.pf.jcu.cz\/~upvm\/2019\/wp-content\/uploads\/apartm\u00e1n-3-kuchyn\u011b.jpg 1136w\" sizes=\"auto, (max-width: 709px) 85vw, (max-width: 909px) 67vw, (max-width: 1362px) 62vw, 840px\" \/><\/figure><\/li><li class=\"blocks-gallery-item\"><figure><img loading=\"lazy\" decoding=\"async\" width=\"1024\" height=\"798\" src=\"http:\/\/home.pf.jcu.cz\/~upvm\/2019\/wp-content\/uploads\/apartm\u00e1n-3-ob\u00fdv\u00e1k-1024x798.jpg\" alt=\"\" data-id=\"787\" data-link=\"http:\/\/home.pf.jcu.cz\/~upvm\/2019\/?attachment_id=787\" class=\"wp-image-787\" srcset=\"http:\/\/home.pf.jcu.cz\/~upvm\/2019\/wp-content\/uploads\/apartm\u00e1n-3-ob\u00fdv\u00e1k-1024x798.jpg 1024w, http:\/\/home.pf.jcu.cz\/~upvm\/2019\/wp-content\/uploads\/apartm\u00e1n-3-ob\u00fdv\u00e1k-300x234.jpg 300w, http:\/\/home.pf.jcu.cz\/~upvm\/2019\/wp-content\/uploads\/apartm\u00e1n-3-ob\u00fdv\u00e1k-768x598.jpg 768w, http:\/\/home.pf.jcu.cz\/~upvm\/2019\/wp-content\/uploads\/apartm\u00e1n-3-ob\u00fdv\u00e1k.jpg 1068w\" sizes=\"auto, (max-width: 709px) 85vw, (max-width: 909px) 67vw, (max-width: 1362px) 62vw, 840px\" \/><\/figure><\/li><li class=\"blocks-gallery-item\"><figure><img loading=\"lazy\" decoding=\"async\" width=\"1024\" height=\"768\" src=\"http:\/\/home.pf.jcu.cz\/~upvm\/2019\/wp-content\/uploads\/apartm\u00e1n-3-postel-1024x768.jpg\" alt=\"\" data-id=\"788\" data-link=\"http:\/\/home.pf.jcu.cz\/~upvm\/2019\/?attachment_id=788\" class=\"wp-image-788\" srcset=\"http:\/\/home.pf.jcu.cz\/~upvm\/2019\/wp-content\/uploads\/apartm\u00e1n-3-postel-1024x768.jpg 1024w, http:\/\/home.pf.jcu.cz\/~upvm\/2019\/wp-content\/uploads\/apartm\u00e1n-3-postel-300x225.jpg 300w, http:\/\/home.pf.jcu.cz\/~upvm\/2019\/wp-content\/uploads\/apartm\u00e1n-3-postel-768x576.jpg 768w, http:\/\/home.pf.jcu.cz\/~upvm\/2019\/wp-content\/uploads\/apartm\u00e1n-3-postel-1200x900.jpg 1200w, http:\/\/home.pf.jcu.cz\/~upvm\/2019\/wp-content\/uploads\/apartm\u00e1n-3-postel.jpg 1334w\" sizes=\"auto, (max-width: 709px) 85vw, (max-width: 909px) 67vw, (max-width: 1362px) 62vw, 840px\" \/><\/figure><\/li><li class=\"blocks-gallery-item\"><figure><img loading=\"lazy\" decoding=\"async\" width=\"761\" height=\"1024\" src=\"http:\/\/home.pf.jcu.cz\/~upvm\/2019\/wp-content\/uploads\/apartm\u00e1n-3-terasa-761x1024.jpg\" alt=\"\" data-id=\"789\" data-link=\"http:\/\/home.pf.jcu.cz\/~upvm\/2019\/?attachment_id=789\" class=\"wp-image-789\" srcset=\"http:\/\/home.pf.jcu.cz\/~upvm\/2019\/wp-content\/uploads\/apartm\u00e1n-3-terasa-761x1024.jpg 761w, http:\/\/home.pf.jcu.cz\/~upvm\/2019\/wp-content\/uploads\/apartm\u00e1n-3-terasa-223x300.jpg 223w, http:\/\/home.pf.jcu.cz\/~upvm\/2019\/wp-content\/uploads\/apartm\u00e1n-3-terasa-768x1033.jpg 768w, http:\/\/home.pf.jcu.cz\/~upvm\/2019\/wp-content\/uploads\/apartm\u00e1n-3-terasa.jpg 992w\" sizes=\"auto, (max-width: 761px) 85vw, 761px\" \/><\/figure><\/li><\/ul>\n\n\n\n<p>Ve v\u0161ech apartm\u00e1nech je bezplatn\u00e9 p\u0159ipojen\u00ed k wi-fi, povle\u010den\u00ed a ru\u010dn\u00edky. <\/p>\n","protected":false},"excerpt":{"rendered":"<p>V r\u00e1mci konference bylo pro \u00fa\u010dastn\u00edky konference vyjedn\u00e1no zv\u00fdhodn\u011bn\u00e9 ubytov\u00e1n\u00ed v Apartm\u00e1nech Hroznovka https:\/\/apartmanyhroznovka.eatbu.com. Z\u00e1jemci o ubytov\u00e1n\u00ed si jej mohohou rezervovat u Marcely Willinger na telefonu 606 384 840 nebo na e-mailov\u00e9 adrese hroznovka14@email.cz. P\u0159i rezervaci pros\u00edm uve\u010fte, \u017ee se jedn\u00e1 o ubytov\u00e1n\u00ed na konferenci UPVM. Apartm\u00e1n \u010d. 1 &#8211; pro 2 osoby lo\u017enice (man\u017eelsk\u00e1 &hellip; <a href=\"http:\/\/home.pf.jcu.cz\/~upvm\/2019\/index.php\/apartmany-hroznovka\/\" class=\"more-link\">Pokra\u010dovat ve \u010dten\u00ed<span class=\"screen-reader-text\"> &#8222;Apartm\u00e1ny Hroznovka&#8220;<\/span><\/a><\/p>\n","protected":false},"author":2,"featured_media":0,"parent":0,"menu_order":0,"comment_status":"closed","ping_status":"closed","template":"","meta":{"footnotes":""},"class_list":["post-771","page","type-page","status-publish","hentry"],"_links":{"self":[{"href":"http:\/\/home.pf.jcu.cz\/~upvm\/2019\/index.php\/wp-json\/wp\/v2\/pages\/771","targetHints":{"allow":["GET"]}}],"collection":[{"href":"http:\/\/home.pf.jcu.cz\/~upvm\/2019\/index.php\/wp-json\/wp\/v2\/pages"}],"about":[{"href":"http:\/\/home.pf.jcu.cz\/~upvm\/2019\/index.php\/wp-json\/wp\/v2\/types\/page"}],"author":[{"embeddable":true,"href":"http:\/\/home.pf.jcu.cz\/~upvm\/2019\/index.php\/wp-json\/wp\/v2\/users\/2"}],"replies":[{"embeddable":true,"href":"http:\/\/home.pf.jcu.cz\/~upvm\/2019\/index.php\/wp-json\/wp\/v2\/comments?post=771"}],"version-history":[{"count":9,"href":"http:\/\/home.pf.jcu.cz\/~upvm\/2019\/index.php\/wp-json\/wp\/v2\/pages\/771\/revisions"}],"predecessor-version":[{"id":795,"href":"http:\/\/home.pf.jcu.cz\/~upvm\/2019\/index.php\/wp-json\/wp\/v2\/pages\/771\/revisions\/795"}],"wp:attachment":[{"href":"http:\/\/home.pf.jcu.cz\/~upvm\/2019\/index.php\/wp-json\/wp\/v2\/media?parent=771"}],"curies":[{"name":"wp","href":"https:\/\/api.w.org\/{rel}","templated":true}]}}