{"id":635,"date":"2019-03-10T23:04:08","date_gmt":"2019-03-10T22:04:08","guid":{"rendered":"http:\/\/home.pf.jcu.cz\/~upvm\/2019\/?page_id=635"},"modified":"2021-04-02T22:58:12","modified_gmt":"2021-04-02T20:58:12","slug":"registrace-noveho-ucastnika","status":"publish","type":"page","link":"http:\/\/home.pf.jcu.cz\/~upvm\/2021\/index.php\/registrace-noveho-ucastnika\/","title":{"rendered":"Registrace nov\u00e9ho \u00fa\u010dastn\u00edka"},"content":{"rendered":"\t\t <form action=\"http:\/\/home.pf.jcu.cz\/~upvm\/2021\/wp-admin\/admin-post.php\" method=\"post\" enctype=\"multipart\/form-data\" id=\"formPrihlaska\">\r\n\t\t\t<input type=\"hidden\" name=\"action\" value=\"registrace_nova_prihlaska\">\r\n\t\t\t<table class=\"registracni_formular\">\r\n\t\r\n\t<tr>\r\n\t\t<td colspan=\"3\" class=\"center\"><p><strong>Upozorn\u011bn\u00ed:<\/strong> Je po uz\u00e1v\u011brce p\u0159\u00edsp\u011bvk\u016f a workshop\u016f.<\/p><p>Pokud chcete nyn\u00ed p\u0159ihl\u00e1sit p\u0159\u00edsp\u011bvek nebo workshop, za\u0161lete, pros\u00edm, \u017e\u00e1dost na e-mail <a href=\"mailto:petrasek@pf.jcu.cz\">petrasek@pf.jcu.cz<\/a>.<\/p><\/td>\r\n\t<\/tr>\r\n\t\t\t\t<tr>\r\n\t\t\t\t\t<td colspan=\"3\" class=\"header\">\u00da\u010dastn\u00edk\r\n\t\t\t\t\t\t<input type=\"hidden\" name=\"id_ucastnika\" value=\"0\" \/>\r\n\t\t\t\t\t\t<input type=\"hidden\" name=\"akce_form\" value=\"nova_prihlaska\" \/>\r\n\t\t\t\t\t<\/td>\r\n\t\t\t\t<\/tr>\r\n\r\n\t\t\t\t<tr>\r\n\t\t\t\t\t<td class=\"smallheader\">Jm\u00e9no:\r\n\t\t\t\t\t<td colspan=\"2\">\r\n\t\t\t\t\t\t<input type=\"text\" name=\"jmeno\" value=\"\" class=\"text\" required\t\/>\r\n\t\t\t\t\t<\/td>\r\n\t\t\t\t<\/tr>\r\n\t\t\t\t<tr>\r\n\t\t\t\t\t<td class=\"smallheader\">P\u0159\u00edjmen\u00ed:<\/td>\r\n\t\t\t\t\t<td colspan=\"2\">\r\n\t\t\t\t\t\t<input type=\"text\" name=\"prijmeni\" value=\"\" class=\"text\" required \/>\r\n\t\t\t\t\t<\/td>\r\n\t\t\t\t<\/tr>\r\n\t\t\t\t<tr>\r\n\t\t\t\t\t<td class=\"smallheader\">Titul(y):<\/td>\r\n\t\t\t\t\t<td colspan=\"2\">\r\n\t\t\t\t\t\t<input type=\"text\" name=\"titul\" value=\"\" class=\"text\" \/>\r\n\t\t\t\t\t<\/td>\r\n\t\t\t\t<\/tr>\r\n\t\t\t\t<tr>\r\n\t\t\t\t\t<td class=\"smallheader\">E-mail:<\/td>\r\n\t\t\t\t\t<td colspan=\"2\">\r\n\t\t\t\t\t\t<input type=\"email\" name=\"email\" value=\"\" class=\"text\"  required \/>\t\r\n\t\t\t\t\t<\/td>\r\n\t\t\t\t<\/tr>\r\n\t\t\t\t<tr>\r\n\t\t\t\t\t<td class=\"smallheader\">Heslo:<\/td>\r\n\t\t\t\t\t<td colspan=\"2\">\r\n\t\t\t\t\t\t<input type=\"password\" name=\"heslo\" value=\"\" class=\"text\" required \/>\r\n\t\t\t\t\t<\/td>\r\n\t\t\t\t<\/tr>\r\n\t\t\t\t<tr>\r\n\t\t\t\t\t<td class=\"smallheader\">Telefon:<\/td>\r\n\t\t\t\t\t<td colspan=\"2\">\r\n\t\t\t\t\t\t<input type=\"text\" name=\"telefon\" value=\"\" class=\"text\" required \/><br \/>\r\n\t\t\t\t\t<\/td>\r\n\t\t\t\t<\/tr>\r\n\t\t\t\t<tr>\r\n\t\t\t\t\t<td class=\"smallheader\">Jsem \u010dlenem J\u010cMF:<\/td>\r\n\t\t\t\t\t<td colspan=\"2\">\r\n\t\t\t\t\t\t<input type=\"radio\" name=\"clenJCMF\" id=\"clenJCMF_ano\" value=\"1\"\/><label for=\"clenJCMF_ano\">ano<\/label>\r\n\t\t\t\t\t\t<input type=\"radio\" name=\"clenJCMF\" id=\"clenJCMF_ne\" value=\"0\" \/><label for=\"clenJCMF_ne\">ne<\/label>\r\n\t\t\t\t\t<\/td>\r\n\t\t\t\t<\/tr>\r\n\t\t\t\t<tr>\r\n\t\t\t\t\t<td colspan=\"3\" class=\"header\">Pracovi\u0161t\u011b<\/td>\r\n\t\t\t\t<\/tr>\r\n\t\t\t\t<tr>\r\n\t\t\t\t\t<td class=\"smallheader\">N\u00e1zev:<\/td>\r\n\t\t\t\t\t<td colspan=\"2\">\r\n\t\t\t\t\t\t<input type=\"text\" name=\"nazev\" value=\"\" class=\"text\" required \/>\r\n\t\t\t\t\t<\/td>\r\n\t\t\t\t<\/tr>\r\n\t\t\t\t<tr>\r\n\t\t\t\t\t<td class=\"smallheader\">Ulice, \u010dp:<\/td>\r\n\t\t\t\t\t<td colspan=\"2\">\r\n\t\t\t\t\t\t<input type=\"text\" name=\"ulice_cp\" value=\"\" class=\"text\" required \/>\r\n\t\t\t\t\t<\/td>\r\n\t\t\t\t<\/tr>\r\n\t\t\t\t<tr>\r\n\t\t\t\t\t<td class=\"smallheader\">M\u011bsto:<\/td>\r\n\t\t\t\t\t<td colspan=\"2\">\r\n\t\t\t\t\t\t<input type=\"text\" name=\"mesto\" value=\"\" class=\"text\" required \/>\r\n\t\t\t\t\t<\/td>\r\n\t\t\t\t<\/tr>\r\n\t\t\t\t<tr>\r\n\t\t\t\t\t<td class=\"smallheader\">PS\u010c:<\/td>\r\n\t\t\t\t\t<td colspan=\"2\">\r\n\t\t\t\t\t\t<input type=\"text\" name=\"psc\" value=\"\" class=\"text\" \/>\r\n\t\t\t\t\t<\/td>\r\n\t\t\t\t<\/tr>\r\n\t\t\t\t<tr>\r\n\t\t\t\t\t<td class=\"smallheader\">I\u010cO:<\/td>\r\n\t\t\t\t\t<td colspan=\"2\">\r\n\t\t\t\t\t\t<input type=\"text\" name=\"ico\" value=\"\" class=\"text\" \/>\r\n\t\t\t\t\t<\/td>\r\n\t\t\t\t<\/tr>\r\n\t\t\t\t<tr>\r\n\t\t\t\t\t<td colspan=\"3\" class=\"header\">Faktura\u010dn\u00ed \u00fadaje<\/td>\r\n\t\t\t\t<\/tr>\r\n\t\t\t\t<tr>\r\n\t\t\t\t\t<td class=\"smallheader\">Zadat faktura\u010dn\u00ed \u00fadaje:<\/td>\r\n\t\t\t\t\t<td colspan=\"2\">\r\n\t\t\t\t\t\t<input type=\"radio\" name=\"faktura\" id=\"faktura_ne\" value=\"ne\" onclick=\"skryj('zadat_fakturacni_udaje');\" checked=\"checked\" \/><label for=\"faktura_ne\">stejn\u00e9 jako pracovi\u0161t\u011b<\/label>\r\n\t\t\t\t\t\t<input type=\"radio\" name=\"faktura\" id=\"faktura_ano\" value=\"ano\" onclick=\"zobraz('zadat_fakturacni_udaje');\" \/><label for=\"faktura_ano\">jin\u00e9<\/label>\r\n\t\t\t\t\t<\/td>\r\n\t\t\t\t<\/tr>\r\n\t\t\t\t<tr id=\"zadat_fakturacni_udaje\">\r\n\t\t\t\t\t<td class=\"smallheader\"><\/td>\r\n\t\t\t\t\t<td colspan=\"2\">\r\n\t\t\t\t\t\t<textarea rows=\"4\" cols=\"50\" name=\"fakturacni_udaje\"><\/textarea>\r\n\t\t\t\t\t<\/td>\r\n\t\t\t\t<\/tr>\r\n\r\n\r\n\t\t\t\t<tr>\r\n\t\t\t\t\t<td colspan=\"3\" class=\"center\">\r\n\t\t\t\t\t\t<input type=\"hidden\" name=\"workshop\" value=\"ne\">\r\n\t\t\t\t\tP\u0159ihla\u0161ov\u00e1n\u00ed bylo uzav\u0159eno.\r\n\t\t\t\t\t\t\r\n\t\t\t\t\t<\/td>\r\n\t\t\t\t<\/tr>\r\n\t\t\t<\/table>\r\n\t\t\t<\/form>\r\n\t\t\t<p>\r\n\t\t\t\t\t\t\tZaregistrovali jste se u\u017e d\u0159\u00edve a chcete zm\u011bnit \u00fadaje nebo vytisknout fakturu? M\u016f\u017eete se <a href=\"http:\/\/home.pf.jcu.cz\/~upvm\/2021\/index.php\/moje-udaje\/\">p\u0159ihl\u00e1sit zde<\/a>.\r\n\t\t\t\t\t\t<\/p><script type=\"text\/javascript\">\r\nfunction zobraz(obj) {\r\n\tdocument.getElementById(obj).style.display = \"\";\r\n}\r\n\r\nfunction skryj(obj) {\r\n\tdocument.getElementById(obj).style.display = \"none\";\r\n}\t\t\/* <![CDATA[ *\/\r\n\t skryj('zadat_fakturacni_udaje');\r\n\t skryj('prispevek_predbezny_nazev');\r\n\t skryj('prispevek_anotace');\r\n\t skryj('nazev_workshopu');\r\n\t skryj('workshop_anotace');\r\n\t skryj('workshop_pozadavky');\r\n\t\t\/* ]]> *\/\r\n<\/script>\r\n\r\n\r\n\n\n\n\n<p><br><\/p>\n","protected":false},"excerpt":{"rendered":"","protected":false},"author":1,"featured_media":0,"parent":0,"menu_order":0,"comment_status":"closed","ping_status":"closed","template":"","meta":{"footnotes":""},"class_list":["post-635","page","type-page","status-publish","hentry"],"_links":{"self":[{"href":"http:\/\/home.pf.jcu.cz\/~upvm\/2021\/index.php\/wp-json\/wp\/v2\/pages\/635","targetHints":{"allow":["GET"]}}],"collection":[{"href":"http:\/\/home.pf.jcu.cz\/~upvm\/2021\/index.php\/wp-json\/wp\/v2\/pages"}],"about":[{"href":"http:\/\/home.pf.jcu.cz\/~upvm\/2021\/index.php\/wp-json\/wp\/v2\/types\/page"}],"author":[{"embeddable":true,"href":"http:\/\/home.pf.jcu.cz\/~upvm\/2021\/index.php\/wp-json\/wp\/v2\/users\/1"}],"replies":[{"embeddable":true,"href":"http:\/\/home.pf.jcu.cz\/~upvm\/2021\/index.php\/wp-json\/wp\/v2\/comments?post=635"}],"version-history":[{"count":5,"href":"http:\/\/home.pf.jcu.cz\/~upvm\/2021\/index.php\/wp-json\/wp\/v2\/pages\/635\/revisions"}],"predecessor-version":[{"id":892,"href":"http:\/\/home.pf.jcu.cz\/~upvm\/2021\/index.php\/wp-json\/wp\/v2\/pages\/635\/revisions\/892"}],"wp:attachment":[{"href":"http:\/\/home.pf.jcu.cz\/~upvm\/2021\/index.php\/wp-json\/wp\/v2\/media?parent=635"}],"curies":[{"name":"wp","href":"https:\/\/api.w.org\/{rel}","templated":true}]}}