{"id":10,"date":"2007-11-13T11:32:32","date_gmt":"2007-11-13T10:32:32","guid":{"rendered":"http:\/\/home.pf.jcu.cz\/~upvvm\/2007\/?page_id=10"},"modified":"2007-12-18T16:41:01","modified_gmt":"2007-12-18T15:41:01","slug":"prezentace-a-jine-materialy","status":"publish","type":"page","link":"http:\/\/home.pf.jcu.cz\/~upvvm\/2007\/?page_id=10","title":{"rendered":"PREZENTACE A JIN\u00c9 MATERI\u00c1LY"},"content":{"rendered":"<p><texy><\/p>\n<p><b>\u0160\u00e1rka Gergelitsov\u00e1<\/b><br \/><a href=\"http:\/\/www.gbn.cz\/sarka\/hry\/\"> <b style=\"color:blue;\">Hry pro podporu prostorov\u00e9 p\u0159edstavivosti<\/b><\/a><br \/>\n<br \/><a href=\"http:\/\/www.gbn.cz\/cabri\/CB\/\"> <b style=\"color:blue;\">Cabri ve v\u00fduce stereometrie<\/b><\/a><br \/>\n<\/p>\n<p><b>Roman Ha\u0161ek<\/b><br \/><a href=\"http:\/\/home.pf.jcu.cz\/~upvvm\/Presentations\/Hasek_ProgramovaniDerive.ppt\"> <b style=\"color:blue;\">Roz\u0161\u00ed\u0159en\u00ed mo\u017enost\u00ed vyu\u017eit\u00ed CAS programu Derive ve v\u00fduce <\/b><\/a><br \/>\n<\/p>\n<p><b>Monika Kov\u00e1\u010dov\u00e1<\/b><br \/><a href=\"http:\/\/home.pf.jcu.cz\/~upvvm\/Presentations\/Kovacova_MathematicalExplorer.pps\"> <b style=\"color:blue;\">The Mathematical Explorer<\/b><\/a><br \/>\n<\/p>\n<p><b>V\u00e1clav Petrbok<\/b><br \/><a href=\"http:\/\/home.pf.jcu.cz\/~upvvm\/Presentations\/Petrbok_Prezentace Cabri 3D.ppt\"> <b style=\"color:blue;\">Prezentace programu Cabri 3D<\/b><\/a><br \/>\n<\/p>\n<p><b>Marie Polcerov\u00e1<\/b><br \/><a href=\"http:\/\/home.pf.jcu.cz\/~upvvm\/Presentations\/Polcerova_vliv.ppt\"> <b style=\"color:blue;\">Vliv po\u010d\u00edta\u010d\u016f na v\u00fduku matematiky<\/b><\/a><\/p>\n","protected":false},"excerpt":{"rendered":"<p>\u0160\u00e1rka Gergelitsov\u00e1 Hry pro podporu prostorov\u00e9 p\u0159edstavivosti Cabri ve v\u00fduce stereometrie Roman Ha\u0161ek Roz\u0161\u00ed\u0159en\u00ed mo\u017enost\u00ed vyu\u017eit\u00ed CAS programu Derive ve v\u00fduce Monika Kov\u00e1\u010dov\u00e1 The Mathematical Explorer V\u00e1clav Petrbok Prezentace programu Cabri 3D Marie Polcerov\u00e1 Vliv po\u010d\u00edta\u010d\u016f na v\u00fduku matematiky<\/p>\n","protected":false},"author":2,"featured_media":0,"parent":0,"menu_order":0,"comment_status":"open","ping_status":"open","template":"","meta":{"footnotes":""},"class_list":["post-10","page","type-page","status-publish","hentry"],"_links":{"self":[{"href":"http:\/\/home.pf.jcu.cz\/~upvvm\/2007\/index.php?rest_route=\/wp\/v2\/pages\/10","targetHints":{"allow":["GET"]}}],"collection":[{"href":"http:\/\/home.pf.jcu.cz\/~upvvm\/2007\/index.php?rest_route=\/wp\/v2\/pages"}],"about":[{"href":"http:\/\/home.pf.jcu.cz\/~upvvm\/2007\/index.php?rest_route=\/wp\/v2\/types\/page"}],"author":[{"embeddable":true,"href":"http:\/\/home.pf.jcu.cz\/~upvvm\/2007\/index.php?rest_route=\/wp\/v2\/users\/2"}],"replies":[{"embeddable":true,"href":"http:\/\/home.pf.jcu.cz\/~upvvm\/2007\/index.php?rest_route=%2Fwp%2Fv2%2Fcomments&post=10"}],"version-history":[{"count":0,"href":"http:\/\/home.pf.jcu.cz\/~upvvm\/2007\/index.php?rest_route=\/wp\/v2\/pages\/10\/revisions"}],"wp:attachment":[{"href":"http:\/\/home.pf.jcu.cz\/~upvvm\/2007\/index.php?rest_route=%2Fwp%2Fv2%2Fmedia&parent=10"}],"curies":[{"name":"wp","href":"https:\/\/api.w.org\/{rel}","templated":true}]}}