{"id":3,"date":"2007-02-23T20:13:01","date_gmt":"2007-02-23T19:13:01","guid":{"rendered":"http:\/\/home.pf.jcu.cz\/~upvvm\/2007\/?page_id=3"},"modified":"2007-06-18T13:24:31","modified_gmt":"2007-06-18T12:24:31","slug":"ubytovani-a-stravovani","status":"publish","type":"page","link":"http:\/\/home.pf.jcu.cz\/~upvvm\/2007\/?page_id=3","title":{"rendered":"Vlo\u017en\u00e9 a stravov\u00e1n\u00ed"},"content":{"rendered":"<p><texy>Vlo\u017en\u00e9, stravov\u00e1n\u00ed, ubytov\u00e1n\u00ed<br \/>\n&#8212;&#8212;&#8212;&#8212;&#8212;&#8212;&#8212;&#8212;&#8212;-<br \/>\nVlo\u017en\u00e9 \u010din\u00ed 1 200 K\u010d. Ve vlo\u017en\u00e9m je  zahrnuta cena sborn\u00edku, pron\u00e1jem po\u010d\u00edta\u010dov\u00fdch u\u010deben a odm\u011bna zahrani\u010dn\u00edm lektor\u016fm. \u00dahrada vlo\u017en\u00e9ho p\u0159edem na \u00fa\u010det pobo\u010dky Raiffeisen bank 1000030677\/5500, jako variabiln\u00ed symbol platby uv\u00e1d\u011bjte <strong>identifika\u010dn\u00ed \u010d\u00edslo \u00fa\u010dastn\u00edka<\/strong> (Toto identifika\u010dn\u00ed \u010d\u00edslo je pro ka\u017ed\u00e9ho \u00fa\u010dastn\u00edka vygenerov\u00e1no automaticky po vypln\u011bn\u00ed a odesl\u00e1n\u00ed formul\u00e1\u0159e &#8222;P\u0159ihl\u00e1\u0161ka&#8220; na http:\/\/www.pf.jcu.cz\/upvm. Pot\u00e9 ho zjist\u00edte potvrzen\u00edm sv\u00e9ho jm\u00e9na v rubrice &#8222;Seznam p\u0159ihl\u00e1\u0161en\u00fdch&#8220;.). Potvrzen\u00ed o zaplacen\u00ed vlo\u017en\u00e9ho p\u0159edlo\u017e\u00ed \u00fa\u010dastn\u00edk p\u0159i registraci na konferenci.  Platit je mo\u017en\u00e9 i hotov\u011b p\u0159i registraci.<br \/>\nNab\u00eddka ubytov\u00e1n\u00ed je uvedena na  http:\/\/www.pf.jcu.cz\/upvm. Rezervaci ubytov\u00e1n\u00ed si \u00fa\u010dastn\u00edci provedou sami. N\u011bkolik typ\u016f na ubytov\u00e1n\u00ed nab\u00edz\u00edme &#8222;zde&#8220;:http:\/\/home.pf.jcu.cz\/~upvvm\/?page_id=5. <\/p>\n<p>Registrace<br \/>\n&#8212;&#8212;&#8212;-<br \/>\nRegistrujte se pros\u00edm elektronicky na adrese http:\/\/www.pf.jcu.cz\/upvm nebo pomoc\u00ed p\u0159ilo\u017een\u00e9 p\u0159ihl\u00e1\u0161ky.<\/p>\n","protected":false},"excerpt":{"rendered":"<p>Vlo\u017en\u00e9, stravov\u00e1n\u00ed, ubytov\u00e1n\u00ed &#8212;&#8212;&#8212;&#8212;&#8212;&#8212;&#8212;&#8212;&#8212;- Vlo\u017en\u00e9 \u010din\u00ed 1 200 K\u010d. Ve vlo\u017en\u00e9m je zahrnuta cena sborn\u00edku, pron\u00e1jem po\u010d\u00edta\u010dov\u00fdch u\u010deben a odm\u011bna zahrani\u010dn\u00edm lektor\u016fm. \u00dahrada vlo\u017en\u00e9ho p\u0159edem na \u00fa\u010det pobo\u010dky Raiffeisen bank 1000030677\/5500, jako variabiln\u00ed symbol platby uv\u00e1d\u011bjte identifika\u010dn\u00ed \u010d\u00edslo \u00fa\u010dastn\u00edka (Toto identifika\u010dn\u00ed \u010d\u00edslo je pro ka\u017ed\u00e9ho \u00fa\u010dastn\u00edka vygenerov\u00e1no automaticky po vypln\u011bn\u00ed a odesl\u00e1n\u00ed formul\u00e1\u0159e &#8222;P\u0159ihl\u00e1\u0161ka&#8220; na [&hellip;]<\/p>\n","protected":false},"author":1,"featured_media":0,"parent":0,"menu_order":2,"comment_status":"open","ping_status":"open","template":"","meta":{"footnotes":""},"class_list":["post-3","page","type-page","status-publish","hentry"],"_links":{"self":[{"href":"http:\/\/home.pf.jcu.cz\/~upvvm\/2007\/index.php?rest_route=\/wp\/v2\/pages\/3","targetHints":{"allow":["GET"]}}],"collection":[{"href":"http:\/\/home.pf.jcu.cz\/~upvvm\/2007\/index.php?rest_route=\/wp\/v2\/pages"}],"about":[{"href":"http:\/\/home.pf.jcu.cz\/~upvvm\/2007\/index.php?rest_route=\/wp\/v2\/types\/page"}],"author":[{"embeddable":true,"href":"http:\/\/home.pf.jcu.cz\/~upvvm\/2007\/index.php?rest_route=\/wp\/v2\/users\/1"}],"replies":[{"embeddable":true,"href":"http:\/\/home.pf.jcu.cz\/~upvvm\/2007\/index.php?rest_route=%2Fwp%2Fv2%2Fcomments&post=3"}],"version-history":[{"count":0,"href":"http:\/\/home.pf.jcu.cz\/~upvvm\/2007\/index.php?rest_route=\/wp\/v2\/pages\/3\/revisions"}],"wp:attachment":[{"href":"http:\/\/home.pf.jcu.cz\/~upvvm\/2007\/index.php?rest_route=%2Fwp%2Fv2%2Fmedia&parent=3"}],"curies":[{"name":"wp","href":"https:\/\/api.w.org\/{rel}","templated":true}]}}