{"id":4,"date":"2007-02-23T20:13:37","date_gmt":"2007-02-23T19:13:37","guid":{"rendered":"http:\/\/home.pf.jcu.cz\/~upvvm\/2007\/?page_id=4"},"modified":"2007-05-23T12:22:52","modified_gmt":"2007-05-23T11:22:52","slug":"kontakty-a-dulezite-terminy","status":"publish","type":"page","link":"http:\/\/home.pf.jcu.cz\/~upvvm\/2007\/?page_id=4","title":{"rendered":"Kontakty a d\u016fle\u017eit\u00e9 term\u00edny"},"content":{"rendered":"<p><texy>D\u016fle\u017eit\u00e9 term\u00edny<br \/>\n&#8212;&#8212;&#8212;&#8212;&#8212;<br \/>\n&#8211; 30. 6. 2007 Zasl\u00e1n\u00ed anotace p\u0159\u00edsp\u011bvku (max. 12 \u0159\u00e1dk\u016f)<br \/>\n&#8211; do 15. 9. 2007 Odevzd\u00e1n\u00ed p\u0159\u00edsp\u011bvku pro sborn\u00edk<br \/>\n&#8211; 8. 11. 2007 v 10 hodin zah\u00e1jen\u00ed konference<\/p>\n<p>Kontaktn\u00ed adresa<br \/>\n&#8212;&#8212;&#8212;&#8212;&#8212;-<br \/>\nRNDr. Helena Binterov\u00e1, Ph.D.<\/p>\n<p>PF  JU v \u010c. Bud\u011bjovic\u00edch, Jeron\u00fdmova 10, <\/p>\n<p>371 15 \u010cesk\u00e9 Bud\u011bjovice<\/p>\n<p>tel. 387 773 087, 604 978 864<\/p>\n<p>e-mail: hbinter@pf.jcu.cz<\/p>\n","protected":false},"excerpt":{"rendered":"<p>D\u016fle\u017eit\u00e9 term\u00edny &#8212;&#8212;&#8212;&#8212;&#8212; &#8211; 30. 6. 2007 Zasl\u00e1n\u00ed anotace p\u0159\u00edsp\u011bvku (max. 12 \u0159\u00e1dk\u016f) &#8211; do 15. 9. 2007 Odevzd\u00e1n\u00ed p\u0159\u00edsp\u011bvku pro sborn\u00edk &#8211; 8. 11. 2007 v 10 hodin zah\u00e1jen\u00ed konference Kontaktn\u00ed adresa &#8212;&#8212;&#8212;&#8212;&#8212;- RNDr. Helena Binterov\u00e1, Ph.D. PF JU v \u010c. Bud\u011bjovic\u00edch, Jeron\u00fdmova 10, 371 15 \u010cesk\u00e9 Bud\u011bjovice tel. 387 773 087, 604 978 [&hellip;]<\/p>\n","protected":false},"author":1,"featured_media":0,"parent":0,"menu_order":3,"comment_status":"open","ping_status":"open","template":"","meta":{"footnotes":""},"class_list":["post-4","page","type-page","status-publish","hentry"],"_links":{"self":[{"href":"http:\/\/home.pf.jcu.cz\/~upvvm\/2007\/index.php?rest_route=\/wp\/v2\/pages\/4","targetHints":{"allow":["GET"]}}],"collection":[{"href":"http:\/\/home.pf.jcu.cz\/~upvvm\/2007\/index.php?rest_route=\/wp\/v2\/pages"}],"about":[{"href":"http:\/\/home.pf.jcu.cz\/~upvvm\/2007\/index.php?rest_route=\/wp\/v2\/types\/page"}],"author":[{"embeddable":true,"href":"http:\/\/home.pf.jcu.cz\/~upvvm\/2007\/index.php?rest_route=\/wp\/v2\/users\/1"}],"replies":[{"embeddable":true,"href":"http:\/\/home.pf.jcu.cz\/~upvvm\/2007\/index.php?rest_route=%2Fwp%2Fv2%2Fcomments&post=4"}],"version-history":[{"count":0,"href":"http:\/\/home.pf.jcu.cz\/~upvvm\/2007\/index.php?rest_route=\/wp\/v2\/pages\/4\/revisions"}],"wp:attachment":[{"href":"http:\/\/home.pf.jcu.cz\/~upvvm\/2007\/index.php?rest_route=%2Fwp%2Fv2%2Fmedia&parent=4"}],"curies":[{"name":"wp","href":"https:\/\/api.w.org\/{rel}","templated":true}]}}