{"id":6,"date":"2007-03-28T09:21:32","date_gmt":"2007-03-28T08:21:32","guid":{"rendered":"http:\/\/home.pf.jcu.cz\/~upvvm\/2007\/?page_id=6"},"modified":"2007-03-28T09:27:08","modified_gmt":"2007-03-28T08:27:08","slug":"plenarni-prednasky","status":"publish","type":"page","link":"http:\/\/home.pf.jcu.cz\/~upvvm\/2007\/?page_id=6","title":{"rendered":"Plen\u00e1rn\u00ed p\u0159edn\u00e1\u0161ky"},"content":{"rendered":"<p><texy><strong>RNDr. Miroslav L\u00e1vi\u010dka, Ph.D.<\/strong> <br \/>\nZ\u00e1pado\u010desk\u00e1 univerzita v Plzni<br \/>\n<br \/>\n**Dynamick\u00e1 hyperbolick\u00e1 geometrie aneb okna neeukleidovsk\u00e9ho sv\u011bta doko\u0159\u00e1n**<\/p>\n<p><strong>Dr. Josef B\u00f6hm<\/strong> <br \/>\nAustrian Center for Didactics of Computer Algebra, Austria <br \/>\n**Bring Your Environment into the Classroom \u2013 Use DERIVE and a Digital Camera**<\/p>\n<p><strong>Mgr. Roman Ha\u0161ek, Ph.D.<\/strong> <br \/>\nJiho\u010desk\u00e1 univerzita v \u010cesk\u00fdch Bud\u011bjovic\u00edch <br \/>\n**Roz\u0161\u00ed\u0159en\u00ed mo\u017enost\u00ed vyu\u017eit\u00ed CAS programu ve v\u00fduce (programov\u00e1n\u00ed v CAS)**<\/p>\n","protected":false},"excerpt":{"rendered":"<p>RNDr. Miroslav L\u00e1vi\u010dka, Ph.D. Z\u00e1pado\u010desk\u00e1 univerzita v Plzni **Dynamick\u00e1 hyperbolick\u00e1 geometrie aneb okna neeukleidovsk\u00e9ho sv\u011bta doko\u0159\u00e1n** Dr. Josef B\u00f6hm Austrian Center for Didactics of Computer Algebra, Austria **Bring Your Environment into the Classroom \u2013 Use DERIVE and a Digital Camera** Mgr. Roman Ha\u0161ek, Ph.D. Jiho\u010desk\u00e1 univerzita v \u010cesk\u00fdch Bud\u011bjovic\u00edch **Roz\u0161\u00ed\u0159en\u00ed mo\u017enost\u00ed vyu\u017eit\u00ed CAS programu ve [&hellip;]<\/p>\n","protected":false},"author":2,"featured_media":0,"parent":0,"menu_order":0,"comment_status":"open","ping_status":"open","template":"","meta":{"footnotes":""},"class_list":["post-6","page","type-page","status-publish","hentry"],"_links":{"self":[{"href":"http:\/\/home.pf.jcu.cz\/~upvvm\/2007\/index.php?rest_route=\/wp\/v2\/pages\/6","targetHints":{"allow":["GET"]}}],"collection":[{"href":"http:\/\/home.pf.jcu.cz\/~upvvm\/2007\/index.php?rest_route=\/wp\/v2\/pages"}],"about":[{"href":"http:\/\/home.pf.jcu.cz\/~upvvm\/2007\/index.php?rest_route=\/wp\/v2\/types\/page"}],"author":[{"embeddable":true,"href":"http:\/\/home.pf.jcu.cz\/~upvvm\/2007\/index.php?rest_route=\/wp\/v2\/users\/2"}],"replies":[{"embeddable":true,"href":"http:\/\/home.pf.jcu.cz\/~upvvm\/2007\/index.php?rest_route=%2Fwp%2Fv2%2Fcomments&post=6"}],"version-history":[{"count":0,"href":"http:\/\/home.pf.jcu.cz\/~upvvm\/2007\/index.php?rest_route=\/wp\/v2\/pages\/6\/revisions"}],"wp:attachment":[{"href":"http:\/\/home.pf.jcu.cz\/~upvvm\/2007\/index.php?rest_route=%2Fwp%2Fv2%2Fmedia&parent=6"}],"curies":[{"name":"wp","href":"https:\/\/api.w.org\/{rel}","templated":true}]}}