{"id":7,"date":"2007-03-28T09:39:51","date_gmt":"2007-03-28T08:39:51","guid":{"rendered":"http:\/\/home.pf.jcu.cz\/~upvvm\/2007\/?page_id=7"},"modified":"2007-10-30T10:38:40","modified_gmt":"2007-10-30T09:38:40","slug":"program-konference","status":"publish","type":"page","link":"http:\/\/home.pf.jcu.cz\/~upvvm\/2007\/?page_id=7","title":{"rendered":"Program konference"},"content":{"rendered":"<p><texy><\/p>\n<h2 id=\"toc-hlavni-titulek\">\nPodrobn\u00fd program ve form\u00e1tu PDF: <a href=\"http:\/\/www.pf.jcu.cz\/~jcmf\/Program.pdf\"> <\/p>\n<p style=\"color:red;\"><b>KLIKN\u011aTE ZDE<\/b><\/p>\n<p><\/a><br \/>\n<\/h2>\n<p><b>R\u00e1mcov\u00fd program<\/b><\/p>\n<table CELLPADDING=\"3\">\n<tr>\n<td><\/td>\n<td><strong>\u010ctvrtek, 8. 11.  <\/strong> <\/td>\n<\/tr>\n<tr>\n<td>10.00<\/td>\n<td>      slavnostn\u00ed zah\u00e1jen\u00ed <\/td>\n<\/tr>\n<tr>\n<td>10.30 <\/td>\n<td>    plen\u00e1rn\u00ed p\u0159edn\u00e1\u0161ka (RNDr. Miroslav L\u00e1vi\u010dka, Ph.D.)<\/td>\n<\/tr>\n<tr>\n<td> <\/td>\n<td>                <i> Ob\u011bd<\/i><\/td>\n<\/tr>\n<tr>\n<td VALIGN=\"top\">13.00-17.00 <\/td>\n<td><strong>workshopy<\/strong> &#8211; pr\u00e1ce s matematick\u00fdmi programy Cabri, Cabri 3D a Derive 6 v po\u010d\u00edta\u010dov\u00fdch u\u010debn\u00e1ch<\/td>\n<\/tr>\n<tr>\n<td> <\/td>\n<td> <strong> pr\u00e1ce v sekc\u00edch<\/strong> &#8211; Syst\u00e9my po\u010d\u00edta\u010dov\u00e9 algebry (CAS), Programy dynamick\u00e9 geometrie (DGS), Obecn\u00e9 ot\u00e1zky <\/td>\n<\/tr>\n<tr>\n<td> <\/td>\n<td>           <i> Ve\u010de\u0159e<\/i><\/td>\n<\/tr>\n<tr>\n<td><\/td>\n<td><\/td>\n<\/tr>\n<tr>\n<td><\/td>\n<td><strong>P\u00e1tek, 9. 11. <\/strong> <\/td>\n<\/tr>\n<tr>\n<td>9.00 <\/td>\n<td>          plen\u00e1rn\u00ed p\u0159edn\u00e1\u0161ka (Dr. Josef B\u00f6hm)<\/td>\n<\/tr>\n<tr>\n<td>10.30 <\/td>\n<td>       pr\u00e1ce v sekc\u00edch <\/td>\n<\/tr>\n<tr>\n<td> <\/td>\n<td>                <i> Ob\u011bd<\/i><\/td>\n<\/tr>\n<tr>\n<td VALIGN=\"top\">13.00-17.00 <\/td>\n<td><strong>workshopy<\/strong> &#8211; pr\u00e1ce s matematick\u00fdmi programy Cabri, Cabri 3D a Derive 6 v po\u010d\u00edta\u010dov\u00fdch u\u010debn\u00e1ch<\/td>\n<\/tr>\n<tr>\n<td> <\/td>\n<td> <strong> pr\u00e1ce v sekc\u00edch<\/strong> &#8211; Syst\u00e9my po\u010d\u00edta\u010dov\u00e9 algebry (CAS), Programy dynamick\u00e9 geometrie (DGS), Obecn\u00e9 ot\u00e1zky <\/td>\n<\/tr>\n<tr>\n<td> <\/td>\n<td>           <i> Ve\u010de\u0159e<\/i><\/td>\n<\/tr>\n<tr>\n<td> <\/td>\n<td>   Spole\u010densk\u00fd ve\u010der <\/td>\n<\/tr>\n<tr>\n<td><\/td>\n<td><\/td>\n<\/tr>\n<tr>\n<td><\/td>\n<td><strong>Sobota, 10. 11. <\/strong> <\/td>\n<\/tr>\n<tr>\n<td>9.00 <\/td>\n<td>         plen\u00e1rn\u00ed p\u0159edn\u00e1\u0161ka (Mgr. Roman Ha\u0161ek, Ph.D.)<\/td>\n<\/tr>\n<tr>\n<td VALIGN=\"top\">10.30 <\/td>\n<td>  Informace o jednom zaj\u00edmav\u00e9m projektu: <br \/>\nEncyklopedie &#8222;The Mathematical Explorer&#8220;<br \/> (Mgr. Monika Kov\u00e1\u010dov\u00e1, Ph.D., SjF STU) <\/td>\n<\/tr>\n<tr>\n<td> <\/td>\n<td> plen\u00e1rn\u00ed prezentace z\u00e1v\u011br\u016f ze sekc\u00ed<\/td>\n<\/tr>\n<tr>\n<td> <\/td>\n<td>   ukon\u010den\u00ed konference <\/td>\n<\/tr>\n<tr>\n<td> <\/td>\n<td>                <i> Ob\u011bd<\/i><\/td>\n<\/tr>\n<\/table>\n","protected":false},"excerpt":{"rendered":"<p>Podrobn\u00fd program ve form\u00e1tu PDF: KLIKN\u011aTE ZDE R\u00e1mcov\u00fd program \u010ctvrtek, 8. 11. 10.00 slavnostn\u00ed zah\u00e1jen\u00ed 10.30 plen\u00e1rn\u00ed p\u0159edn\u00e1\u0161ka (RNDr. Miroslav L\u00e1vi\u010dka, Ph.D.) Ob\u011bd 13.00-17.00 workshopy &#8211; pr\u00e1ce s matematick\u00fdmi programy Cabri, Cabri 3D a Derive 6 v po\u010d\u00edta\u010dov\u00fdch u\u010debn\u00e1ch pr\u00e1ce v sekc\u00edch &#8211; Syst\u00e9my po\u010d\u00edta\u010dov\u00e9 algebry (CAS), Programy dynamick\u00e9 geometrie (DGS), Obecn\u00e9 ot\u00e1zky Ve\u010de\u0159e P\u00e1tek, [&hellip;]<\/p>\n","protected":false},"author":2,"featured_media":0,"parent":0,"menu_order":0,"comment_status":"open","ping_status":"open","template":"","meta":{"footnotes":""},"class_list":["post-7","page","type-page","status-publish","hentry"],"_links":{"self":[{"href":"http:\/\/home.pf.jcu.cz\/~upvvm\/2007\/index.php?rest_route=\/wp\/v2\/pages\/7","targetHints":{"allow":["GET"]}}],"collection":[{"href":"http:\/\/home.pf.jcu.cz\/~upvvm\/2007\/index.php?rest_route=\/wp\/v2\/pages"}],"about":[{"href":"http:\/\/home.pf.jcu.cz\/~upvvm\/2007\/index.php?rest_route=\/wp\/v2\/types\/page"}],"author":[{"embeddable":true,"href":"http:\/\/home.pf.jcu.cz\/~upvvm\/2007\/index.php?rest_route=\/wp\/v2\/users\/2"}],"replies":[{"embeddable":true,"href":"http:\/\/home.pf.jcu.cz\/~upvvm\/2007\/index.php?rest_route=%2Fwp%2Fv2%2Fcomments&post=7"}],"version-history":[{"count":0,"href":"http:\/\/home.pf.jcu.cz\/~upvvm\/2007\/index.php?rest_route=\/wp\/v2\/pages\/7\/revisions"}],"wp:attachment":[{"href":"http:\/\/home.pf.jcu.cz\/~upvvm\/2007\/index.php?rest_route=%2Fwp%2Fv2%2Fmedia&parent=7"}],"curies":[{"name":"wp","href":"https:\/\/api.w.org\/{rel}","templated":true}]}}