{"id":8,"date":"2007-06-13T12:29:33","date_gmt":"2007-06-13T11:29:33","guid":{"rendered":"http:\/\/home.pf.jcu.cz\/~upvvm\/2007\/?page_id=8"},"modified":"2007-09-07T09:28:26","modified_gmt":"2007-09-07T08:28:26","slug":"instrukce-pro-autory","status":"publish","type":"page","link":"http:\/\/home.pf.jcu.cz\/~upvvm\/2007\/?page_id=8","title":{"rendered":"Instrukce pro autory"},"content":{"rendered":"<p><texy><strong>I.   Forma p\u0159\u00edsp\u011bvku:<\/strong>  <\/p>\n<p>Zdrojov\u00fd soubor \u010dl\u00e1nku (MS Word, Tex) spolu se souborem form\u00e1tu PDF.<br \/>\nRozsah maxim\u00e1ln\u011b 6 stran.<\/p>\n<p><strong>II.  Vzhled str\u00e1nky <\/strong><\/p>\n<p><strong>Obecn\u00e1 pravidla<\/strong> (Detaily prvn\u00ed strany viz  III.):<br \/>\n<strong>Okraje:<\/strong> horn\u00ed: 4 cm;  lev\u00fd, prav\u00fd: 2.5 cm;  spodn\u00ed: 3 cm;<br \/>\n<strong>P\u00edsmo:<\/strong> Times New Roman, 12 pt, <strong>\u0159\u00e1dkov\u00e1n\u00ed<\/strong> jednoduch\u00e9, \u010d\u00edsla str\u00e1nek <strong>neuv\u00e1d\u011bt<\/strong>.<\/p>\n<p><strong>III. Prvn\u00ed strana p\u0159\u00edsp\u011bvku:<\/strong><\/p>\n<p>Okraje dle bodu II.<\/p>\n<p>1. <strong> N\u00c1ZEV P\u0158\u00cdSP\u011aVKU<\/strong> &#8211; 18 pt, tu\u010dn\u011b, centrovan\u00fd, velk\u00e1 p\u00edsmena <br \/>\n<em>voln\u00fd \u0159\u00e1dek, 18 pt<\/em> <br \/>\n2. <strong>Jm\u00e9na autor\u016f<\/strong> \u2013 14 pt, tu\u010dn\u011b, centrov\u00e1no, \u0159\u00e1dkov\u00e1n\u00ed 1.5<br \/>\n3. <strong>Pracovi\u0161t\u011b autor\u016f<\/strong> &#8211; 14 pt, centrov\u00e1no, \u0159\u00e1dkov\u00e1n\u00ed 1.5<br \/>\n4. <strong>e-mail autor\u016f<\/strong><br \/>\n<em>voln\u00fd \u0159\u00e1dek, 14 pt<\/em><br \/>\n5. <strong>Abstrakt<\/strong> \u2013 slovo &#8222;Abstrakt:&#8220; tu\u010dn\u011b, maxim\u00e1ln\u011b 6 \u0159\u00e1dk\u016f, 12 pt, zarovn\u00e1n\u00ed do bloku, neodsazovat<br \/>\n<em>voln\u00fd \u0159\u00e1dek, 12 pt<\/em><br \/>\n6. <strong>Kl\u00ed\u010dov\u00e1 slova: <\/strong> \u2013 text &#8222;Kl\u00ed\u010dov\u00e1 slova:&#8220; tu\u010dn\u011b<br \/>\n<em>voln\u00fd \u0159\u00e1dek, 12 pt<\/em><br \/>\n7. <strong>text \u010dl\u00e1nku<\/strong> \u2013 12 pt, \u010dlen\u011bn\u00ed dle autora<br \/>\n<em>voln\u00fd \u0159\u00e1dek, 12 pt<\/em><\/p>\n<p><strong>IV. Odkaz na literaturu<\/strong> viz n\u00e1sleduj\u00edc\u00ed vzor:<\/p>\n<p><strong>Literatura:<\/strong><\/p>\n<p>[1] Cornil, J., Testud, P.: <em>An Introduction to Maple V<\/em>, Springer-Verlag Berlin Heidelberg, 2001.<\/p>\n","protected":false},"excerpt":{"rendered":"<p>I. Forma p\u0159\u00edsp\u011bvku: Zdrojov\u00fd soubor \u010dl\u00e1nku (MS Word, Tex) spolu se souborem form\u00e1tu PDF. Rozsah maxim\u00e1ln\u011b 6 stran. II. Vzhled str\u00e1nky Obecn\u00e1 pravidla (Detaily prvn\u00ed strany viz III.): Okraje: horn\u00ed: 4 cm; lev\u00fd, prav\u00fd: 2.5 cm; spodn\u00ed: 3 cm; P\u00edsmo: Times New Roman, 12 pt, \u0159\u00e1dkov\u00e1n\u00ed jednoduch\u00e9, \u010d\u00edsla str\u00e1nek neuv\u00e1d\u011bt. III. Prvn\u00ed strana p\u0159\u00edsp\u011bvku: Okraje [&hellip;]<\/p>\n","protected":false},"author":2,"featured_media":0,"parent":0,"menu_order":0,"comment_status":"open","ping_status":"open","template":"","meta":{"footnotes":""},"class_list":["post-8","page","type-page","status-publish","hentry"],"_links":{"self":[{"href":"http:\/\/home.pf.jcu.cz\/~upvvm\/2007\/index.php?rest_route=\/wp\/v2\/pages\/8","targetHints":{"allow":["GET"]}}],"collection":[{"href":"http:\/\/home.pf.jcu.cz\/~upvvm\/2007\/index.php?rest_route=\/wp\/v2\/pages"}],"about":[{"href":"http:\/\/home.pf.jcu.cz\/~upvvm\/2007\/index.php?rest_route=\/wp\/v2\/types\/page"}],"author":[{"embeddable":true,"href":"http:\/\/home.pf.jcu.cz\/~upvvm\/2007\/index.php?rest_route=\/wp\/v2\/users\/2"}],"replies":[{"embeddable":true,"href":"http:\/\/home.pf.jcu.cz\/~upvvm\/2007\/index.php?rest_route=%2Fwp%2Fv2%2Fcomments&post=8"}],"version-history":[{"count":0,"href":"http:\/\/home.pf.jcu.cz\/~upvvm\/2007\/index.php?rest_route=\/wp\/v2\/pages\/8\/revisions"}],"wp:attachment":[{"href":"http:\/\/home.pf.jcu.cz\/~upvvm\/2007\/index.php?rest_route=%2Fwp%2Fv2%2Fmedia&parent=8"}],"curies":[{"name":"wp","href":"https:\/\/api.w.org\/{rel}","templated":true}]}}