{"id":9,"date":"2007-10-24T15:20:58","date_gmt":"2007-10-24T14:20:58","guid":{"rendered":"http:\/\/home.pf.jcu.cz\/~upvvm\/2007\/?page_id=9"},"modified":"2007-10-24T15:30:41","modified_gmt":"2007-10-24T14:30:41","slug":"misto-konani","status":"publish","type":"page","link":"http:\/\/home.pf.jcu.cz\/~upvvm\/2007\/?page_id=9","title":{"rendered":"M\u00edsto kon\u00e1n\u00ed"},"content":{"rendered":"<p><texy>Konference se odehr\u00e1v\u00e1 ve vysoko\u0161kolsk\u00e9m are\u00e1lu <a href=\"http:\/\/www.jcu.cz\">Jiho\u010desk\u00e9 univerzity v \u010cesk\u00fdch Bud\u011bjovic\u00edch<\/a> &#8211; \u010cty\u0159ech Dvorech ve Studentsk\u00e9 ulici. <\/p>\n<p>Zah\u00e1jen\u00ed, plen\u00e1rn\u00ed p\u0159edn\u00e1\u0161ky a zakon\u010den\u00ed konference se uskute\u010dn\u00ed v <a href=\"http:\/\/kam.jcu.cz\/img\/bobik3.jpg\">Aule JU Bob\u00edk<\/a>.<\/p>\n<p>Jedn\u00e1n\u00ed v sekc\u00edch a workshopy se uskute\u010dn\u00ed v budov\u011b Bob\u00edk a v p\u0159ilehl\u00fdch budov\u00e1ch are\u00e1lu.<\/p>\n<p>Pl\u00e1nek vysoko\u0161kolsk\u00e9ho are\u00e1lu najdete <a href=\"http:\/\/kam.jcu.cz\/img\/planekth.png\">zde<\/a><\/p>\n","protected":false},"excerpt":{"rendered":"<p>Konference se odehr\u00e1v\u00e1 ve vysoko\u0161kolsk\u00e9m are\u00e1lu Jiho\u010desk\u00e9 univerzity v \u010cesk\u00fdch Bud\u011bjovic\u00edch &#8211; \u010cty\u0159ech Dvorech ve Studentsk\u00e9 ulici. Zah\u00e1jen\u00ed, plen\u00e1rn\u00ed p\u0159edn\u00e1\u0161ky a zakon\u010den\u00ed konference se uskute\u010dn\u00ed v Aule JU Bob\u00edk. Jedn\u00e1n\u00ed v sekc\u00edch a workshopy se uskute\u010dn\u00ed v budov\u011b Bob\u00edk a v p\u0159ilehl\u00fdch budov\u00e1ch are\u00e1lu. Pl\u00e1nek vysoko\u0161kolsk\u00e9ho are\u00e1lu najdete zde<\/p>\n","protected":false},"author":2,"featured_media":0,"parent":0,"menu_order":0,"comment_status":"open","ping_status":"open","template":"","meta":{"footnotes":""},"class_list":["post-9","page","type-page","status-publish","hentry"],"_links":{"self":[{"href":"http:\/\/home.pf.jcu.cz\/~upvvm\/2007\/index.php?rest_route=\/wp\/v2\/pages\/9","targetHints":{"allow":["GET"]}}],"collection":[{"href":"http:\/\/home.pf.jcu.cz\/~upvvm\/2007\/index.php?rest_route=\/wp\/v2\/pages"}],"about":[{"href":"http:\/\/home.pf.jcu.cz\/~upvvm\/2007\/index.php?rest_route=\/wp\/v2\/types\/page"}],"author":[{"embeddable":true,"href":"http:\/\/home.pf.jcu.cz\/~upvvm\/2007\/index.php?rest_route=\/wp\/v2\/users\/2"}],"replies":[{"embeddable":true,"href":"http:\/\/home.pf.jcu.cz\/~upvvm\/2007\/index.php?rest_route=%2Fwp%2Fv2%2Fcomments&post=9"}],"version-history":[{"count":0,"href":"http:\/\/home.pf.jcu.cz\/~upvvm\/2007\/index.php?rest_route=\/wp\/v2\/pages\/9\/revisions"}],"wp:attachment":[{"href":"http:\/\/home.pf.jcu.cz\/~upvvm\/2007\/index.php?rest_route=%2Fwp%2Fv2%2Fmedia&parent=9"}],"curies":[{"name":"wp","href":"https:\/\/api.w.org\/{rel}","templated":true}]}}