{"id":25,"date":"2011-02-19T12:55:47","date_gmt":"2011-02-19T12:55:47","guid":{"rendered":"http:\/\/localhost\/upvvm\/2011\/?page_id=25"},"modified":"2013-03-08T15:24:27","modified_gmt":"2013-03-08T15:24:27","slug":"ubytovani","status":"publish","type":"page","link":"http:\/\/home.pf.jcu.cz\/~upvvm\/2013\/?page_id=25","title":{"rendered":"Ubytov\u00e1n\u00ed"},"content":{"rendered":"<p>Pro \u00fa\u010dastn\u00edky konference jsou za d\u00e1le uveden\u00fdch zv\u00fdhodn\u011bn\u00fdch podm\u00ednek rezervov\u00e1na m\u00edsta v\u00a0n\u00e1sleduj\u00edc\u00edch ubytovac\u00edch za\u0159\u00edzen\u00edch. <strong>Zaji\u0161t\u011bn\u00ed ubytov\u00e1n\u00ed si provede ka\u017ed\u00fd \u00fa\u010dastn\u00edk s\u00e1m<\/strong>.<\/p>\n<p>Rezervaci je t\u0159eba prov\u00e9st do konce uveden\u00e9ho obdob\u00ed. P\u0159i rezervac\u00edch <strong>uv\u00e1d\u011bjte jako \u00fa\u010del ubytov\u00e1n\u00ed konferenci UPVM<\/strong>, pop\u0159\u00edpad\u011b heslo: <strong>konference u\u010ditel\u016f matematiky<\/strong>. P\u0159edjednali jsme pro V\u00e1s slevy na ubytov\u00e1n\u00ed.<\/p>\n<p>Pro \u00fa\u010dely konference jsme rezervovali ubytov\u00e1n\u00ed v\u00a0n\u00e1sleduj\u00edc\u00edch m\u00edstech:<\/p>\n<h3><\/h3>\n<h3>Ubytovna u n\u00e1dra\u017e\u00ed, VORS s.r.o<\/h3>\n<p><a title=\"VORS\" href=\"http:\/\/www.ubytovna.vors.cz\" target=\"_blank\">www.ubytovna.vors.cz<\/a><\/p>\n<p>Dvo\u0159\u00e1kova 161\/14<br \/>\n370 01 \u010cesk\u00e9 Bud\u011bjovice<\/p>\n<p>Ubytov\u00e1n\u00ed formou tzv. bun\u011bk, tzn., \u017ee v\u017edy dva pokoje (dvoul\u016f\u017ekov\u00fd a t\u0159\u00edl\u016f\u017ekov\u00fd) sd\u00edlej\u00ed dohromady WC a sprchu.<br \/>\nProvoz recepce je nonstop a na ka\u017ed\u00e9m pat\u0159e je pln\u011b vybaven\u00e1 kuchy\u0148ka (lednice, MV trouba, varn\u00e1 konvice, toustova\u010d, va\u0159i\u010d. n\u00e1dob\u00ed ).<br \/>\nVzd\u00e1lenost od n\u00e1dra\u017e\u00ed \u2013 200m. Zast\u00e1vka MHD je 3minuty.<\/p>\n<p><b>CENA: za osobu a noc: 400 K\u010d 1 osoba\/noc,\u00a0 640 K\u010d 2 osoby\/noc, 840 K\u010d 3 osoby\/noc<br \/>\n<\/b><br \/>\n<strong>Konec rezervace:<\/strong> 30. z\u00e1\u0159\u00ed 2013.<br \/>\n<strong>Kontakt:<\/strong> (00420) 972 544 648<\/p>\n<p>&nbsp;<\/p>\n<h3>Hotel Garni<\/h3>\n<p><a title=\"Garni\" href=\"http:\/\/www.hotelgarnicb.cz\" target=\"_blank\">www.hotelgarnicb.cz<\/a><\/p>\n<p>\u017di\u017ekova t\u0159. 1321\/1<br \/>\n370 01 \u010cesk\u00e9 Bud\u011bjovice<\/p>\n<p>Nab\u00eddka hotelov\u00e9ho ubytov\u00e1n\u00ed bl\u00edzko centra, cca 5 minut p\u011b\u0161ky od n\u00e1m\u011bst\u00ed P\u0159emysla Otakara II.<br \/>\nMo\u017enost zap\u016fj\u010den\u00ed TV a radia. Parkov\u00e1n\u00ed v uzav\u0159en\u00e9m are\u00e1lu.<\/p>\n<p><strong>CENA: 450 K\u010d 1-l\u016f\u017ekov\u00fd pokoj, 700 K\u010d 2-l\u016f\u017ekov\u00fd pokoj, 900 K\u010d 3-l\u016f\u017ekov\u00fd pokoj. Ceny v\u010detn\u011b sn\u00eddan\u011b.<\/strong><\/p>\n<p><strong>Konec rezervace:<\/strong> 31. \u010dervenec 2013<br \/>\n<strong>Kontakty:<\/strong> Mobil: +420 776 177 787, e-mail: recepce.cb@volny.cz<\/p>\n<p>&nbsp;<\/p>\n","protected":false},"excerpt":{"rendered":"<p>Pro \u00fa\u010dastn\u00edky konference jsou za d\u00e1le uveden\u00fdch zv\u00fdhodn\u011bn\u00fdch podm\u00ednek rezervov\u00e1na m\u00edsta v\u00a0n\u00e1sleduj\u00edc\u00edch ubytovac\u00edch za\u0159\u00edzen\u00edch. Zaji\u0161t\u011bn\u00ed ubytov\u00e1n\u00ed si provede ka\u017ed\u00fd \u00fa\u010dastn\u00edk s\u00e1m. Rezervaci je t\u0159eba prov\u00e9st do konce uveden\u00e9ho obdob\u00ed. P\u0159i rezervac\u00edch uv\u00e1d\u011bjte jako \u00fa\u010del ubytov\u00e1n\u00ed konferenci UPVM, pop\u0159\u00edpad\u011b heslo: konference u\u010ditel\u016f matematiky. P\u0159edjednali jsme pro V\u00e1s slevy na ubytov\u00e1n\u00ed. Pro \u00fa\u010dely konference jsme rezervovali ubytov\u00e1n\u00ed [&hellip;]<\/p>\n","protected":false},"author":1,"featured_media":0,"parent":0,"menu_order":0,"comment_status":"open","ping_status":"open","template":"","meta":{"footnotes":""},"class_list":["post-25","page","type-page","status-publish","hentry"],"_links":{"self":[{"href":"http:\/\/home.pf.jcu.cz\/~upvvm\/2013\/index.php?rest_route=\/wp\/v2\/pages\/25","targetHints":{"allow":["GET"]}}],"collection":[{"href":"http:\/\/home.pf.jcu.cz\/~upvvm\/2013\/index.php?rest_route=\/wp\/v2\/pages"}],"about":[{"href":"http:\/\/home.pf.jcu.cz\/~upvvm\/2013\/index.php?rest_route=\/wp\/v2\/types\/page"}],"author":[{"embeddable":true,"href":"http:\/\/home.pf.jcu.cz\/~upvvm\/2013\/index.php?rest_route=\/wp\/v2\/users\/1"}],"replies":[{"embeddable":true,"href":"http:\/\/home.pf.jcu.cz\/~upvvm\/2013\/index.php?rest_route=%2Fwp%2Fv2%2Fcomments&post=25"}],"version-history":[{"count":8,"href":"http:\/\/home.pf.jcu.cz\/~upvvm\/2013\/index.php?rest_route=\/wp\/v2\/pages\/25\/revisions"}],"predecessor-version":[{"id":210,"href":"http:\/\/home.pf.jcu.cz\/~upvvm\/2013\/index.php?rest_route=\/wp\/v2\/pages\/25\/revisions\/210"}],"wp:attachment":[{"href":"http:\/\/home.pf.jcu.cz\/~upvvm\/2013\/index.php?rest_route=%2Fwp%2Fv2%2Fmedia&parent=25"}],"curies":[{"name":"wp","href":"https:\/\/api.w.org\/{rel}","templated":true}]}}