{"id":11,"date":"2011-02-19T12:52:00","date_gmt":"2011-02-19T12:52:00","guid":{"rendered":"http:\/\/localhost\/upvvm\/2011\/?page_id=11"},"modified":"2015-11-10T15:12:40","modified_gmt":"2015-11-10T15:12:40","slug":"instrukce-pro-autory","status":"publish","type":"page","link":"http:\/\/home.pf.jcu.cz\/~upvvm\/2015\/?page_id=11","title":{"rendered":"Instrukce pro autory"},"content":{"rendered":"<h3>I. Forma p\u0159\u00edsp\u011bvku<\/h3>\n<p>Zdrojov\u00fd soubor \u010dl\u00e1nku (MS Word, Tex) spolu se souborem form\u00e1tu PDF. Sborn\u00edk konference bude publikov\u00e1n online na str\u00e1nce konference. Rozsah p\u0159\u00edsp\u011bvku proto nen\u00ed omezen a je mo\u017eno pou\u017e\u00edt barevn\u00e9 obr\u00e1zky. <\/p>\n<p>Uveden\u00e9 soubory po\u0161lete pros\u00edm do 24. 11. na adresu hasek@pf.jcu.cz<\/p>\n<h3>II. Vzhled str\u00e1nky<\/h3>\n<p><strong>Obecn\u00e1 pravidla <\/strong>(Detaily prvn\u00ed strany viz III.): Okraje: horn\u00ed: 4 cm; lev\u00fd, prav\u00fd: 2.5 cm; spodn\u00ed: 3 cm;<br \/>\n<strong>P\u00edsmo <\/strong>: Times New Roman, 12 pt, \u0159\u00e1dkov\u00e1n\u00ed jednoduch\u00e9, \u010d\u00edsla str\u00e1nek neuv\u00e1d\u011bt.<\/p>\n<h3>III. Prvn\u00ed str\u00e1nka p\u0159\u00edsp\u011bvku<\/h3>\n<p>Okraje dle bodu II.<\/p>\n<p><strong>1. N\u00c1ZEV P\u0158\u00cdSP\u011aVKU<\/strong> \u2013 18 pt, tu\u010dn\u011b, centrovan\u00fd, velk\u00e1 p\u00edsmena<br \/>\nvoln\u00fd \u0159\u00e1dek, 18 pt<br \/>\n<strong>2. Jm\u00e9na autor\u016f<\/strong> \u2013 14 pt, tu\u010dn\u011b, centrov\u00e1no, \u0159\u00e1dkov\u00e1n\u00ed 1.5<br \/>\n<strong>3. N\u00e1zev pracovi\u0161t\u011b autor\u016f<\/strong> \u2013 14 pt, centrov\u00e1no, \u0159\u00e1dkov\u00e1n\u00ed 1.5<br \/>\nvoln\u00fd \u0159\u00e1dek, 14 pt<br \/>\n<strong>4. Abstrakt<\/strong> \u2013 slovo \u201eAbstrakt:\u201c tu\u010dn\u011b, maxim\u00e1ln\u011b 6 \u0159\u00e1dk\u016f, 12 pt, zarovn\u00e1n\u00ed do bloku, neodsazovat<br \/>\nvoln\u00fd \u0159\u00e1dek, 12 pt<br \/>\n<strong>5. Kl\u00ed\u010dov\u00e1 slova<\/strong> \u2013 text \u201eKl\u00ed\u010dov\u00e1 slova:\u201c tu\u010dn\u011b<br \/>\nvoln\u00fd \u0159\u00e1dek, 12 pt<br \/>\nvoln\u00fd \u0159\u00e1dek, 12 pt<br \/>\n<strong>6. N\u00e1zev p\u0159\u00edsp\u011bvku v angli\u010dtin\u011b<\/strong> \u2013 14 pt, tu\u010dn\u011b, centrovan\u00fd<br \/>\nvoln\u00fd \u0159\u00e1dek, 14 pt<br \/>\n<strong>7. Abstrakt v angli\u010dtin\u011b<\/strong> \u2013 slovo \u201eAbstract:\u201c tu\u010dn\u011b, maxim\u00e1ln\u011b 6 \u0159\u00e1dk\u016f, 12 pt, zarovn\u00e1n\u00ed do bloku, neodsazovat<br \/>\nvoln\u00fd \u0159\u00e1dek, 12 pt<br \/>\n<strong>8. Kl\u00ed\u010dov\u00e1 slova v angli\u010dtin\u011b<\/strong> \u2013 text \u201eKey words:\u201c tu\u010dn\u011b<br \/>\nvoln\u00fd \u0159\u00e1dek, 12 pt<\/p>\n<p><strong>9. text \u010dl\u00e1nku<\/strong> \u2013 12 pt, \u010dlen\u011bn\u00ed dle autora<br \/>\nvoln\u00fd \u0159\u00e1dek, 12 pt<\/p>\n<h3>IV. Odkaz na literaturu<\/h3>\n<p>(viz n\u00e1sleduj\u00edc\u00ed vzor)<\/p>\n<p><strong>Literatura:<\/strong><\/p>\n<p>[1] Cornil, J., Testud, P.:\u00a0<em>An Introduction to Maple V<\/em>, Springer-Verlag Berlin Heidelberg, 2001.<\/p>\n<h3>V. Adresy autor\u016f<\/h3>\n<p>Na konci \u010dl\u00e1nku uve\u010fte pros\u00edm jm\u00e9no, adresu pracovi\u0161t\u011b a e-mail ka\u017ed\u00e9ho z autor\u016f \u010dl\u00e1nku ve form\u00e1tu:<\/p>\n<p>jm\u00e9no a p\u0159\u00edjmen\u00ed<br \/>\nn\u00e1zev pracovi\u0161t\u011b<br \/>\npo\u0161tovn\u00ed adresa<br \/>\ne-mail<\/p>\n","protected":false},"excerpt":{"rendered":"<p>I. Forma p\u0159\u00edsp\u011bvku Zdrojov\u00fd soubor \u010dl\u00e1nku (MS Word, Tex) spolu se souborem form\u00e1tu PDF. Sborn\u00edk konference bude publikov\u00e1n online na str\u00e1nce konference. Rozsah p\u0159\u00edsp\u011bvku proto nen\u00ed omezen a je mo\u017eno pou\u017e\u00edt barevn\u00e9 obr\u00e1zky. Uveden\u00e9 soubory po\u0161lete pros\u00edm do 24. 11. na adresu hasek@pf.jcu.cz II. Vzhled str\u00e1nky Obecn\u00e1 pravidla (Detaily prvn\u00ed strany viz III.): Okraje: horn\u00ed: [&hellip;]<\/p>\n","protected":false},"author":1,"featured_media":0,"parent":0,"menu_order":10,"comment_status":"open","ping_status":"open","template":"","meta":{"footnotes":""},"class_list":["post-11","page","type-page","status-publish","hentry"],"_links":{"self":[{"href":"http:\/\/home.pf.jcu.cz\/~upvvm\/2015\/index.php?rest_route=\/wp\/v2\/pages\/11","targetHints":{"allow":["GET"]}}],"collection":[{"href":"http:\/\/home.pf.jcu.cz\/~upvvm\/2015\/index.php?rest_route=\/wp\/v2\/pages"}],"about":[{"href":"http:\/\/home.pf.jcu.cz\/~upvvm\/2015\/index.php?rest_route=\/wp\/v2\/types\/page"}],"author":[{"embeddable":true,"href":"http:\/\/home.pf.jcu.cz\/~upvvm\/2015\/index.php?rest_route=\/wp\/v2\/users\/1"}],"replies":[{"embeddable":true,"href":"http:\/\/home.pf.jcu.cz\/~upvvm\/2015\/index.php?rest_route=%2Fwp%2Fv2%2Fcomments&post=11"}],"version-history":[{"count":5,"href":"http:\/\/home.pf.jcu.cz\/~upvvm\/2015\/index.php?rest_route=\/wp\/v2\/pages\/11\/revisions"}],"predecessor-version":[{"id":432,"href":"http:\/\/home.pf.jcu.cz\/~upvvm\/2015\/index.php?rest_route=\/wp\/v2\/pages\/11\/revisions\/432"}],"wp:attachment":[{"href":"http:\/\/home.pf.jcu.cz\/~upvvm\/2015\/index.php?rest_route=%2Fwp%2Fv2%2Fmedia&parent=11"}],"curies":[{"name":"wp","href":"https:\/\/api.w.org\/{rel}","templated":true}]}}