{"id":14,"date":"2011-02-19T12:52:22","date_gmt":"2011-02-19T12:52:22","guid":{"rendered":"http:\/\/localhost\/upvvm\/2011\/?page_id=14"},"modified":"2015-09-10T11:39:19","modified_gmt":"2015-09-10T11:39:19","slug":"dulezite-terminy","status":"publish","type":"page","link":"http:\/\/home.pf.jcu.cz\/~upvvm\/2015\/?page_id=14","title":{"rendered":"D\u016fle\u017eit\u00e9 term\u00edny"},"content":{"rendered":"<ul>\n<li>20. 9. 2015 &#8211; Zasl\u00e1n\u00ed anotace p\u0159\u00edsp\u011bvku (minim\u00e1ln\u011b 800 znak\u016f, maxim\u00e1ln\u011b 1500 znak\u016f, po\u010d\u00edt\u00e1no bez mezer).<\/li>\n<li>do 30. 9. 2015 &#8211; Vyrozum\u011bn\u00ed o p\u0159ijet\u00ed p\u0159\u00edsp\u011bvku na konferenci.<\/li>\n<\/ul>\n<ul>\n<li>do 30. 9. 2013 &#8211; Uhrazen\u00ed zv\u00fdhodn\u011bn\u00e9ho vlo\u017en\u00e9ho 700 K\u010d, pro \u010dleny J\u010cMF 600 K\u010d. Po tomto term\u00ednu \u010din\u00ed vlo\u017en\u00e9 800 K\u010d, pro \u010dleny J\u010cMF 700 K\u010d.<\/li>\n<\/ul>\n<ul>\n<li>5. 11. 2015 v 10 hodin &#8211; Zah\u00e1jen\u00ed konference<\/li>\n<li>do 24. 11. 2015 &#8211; Odevzd\u00e1n\u00ed p\u0159\u00edsp\u011bvku do sborn\u00edku konference.<\/li>\n<\/ul>\n","protected":false},"excerpt":{"rendered":"<p>20. 9. 2015 &#8211; Zasl\u00e1n\u00ed anotace p\u0159\u00edsp\u011bvku (minim\u00e1ln\u011b 800 znak\u016f, maxim\u00e1ln\u011b 1500 znak\u016f, po\u010d\u00edt\u00e1no bez mezer). do 30. 9. 2015 &#8211; Vyrozum\u011bn\u00ed o p\u0159ijet\u00ed p\u0159\u00edsp\u011bvku na konferenci. do 30. 9. 2013 &#8211; Uhrazen\u00ed zv\u00fdhodn\u011bn\u00e9ho vlo\u017en\u00e9ho 700 K\u010d, pro \u010dleny J\u010cMF 600 K\u010d. Po tomto term\u00ednu \u010din\u00ed vlo\u017en\u00e9 800 K\u010d, pro \u010dleny J\u010cMF 700 K\u010d. 5. [&hellip;]<\/p>\n","protected":false},"author":1,"featured_media":0,"parent":0,"menu_order":2,"comment_status":"open","ping_status":"open","template":"","meta":{"footnotes":""},"class_list":["post-14","page","type-page","status-publish","hentry"],"_links":{"self":[{"href":"http:\/\/home.pf.jcu.cz\/~upvvm\/2015\/index.php?rest_route=\/wp\/v2\/pages\/14","targetHints":{"allow":["GET"]}}],"collection":[{"href":"http:\/\/home.pf.jcu.cz\/~upvvm\/2015\/index.php?rest_route=\/wp\/v2\/pages"}],"about":[{"href":"http:\/\/home.pf.jcu.cz\/~upvvm\/2015\/index.php?rest_route=\/wp\/v2\/types\/page"}],"author":[{"embeddable":true,"href":"http:\/\/home.pf.jcu.cz\/~upvvm\/2015\/index.php?rest_route=\/wp\/v2\/users\/1"}],"replies":[{"embeddable":true,"href":"http:\/\/home.pf.jcu.cz\/~upvvm\/2015\/index.php?rest_route=%2Fwp%2Fv2%2Fcomments&post=14"}],"version-history":[{"count":12,"href":"http:\/\/home.pf.jcu.cz\/~upvvm\/2015\/index.php?rest_route=\/wp\/v2\/pages\/14\/revisions"}],"predecessor-version":[{"id":192,"href":"http:\/\/home.pf.jcu.cz\/~upvvm\/2015\/index.php?rest_route=\/wp\/v2\/pages\/14\/revisions\/192"}],"wp:attachment":[{"href":"http:\/\/home.pf.jcu.cz\/~upvvm\/2015\/index.php?rest_route=%2Fwp%2Fv2%2Fmedia&parent=14"}],"curies":[{"name":"wp","href":"https:\/\/api.w.org\/{rel}","templated":true}]}}