{"id":16,"date":"2011-02-19T12:52:38","date_gmt":"2011-02-19T12:52:38","guid":{"rendered":"http:\/\/localhost\/upvvm\/2011\/?page_id=16"},"modified":"2015-10-30T14:34:06","modified_gmt":"2015-10-30T14:34:06","slug":"misto-konani","status":"publish","type":"page","link":"http:\/\/home.pf.jcu.cz\/~upvvm\/2015\/?page_id=16","title":{"rendered":"M\u00edsto kon\u00e1n\u00ed"},"content":{"rendered":"<p>Konference se odehr\u00e1v\u00e1 ve vysoko\u0161kolsk\u00e9m are\u00e1lu <a href=\"http:\/\/www.jcu.cz\/\" target=\"_blank\">Jiho\u010desk\u00e9 univerzity v \u010cesk\u00fdch Bud\u011bjovic\u00edch<\/a> \u2013 \u010cty\u0159ech Dvorech ve Studentsk\u00e9 ulici.<\/p>\n<p>Zah\u00e1jen\u00ed, plen\u00e1rn\u00ed p\u0159edn\u00e1\u0161ky a zakon\u010den\u00ed konference se uskute\u010dn\u00ed v <a href=\"http:\/\/kam.jcu.cz\/img\/bobik3.jpg\" target=\"_blank\">Aule JU (Bob\u00edk)<\/a>, Studentsk\u00e1 800\/15, \u010cty\u0159i Dvory, \u010cesk\u00e9 Bud\u011bjovice, GPS: 48\u00b058&#8217;40.613&#8243;N, 14\u00b026&#8217;59.002&#8243;E.<\/p>\n<p>Jedn\u00e1n\u00ed v sekc\u00edch a workshopy se uskute\u010dn\u00ed v budov\u011b Auly JU a v p\u0159ilehl\u00fdch budov\u00e1ch are\u00e1lu.<\/p>\n<p><a href=\"https:\/\/www.jcu.cz\/o-univerzite\/zazemi-a-sluzby\/kampus\/mapa_kampusu.jpg\" target=\"_blank\">Mapa kampusu JU<\/a><\/p>\n<p><a href=\"http:\/\/kam.jcu.cz\/img\/planekth.png\" target=\"_blank\">Mapa okol\u00ed kampusu JU s uveden\u00edm spojen\u00ed MHD<\/a><\/p>\n<p><a href=\"http:\/\/mapa.dpmcb.cz\" target=\"_blank\">Mapa MHD v \u010cesk\u00fdch Bud\u011bjovic\u00edch s mo\u017enost\u00ed vyhled\u00e1n\u00ed spojen\u00ed<\/a><\/p>\n<p>&nbsp;<\/p>\n<p style=\"text-align: center;\">\n","protected":false},"excerpt":{"rendered":"<p>Konference se odehr\u00e1v\u00e1 ve vysoko\u0161kolsk\u00e9m are\u00e1lu Jiho\u010desk\u00e9 univerzity v \u010cesk\u00fdch Bud\u011bjovic\u00edch \u2013 \u010cty\u0159ech Dvorech ve Studentsk\u00e9 ulici. Zah\u00e1jen\u00ed, plen\u00e1rn\u00ed p\u0159edn\u00e1\u0161ky a zakon\u010den\u00ed konference se uskute\u010dn\u00ed v Aule JU (Bob\u00edk), Studentsk\u00e1 800\/15, \u010cty\u0159i Dvory, \u010cesk\u00e9 Bud\u011bjovice, GPS: 48\u00b058&#8217;40.613&#8243;N, 14\u00b026&#8217;59.002&#8243;E. Jedn\u00e1n\u00ed v sekc\u00edch a workshopy se uskute\u010dn\u00ed v budov\u011b Auly JU a v p\u0159ilehl\u00fdch budov\u00e1ch are\u00e1lu. Mapa [&hellip;]<\/p>\n","protected":false},"author":1,"featured_media":0,"parent":0,"menu_order":0,"comment_status":"open","ping_status":"open","template":"","meta":{"footnotes":""},"class_list":["post-16","page","type-page","status-publish","hentry"],"_links":{"self":[{"href":"http:\/\/home.pf.jcu.cz\/~upvvm\/2015\/index.php?rest_route=\/wp\/v2\/pages\/16","targetHints":{"allow":["GET"]}}],"collection":[{"href":"http:\/\/home.pf.jcu.cz\/~upvvm\/2015\/index.php?rest_route=\/wp\/v2\/pages"}],"about":[{"href":"http:\/\/home.pf.jcu.cz\/~upvvm\/2015\/index.php?rest_route=\/wp\/v2\/types\/page"}],"author":[{"embeddable":true,"href":"http:\/\/home.pf.jcu.cz\/~upvvm\/2015\/index.php?rest_route=\/wp\/v2\/users\/1"}],"replies":[{"embeddable":true,"href":"http:\/\/home.pf.jcu.cz\/~upvvm\/2015\/index.php?rest_route=%2Fwp%2Fv2%2Fcomments&post=16"}],"version-history":[{"count":9,"href":"http:\/\/home.pf.jcu.cz\/~upvvm\/2015\/index.php?rest_route=\/wp\/v2\/pages\/16\/revisions"}],"predecessor-version":[{"id":193,"href":"http:\/\/home.pf.jcu.cz\/~upvvm\/2015\/index.php?rest_route=\/wp\/v2\/pages\/16\/revisions\/193"}],"wp:attachment":[{"href":"http:\/\/home.pf.jcu.cz\/~upvvm\/2015\/index.php?rest_route=%2Fwp%2Fv2%2Fmedia&parent=16"}],"curies":[{"name":"wp","href":"https:\/\/api.w.org\/{rel}","templated":true}]}}