{"id":169,"date":"2012-02-27T08:39:26","date_gmt":"2012-02-27T08:39:26","guid":{"rendered":"http:\/\/home.pf.jcu.cz\/~upvvm\/2011\/?page_id=169"},"modified":"2016-01-21T15:51:40","modified_gmt":"2016-01-21T15:51:40","slug":"sbornik-2","status":"publish","type":"page","link":"http:\/\/home.pf.jcu.cz\/~upvvm\/2015\/?page_id=169","title":{"rendered":"Sborn\u00edk"},"content":{"rendered":"<p><strong>Sborn\u00edk p\u0159\u00edsp\u011bvk\u016f 7. konference U\u017eit\u00ed po\u010d\u00edta\u010d\u016f ve v\u00fduce matematiky<\/strong><\/p>\n<p>Jiho\u010desk\u00e1 univerzita v\u00a0\u010cesk\u00fdch Bud\u011bjovic\u00edch, 2015<\/p>\n<p>ISBN 978-80-7394-549-7<\/p>\n<p>[<a href=\"http:\/\/home.pf.jcu.cz\/~upvvm\/2015\/sbornik\/Sbornik_UPVM_2015.pdf\" target=\"_blank\">Sborn\u00edk ve form\u00e1tu PDF<\/a>]<\/p>\n","protected":false},"excerpt":{"rendered":"<p>Sborn\u00edk p\u0159\u00edsp\u011bvk\u016f 7. konference U\u017eit\u00ed po\u010d\u00edta\u010d\u016f ve v\u00fduce matematiky Jiho\u010desk\u00e1 univerzita v\u00a0\u010cesk\u00fdch Bud\u011bjovic\u00edch, 2015 ISBN 978-80-7394-549-7 [Sborn\u00edk ve form\u00e1tu PDF]<\/p>\n","protected":false},"author":1,"featured_media":0,"parent":0,"menu_order":0,"comment_status":"open","ping_status":"open","template":"","meta":{"footnotes":""},"class_list":["post-169","page","type-page","status-publish","hentry"],"_links":{"self":[{"href":"http:\/\/home.pf.jcu.cz\/~upvvm\/2015\/index.php?rest_route=\/wp\/v2\/pages\/169","targetHints":{"allow":["GET"]}}],"collection":[{"href":"http:\/\/home.pf.jcu.cz\/~upvvm\/2015\/index.php?rest_route=\/wp\/v2\/pages"}],"about":[{"href":"http:\/\/home.pf.jcu.cz\/~upvvm\/2015\/index.php?rest_route=\/wp\/v2\/types\/page"}],"author":[{"embeddable":true,"href":"http:\/\/home.pf.jcu.cz\/~upvvm\/2015\/index.php?rest_route=\/wp\/v2\/users\/1"}],"replies":[{"embeddable":true,"href":"http:\/\/home.pf.jcu.cz\/~upvvm\/2015\/index.php?rest_route=%2Fwp%2Fv2%2Fcomments&post=169"}],"version-history":[{"count":7,"href":"http:\/\/home.pf.jcu.cz\/~upvvm\/2015\/index.php?rest_route=\/wp\/v2\/pages\/169\/revisions"}],"predecessor-version":[{"id":309,"href":"http:\/\/home.pf.jcu.cz\/~upvvm\/2015\/index.php?rest_route=\/wp\/v2\/pages\/169\/revisions\/309"}],"wp:attachment":[{"href":"http:\/\/home.pf.jcu.cz\/~upvvm\/2015\/index.php?rest_route=%2Fwp%2Fv2%2Fmedia&parent=169"}],"curies":[{"name":"wp","href":"https:\/\/api.w.org\/{rel}","templated":true}]}}