{"id":18,"date":"2011-02-19T12:54:48","date_gmt":"2011-02-19T12:54:48","guid":{"rendered":"http:\/\/localhost\/upvvm\/2011\/?page_id=18"},"modified":"2015-03-29T06:22:41","modified_gmt":"2015-03-29T06:22:41","slug":"o-konferenci","status":"publish","type":"page","link":"http:\/\/home.pf.jcu.cz\/~upvvm\/2015\/?page_id=18","title":{"rendered":"O konferenci"},"content":{"rendered":"<p>Sedmou konferenci\u00a0U\u017eit\u00ed po\u010d\u00edta\u010d\u016f ve v\u00fduce matematiky po\u0159\u00e1daj\u00ed <a title=\"Katedra matematiky\" href=\"http:\/\/www.pf.jcu.cz\/stru\/katedry\/m\/\" target=\"_blank\">Katedra matematiky<\/a> Pedagogick\u00e9 fakulty Jiho\u010desk\u00e9 univerzity v\u00a0\u010c.\u00a0Bud\u011bjovic\u00edch a\u00a0 <a title=\"SUMA\" href=\"http:\/\/www.suma.jcmf.cz\" target=\"_blank\">Spole\u010dnost u\u010ditel\u016f matematiky<\/a>\u00a0J\u010cMF<em><\/em>.<\/p>\n<p><strong>Akce je akreditov\u00e1na M\u0160MT \u010cR jako sou\u010d\u00e1st dal\u0161\u00edho vzd\u011bl\u00e1v\u00e1n\u00ed u\u010ditel\u016f.<\/strong><\/p>\n<p>C\u00edlem t\u00e9to konference je shrom\u00e1\u017edit u\u010ditele matematiky z r\u016fzn\u00fdch typ\u016f \u0161kol a odborn\u00edky z oblasti \u0161kolstv\u00ed k diskus\u00edm nad t\u011bmito okruhy ot\u00e1zek:<\/p>\n<ul>\n<li>role po\u010d\u00edta\u010de ve vyu\u010dov\u00e1n\u00ed matematiky<\/li>\n<li>vliv po\u010d\u00edta\u010de na obsah vyu\u010dov\u00e1n\u00ed<\/li>\n<li>role u\u010ditele p\u0159i v\u00fduce podporovan\u00e9 po\u010d\u00edta\u010dem<\/li>\n<li>vliv po\u010d\u00edta\u010de na rozvoj matematick\u00e9 a finan\u010dn\u00ed gramotnosti.<\/li>\n<\/ul>\n<p>Refer\u00e1ty a diskuse k uveden\u00fdm t\u00e9mat\u016fm budou prob\u00edhat v sekc\u00edch:<\/p>\n<ol>\n<li>obecn\u00e9 ot\u00e1zky u\u017eit\u00ed po\u010d\u00edta\u010d\u016f ve v\u00fduce matematiky<\/li>\n<li>dynamick\u00e9 syst\u00e9my ve v\u00fduce matematiky (Cabri, Cinderella, GeoGebra, \u2026)<\/li>\n<li>syst\u00e9my po\u010d\u00edta\u010dov\u00e9 algebry (Maple, Mathematica, wxMaxima, \u2026)<\/li>\n<li>ostatn\u00ed matematick\u00fd software, interaktivn\u00ed tabule a dotykov\u00e1 za\u0159\u00edzen\u00ed v r\u016fzn\u00fdch discipl\u00edn\u00e1ch aplikuj\u00edc\u00edch matematick\u00e9 postupy (fyzika, finan\u010dn\u00ed matematika, STEM aj.).<\/li>\n<\/ol>\n<p>V r\u00e1mci konference prob\u011bhnou workshopy pro za\u010d\u00e1te\u010dn\u00edky i pokro\u010dil\u00e9 k pou\u017e\u00edv\u00e1n\u00ed matematick\u00e9ho softwaru, nap\u0159. GeoGebra, Geometry Expressions, wxMaxima, Maple aj.<\/p>\n<h3>Programov\u00fd v\u00fdbor:<\/h3>\n<ul>\n<li>doc. RNDr. Helena BINTEROV\u00c1, Ph.D.<\/li>\n<li>doc. RNDr. Eduard FUCHS, CSc.<\/li>\n<li>Mgr. Roman HA\u0160EK, Ph.D.<\/li>\n<li>prof. RNDr. Pavel PECH, CSc.<\/li>\n<li>RNDr. Vladim\u00edra PETR\u00c1\u0160KOV\u00c1, Ph.D.<\/li>\n<li>Dr. Philip TODD<\/li>\n<\/ul>\n<h3>Organiza\u010dn\u00ed v\u00fdbor:<\/h3>\n<ul>\n<li>doc. RNDr. Helena BINTEROV\u00c1, Ph.D.<\/li>\n<li>Mgr. Roman HA\u0160EK, Ph.D.<\/li>\n<li>Mgr. Ji\u0159\u00ed KOPECK\u00dd<\/li>\n<li>prof. RNDr. Pavel PECH, CSc.<\/li>\n<li>RNDr. Vladim\u00edra PETR\u00c1\u0160KOV\u00c1, Ph.D.<\/li>\n<li>Mgr. Hana \u0160T\u011aP\u00c1NKOV\u00c1, Ph.D.<\/li>\n<li>RNDr. Jan ZAHRADN\u00cdK<\/li>\n<\/ul>\n","protected":false},"excerpt":{"rendered":"<p>Sedmou konferenci\u00a0U\u017eit\u00ed po\u010d\u00edta\u010d\u016f ve v\u00fduce matematiky po\u0159\u00e1daj\u00ed Katedra matematiky Pedagogick\u00e9 fakulty Jiho\u010desk\u00e9 univerzity v\u00a0\u010c.\u00a0Bud\u011bjovic\u00edch a\u00a0 Spole\u010dnost u\u010ditel\u016f matematiky\u00a0J\u010cMF. Akce je akreditov\u00e1na M\u0160MT \u010cR jako sou\u010d\u00e1st dal\u0161\u00edho vzd\u011bl\u00e1v\u00e1n\u00ed u\u010ditel\u016f. C\u00edlem t\u00e9to konference je shrom\u00e1\u017edit u\u010ditele matematiky z r\u016fzn\u00fdch typ\u016f \u0161kol a odborn\u00edky z oblasti \u0161kolstv\u00ed k diskus\u00edm nad t\u011bmito okruhy ot\u00e1zek: role po\u010d\u00edta\u010de ve vyu\u010dov\u00e1n\u00ed matematiky [&hellip;]<\/p>\n","protected":false},"author":1,"featured_media":0,"parent":0,"menu_order":1,"comment_status":"open","ping_status":"open","template":"","meta":{"footnotes":""},"class_list":["post-18","page","type-page","status-publish","hentry"],"_links":{"self":[{"href":"http:\/\/home.pf.jcu.cz\/~upvvm\/2015\/index.php?rest_route=\/wp\/v2\/pages\/18","targetHints":{"allow":["GET"]}}],"collection":[{"href":"http:\/\/home.pf.jcu.cz\/~upvvm\/2015\/index.php?rest_route=\/wp\/v2\/pages"}],"about":[{"href":"http:\/\/home.pf.jcu.cz\/~upvvm\/2015\/index.php?rest_route=\/wp\/v2\/types\/page"}],"author":[{"embeddable":true,"href":"http:\/\/home.pf.jcu.cz\/~upvvm\/2015\/index.php?rest_route=\/wp\/v2\/users\/1"}],"replies":[{"embeddable":true,"href":"http:\/\/home.pf.jcu.cz\/~upvvm\/2015\/index.php?rest_route=%2Fwp%2Fv2%2Fcomments&post=18"}],"version-history":[{"count":13,"href":"http:\/\/home.pf.jcu.cz\/~upvvm\/2015\/index.php?rest_route=\/wp\/v2\/pages\/18\/revisions"}],"predecessor-version":[{"id":363,"href":"http:\/\/home.pf.jcu.cz\/~upvvm\/2015\/index.php?rest_route=\/wp\/v2\/pages\/18\/revisions\/363"}],"wp:attachment":[{"href":"http:\/\/home.pf.jcu.cz\/~upvvm\/2015\/index.php?rest_route=%2Fwp%2Fv2%2Fmedia&parent=18"}],"curies":[{"name":"wp","href":"https:\/\/api.w.org\/{rel}","templated":true}]}}