{"id":21,"date":"2011-02-19T12:55:20","date_gmt":"2011-02-19T12:55:20","guid":{"rendered":"http:\/\/localhost\/upvvm\/2011\/?page_id=21"},"modified":"2015-11-18T12:17:54","modified_gmt":"2015-11-18T12:17:54","slug":"plenarni-prednasky","status":"publish","type":"page","link":"http:\/\/home.pf.jcu.cz\/~upvvm\/2015\/?page_id=21","title":{"rendered":"Plen\u00e1rn\u00ed p\u0159edn\u00e1\u0161ky"},"content":{"rendered":"<p><strong>Solve First \u2013 Insight Later: a new way of understanding geometry using Symbolic Geometry and CAS<\/strong><br \/>\n<strong>Dr. Philip Todd<\/strong><br \/>\nSaltire Software, Oregon, USA<br \/>\n[<a href=\"http:\/\/home.pf.jcu.cz\/~upvvm\/2015\/prednasky\/Abstract_Todd.pdf\" target=\"_blank\">Anotace p\u0159edn\u00e1\u0161ky<\/a>] [<a href=\"http:\/\/home.pf.jcu.cz\/~upvvm\/2015\/prednasky\/P_Todd_Solve_first.pdf\" target=\"_blank\">Prezentace<\/a>]<br \/>\nP\u00e1tek, 13:15-14:15, Aula<\/p>\n<p>&nbsp;<\/p>\n<p><strong>O u\u017eite\u010dnosti matematiky<\/strong><br \/>\n<strong>doc. RNDr. Ji\u0159\u00ed T\u016fma, DrSc.<\/strong><br \/>\nKarlova univerzita v Praze<br \/>\n[<a href=\"http:\/\/home.pf.jcu.cz\/~upvvm\/2015\/prednasky\/Anotace_Tuma.pdf\" target=\"_blank\">Anotace p\u0159edn\u00e1\u0161ky<\/a>] [<a href=\"http:\/\/home.pf.jcu.cz\/~upvvm\/2015\/prednasky\/J_Tuma_Ceske_Budejovice_2015.pdf\" target=\"_blank\">Prezentace<\/a>]<br \/>\n\u010ctvrtek, 10:15-11:15, Aula<\/p>\n<p>&nbsp;<\/p>\n<p><strong>Supporting mathematically gifted students in school<\/strong><br \/>\n<strong>prof. Dr. Volker Ulm<\/strong><br \/>\nUniversit\u00e4t Bayreuth<br \/>\n[<a href=\"http:\/\/home.pf.jcu.cz\/~upvvm\/2015\/prednasky\/Abstract_Ulm.pdf\" target=\"_blank\">Anotace p\u0159edn\u00e1\u0161ky<\/a>] [<a href=\"http:\/\/home.pf.jcu.cz\/~upvvm\/2015\/prednasky\/MathGiftedness_V_Ulm.pdf\" target=\"_blank\">Prezentace<\/a>]<br \/>\nP\u00e1tek, 8:30-9:30, Aula<\/p>\n<p>&nbsp;<\/p>\n<p><strong>K\u0159ivky v GeoGeb\u0159e<\/strong><br \/>\n<strong>Mgr. Roman Ha\u0161ek, Ph.D.<\/strong><br \/>\nJiho\u010desk\u00e1 univerzita v \u010cesk\u00fdch Bud\u011bjovic\u00edch<br \/>\n[<a href=\"http:\/\/home.pf.jcu.cz\/~upvvm\/2015\/prednasky\/Hasek_anotace.pdf\" target=\"_blank\">Anotace p\u0159edn\u00e1\u0161ky<\/a>] [<a href=\"http:\/\/home.pf.jcu.cz\/~upvvm\/2015\/prednasky\/R_Hasek_UPVM_2015.pdf\" target=\"_blank\">Prezentace<\/a>]<br \/>\nSobota, 9:00-10:00, Aula<\/p>\n<p>&nbsp;<\/p>\n","protected":false},"excerpt":{"rendered":"<p>Solve First \u2013 Insight Later: a new way of understanding geometry using Symbolic Geometry and CAS Dr. Philip Todd Saltire Software, Oregon, USA [Anotace p\u0159edn\u00e1\u0161ky] [Prezentace] P\u00e1tek, 13:15-14:15, Aula &nbsp; O u\u017eite\u010dnosti matematiky doc. RNDr. Ji\u0159\u00ed T\u016fma, DrSc. Karlova univerzita v Praze [Anotace p\u0159edn\u00e1\u0161ky] [Prezentace] \u010ctvrtek, 10:15-11:15, Aula &nbsp; Supporting mathematically gifted students in school [&hellip;]<\/p>\n","protected":false},"author":1,"featured_media":0,"parent":0,"menu_order":0,"comment_status":"open","ping_status":"open","template":"","meta":{"footnotes":""},"class_list":["post-21","page","type-page","status-publish","hentry"],"_links":{"self":[{"href":"http:\/\/home.pf.jcu.cz\/~upvvm\/2015\/index.php?rest_route=\/wp\/v2\/pages\/21","targetHints":{"allow":["GET"]}}],"collection":[{"href":"http:\/\/home.pf.jcu.cz\/~upvvm\/2015\/index.php?rest_route=\/wp\/v2\/pages"}],"about":[{"href":"http:\/\/home.pf.jcu.cz\/~upvvm\/2015\/index.php?rest_route=\/wp\/v2\/types\/page"}],"author":[{"embeddable":true,"href":"http:\/\/home.pf.jcu.cz\/~upvvm\/2015\/index.php?rest_route=\/wp\/v2\/users\/1"}],"replies":[{"embeddable":true,"href":"http:\/\/home.pf.jcu.cz\/~upvvm\/2015\/index.php?rest_route=%2Fwp%2Fv2%2Fcomments&post=21"}],"version-history":[{"count":35,"href":"http:\/\/home.pf.jcu.cz\/~upvvm\/2015\/index.php?rest_route=\/wp\/v2\/pages\/21\/revisions"}],"predecessor-version":[{"id":437,"href":"http:\/\/home.pf.jcu.cz\/~upvvm\/2015\/index.php?rest_route=\/wp\/v2\/pages\/21\/revisions\/437"}],"wp:attachment":[{"href":"http:\/\/home.pf.jcu.cz\/~upvvm\/2015\/index.php?rest_route=%2Fwp%2Fv2%2Fmedia&parent=21"}],"curies":[{"name":"wp","href":"https:\/\/api.w.org\/{rel}","templated":true}]}}