{"id":225,"date":"2013-03-08T15:17:44","date_gmt":"2013-03-08T15:17:44","guid":{"rendered":"http:\/\/home.pf.jcu.cz\/~upvvm\/2013\/?page_id=225"},"modified":"2015-11-03T13:20:51","modified_gmt":"2015-11-03T13:20:51","slug":"doprovodny-program","status":"publish","type":"page","link":"http:\/\/home.pf.jcu.cz\/~upvvm\/2015\/?page_id=225","title":{"rendered":"Doprovodn\u00fd program"},"content":{"rendered":"<p>\u010ctvrte\u010dn\u00ed ve\u010der 5. listopadu je v\u011bnov\u00e1n prohl\u00eddce Dominik\u00e1nsk\u00e9ho kl\u00e1\u0161tera v \u010cesk\u00fdch Bud\u011bjovic\u00edch s odborn\u00fdm v\u00fdkladem. <\/p>\n<p>V\u00fdchoz\u00ed bod: Samsonova ka\u0161na na n\u00e1m\u011bst\u00ed P\u0159emysla Otakara II. (48\u00b058&#8217;28.371&#8243;N, 14\u00b028&#8217;27.494&#8243;E).<\/p>\n<p>\u010cas: 19:30 hodin.<\/p>\n","protected":false},"excerpt":{"rendered":"<p>\u010ctvrte\u010dn\u00ed ve\u010der 5. listopadu je v\u011bnov\u00e1n prohl\u00eddce Dominik\u00e1nsk\u00e9ho kl\u00e1\u0161tera v \u010cesk\u00fdch Bud\u011bjovic\u00edch s odborn\u00fdm v\u00fdkladem. V\u00fdchoz\u00ed bod: Samsonova ka\u0161na na n\u00e1m\u011bst\u00ed P\u0159emysla Otakara II. (48\u00b058&#8217;28.371&#8243;N, 14\u00b028&#8217;27.494&#8243;E). \u010cas: 19:30 hodin.<\/p>\n","protected":false},"author":2,"featured_media":0,"parent":0,"menu_order":0,"comment_status":"closed","ping_status":"closed","template":"","meta":{"footnotes":""},"class_list":["post-225","page","type-page","status-publish","hentry"],"_links":{"self":[{"href":"http:\/\/home.pf.jcu.cz\/~upvvm\/2015\/index.php?rest_route=\/wp\/v2\/pages\/225","targetHints":{"allow":["GET"]}}],"collection":[{"href":"http:\/\/home.pf.jcu.cz\/~upvvm\/2015\/index.php?rest_route=\/wp\/v2\/pages"}],"about":[{"href":"http:\/\/home.pf.jcu.cz\/~upvvm\/2015\/index.php?rest_route=\/wp\/v2\/types\/page"}],"author":[{"embeddable":true,"href":"http:\/\/home.pf.jcu.cz\/~upvvm\/2015\/index.php?rest_route=\/wp\/v2\/users\/2"}],"replies":[{"embeddable":true,"href":"http:\/\/home.pf.jcu.cz\/~upvvm\/2015\/index.php?rest_route=%2Fwp%2Fv2%2Fcomments&post=225"}],"version-history":[{"count":9,"href":"http:\/\/home.pf.jcu.cz\/~upvvm\/2015\/index.php?rest_route=\/wp\/v2\/pages\/225\/revisions"}],"predecessor-version":[{"id":414,"href":"http:\/\/home.pf.jcu.cz\/~upvvm\/2015\/index.php?rest_route=\/wp\/v2\/pages\/225\/revisions\/414"}],"wp:attachment":[{"href":"http:\/\/home.pf.jcu.cz\/~upvvm\/2015\/index.php?rest_route=%2Fwp%2Fv2%2Fmedia&parent=225"}],"curies":[{"name":"wp","href":"https:\/\/api.w.org\/{rel}","templated":true}]}}