{"id":25,"date":"2011-02-19T12:55:47","date_gmt":"2011-02-19T12:55:47","guid":{"rendered":"http:\/\/localhost\/upvvm\/2011\/?page_id=25"},"modified":"2015-09-25T14:11:49","modified_gmt":"2015-09-25T14:11:49","slug":"ubytovani","status":"publish","type":"page","link":"http:\/\/home.pf.jcu.cz\/~upvvm\/2015\/?page_id=25","title":{"rendered":"Ubytov\u00e1n\u00ed"},"content":{"rendered":"<p style=\"text-align: right;\">25. 9. 2015<\/p>\n<p>V\u00e1\u017een\u00ed \u00fa\u010dastn\u00edci konference,<\/p>\n<p>rezervace m\u00edst v hotelu Garni, kter\u00fd zde byl nab\u00edzen, musela b\u00fdt z technick\u00fdch d\u016fvod\u016f zru\u0161ena.\u00a0Ubytov\u00e1n\u00ed za zv\u00fdhodn\u011bn\u00fdch podm\u00ednek pro \u00fa\u010dastn\u00edky konference je nov\u011b rezervov\u00e1no v\u00a0hotelu <strong>Mal\u00fd pivovar <\/strong>(viz n\u00ed\u017ee uveden\u00e9 informace). Velice se omlouv\u00e1me za tuto komplikaci.<\/p>\n<p>\u010clenov\u00e9 organiza\u010dn\u00edho v\u00fdboru konference UPVM 2015<\/p>\n<p>&nbsp;<\/p>\n<p>Ubytov\u00e1n\u00ed za zv\u00fdhodn\u011bn\u00fdch podm\u00ednek pro \u00fa\u010dastn\u00edky konference je rezervov\u00e1no v\u00a0hotelu <strong>Mal\u00fd pivovar<\/strong>, ul. Karla IV 8-10, \u010cesk\u00e9 Bud\u011bjovice (<a href=\"http:\/\/www.malypivovar.cz\" target=\"_blank\">http:\/\/www.malypivovar.cz<\/a>, cca 100 m od n\u00e1m\u011bst\u00ed P\u0159emysla Otakara II).<\/p>\n<p>Cena za dvoul\u016f\u017ekov\u00fd pokoj s bufetovou sn\u00eddan\u00ed pro \u00fa\u010dastn\u00edky konference UPVM 2015 byla na dobu kon\u00e1n\u00ed konference (5. \u2013 7. 11. 2015) dojedn\u00e1na na 1000,-\u00a0K\u010d\/den (p\u0159i obsazen\u00ed pokoje dv\u011bma osobami tak vych\u00e1z\u00ed cena 500,-\u00a0K\u010d\/den pro jednu osobu). Cena za jednol\u016f\u017ekov\u00fd pokoj s\u00a0bufetovou sn\u00eddan\u00ed pro \u00fa\u010dastn\u00edky konference je dohodnuta na 800,- K\u010d\/den.<\/p>\n<p>Z\u00a0d\u016fvodu nutnosti vystaven\u00ed hromadn\u00e9 objedn\u00e1vky pros\u00edme z\u00e1jemce o ubytov\u00e1n\u00ed v\u00a0hotelu Mal\u00fd pivovar za uveden\u00fdch podm\u00ednek, aby se <strong>do 16. 10. 2015<\/strong> z\u00e1vazn\u011b p\u0159ihl\u00e1sili RNDr. Vladim\u00ed\u0159e Petr\u00e1\u0161kov\u00e9, Ph.D. e-mailem na adresu: <a href=\"mailto:petrasek@pf.jcu.cz\">petrasek@pf.jcu.cz<\/a>\u00a0 (Faktury budou vyd\u00e1v\u00e1ny individu\u00e1ln\u011b dle po\u017eadavk\u016f \u00fa\u010dastn\u00edk\u016f konference).<\/p>\n<p>Z\u00e1jemc\u016fm, kte\u0159\u00ed se p\u0159ihl\u00e1s\u00ed po 16. 10. \u00a02015 nemohou organiz\u00e1to\u0159i garantovat uvedenou mo\u017enost ubytov\u00e1n\u00ed.<\/p>\n<p>&nbsp;<\/p>\n<p>&nbsp;<\/p>\n","protected":false},"excerpt":{"rendered":"<p>25. 9. 2015 V\u00e1\u017een\u00ed \u00fa\u010dastn\u00edci konference, rezervace m\u00edst v hotelu Garni, kter\u00fd zde byl nab\u00edzen, musela b\u00fdt z technick\u00fdch d\u016fvod\u016f zru\u0161ena.\u00a0Ubytov\u00e1n\u00ed za zv\u00fdhodn\u011bn\u00fdch podm\u00ednek pro \u00fa\u010dastn\u00edky konference je nov\u011b rezervov\u00e1no v\u00a0hotelu Mal\u00fd pivovar (viz n\u00ed\u017ee uveden\u00e9 informace). Velice se omlouv\u00e1me za tuto komplikaci. \u010clenov\u00e9 organiza\u010dn\u00edho v\u00fdboru konference UPVM 2015 &nbsp; Ubytov\u00e1n\u00ed za zv\u00fdhodn\u011bn\u00fdch podm\u00ednek pro [&hellip;]<\/p>\n","protected":false},"author":1,"featured_media":0,"parent":0,"menu_order":0,"comment_status":"open","ping_status":"open","template":"","meta":{"footnotes":""},"class_list":["post-25","page","type-page","status-publish","hentry"],"_links":{"self":[{"href":"http:\/\/home.pf.jcu.cz\/~upvvm\/2015\/index.php?rest_route=\/wp\/v2\/pages\/25","targetHints":{"allow":["GET"]}}],"collection":[{"href":"http:\/\/home.pf.jcu.cz\/~upvvm\/2015\/index.php?rest_route=\/wp\/v2\/pages"}],"about":[{"href":"http:\/\/home.pf.jcu.cz\/~upvvm\/2015\/index.php?rest_route=\/wp\/v2\/types\/page"}],"author":[{"embeddable":true,"href":"http:\/\/home.pf.jcu.cz\/~upvvm\/2015\/index.php?rest_route=\/wp\/v2\/users\/1"}],"replies":[{"embeddable":true,"href":"http:\/\/home.pf.jcu.cz\/~upvvm\/2015\/index.php?rest_route=%2Fwp%2Fv2%2Fcomments&post=25"}],"version-history":[{"count":18,"href":"http:\/\/home.pf.jcu.cz\/~upvvm\/2015\/index.php?rest_route=\/wp\/v2\/pages\/25\/revisions"}],"predecessor-version":[{"id":210,"href":"http:\/\/home.pf.jcu.cz\/~upvvm\/2015\/index.php?rest_route=\/wp\/v2\/pages\/25\/revisions\/210"}],"wp:attachment":[{"href":"http:\/\/home.pf.jcu.cz\/~upvvm\/2015\/index.php?rest_route=%2Fwp%2Fv2%2Fmedia&parent=25"}],"curies":[{"name":"wp","href":"https:\/\/api.w.org\/{rel}","templated":true}]}}