{"id":31,"date":"2011-02-19T12:56:40","date_gmt":"2011-02-19T12:56:40","guid":{"rendered":"http:\/\/localhost\/upvvm\/2011\/?page_id=31"},"modified":"2015-03-27T14:01:49","modified_gmt":"2015-03-27T14:01:49","slug":"kontakty","status":"publish","type":"page","link":"http:\/\/home.pf.jcu.cz\/~upvvm\/2015\/?page_id=31","title":{"rendered":"Kontakty"},"content":{"rendered":"<p>doc. RNDr. Helena Binterov\u00e1, Ph.D.<br \/>\nPF JU v \u010c. Bud\u011bjovic\u00edch<br \/>\nJeron\u00fdmova 10<br \/>\n371 15 \u010cesk\u00e9 Bud\u011bjovice<\/p>\n<p>Tel.: 739 323 431, 387773087<br \/>\nE-mail: hbinter@pf.jcu.cz<\/p>\n","protected":false},"excerpt":{"rendered":"<p>doc. RNDr. Helena Binterov\u00e1, Ph.D. PF JU v \u010c. Bud\u011bjovic\u00edch Jeron\u00fdmova 10 371 15 \u010cesk\u00e9 Bud\u011bjovice Tel.: 739 323 431, 387773087 E-mail: hbinter@pf.jcu.cz<\/p>\n","protected":false},"author":1,"featured_media":0,"parent":0,"menu_order":0,"comment_status":"open","ping_status":"open","template":"","meta":{"footnotes":""},"class_list":["post-31","page","type-page","status-publish","hentry"],"_links":{"self":[{"href":"http:\/\/home.pf.jcu.cz\/~upvvm\/2015\/index.php?rest_route=\/wp\/v2\/pages\/31","targetHints":{"allow":["GET"]}}],"collection":[{"href":"http:\/\/home.pf.jcu.cz\/~upvvm\/2015\/index.php?rest_route=\/wp\/v2\/pages"}],"about":[{"href":"http:\/\/home.pf.jcu.cz\/~upvvm\/2015\/index.php?rest_route=\/wp\/v2\/types\/page"}],"author":[{"embeddable":true,"href":"http:\/\/home.pf.jcu.cz\/~upvvm\/2015\/index.php?rest_route=\/wp\/v2\/users\/1"}],"replies":[{"embeddable":true,"href":"http:\/\/home.pf.jcu.cz\/~upvvm\/2015\/index.php?rest_route=%2Fwp%2Fv2%2Fcomments&post=31"}],"version-history":[{"count":3,"href":"http:\/\/home.pf.jcu.cz\/~upvvm\/2015\/index.php?rest_route=\/wp\/v2\/pages\/31\/revisions"}],"predecessor-version":[{"id":360,"href":"http:\/\/home.pf.jcu.cz\/~upvvm\/2015\/index.php?rest_route=\/wp\/v2\/pages\/31\/revisions\/360"}],"wp:attachment":[{"href":"http:\/\/home.pf.jcu.cz\/~upvvm\/2015\/index.php?rest_route=%2Fwp%2Fv2%2Fmedia&parent=31"}],"curies":[{"name":"wp","href":"https:\/\/api.w.org\/{rel}","templated":true}]}}