{"id":391,"date":"2015-10-30T12:09:47","date_gmt":"2015-10-30T12:09:47","guid":{"rendered":"http:\/\/home.pf.jcu.cz\/~upvvm\/2015\/?page_id=391"},"modified":"2015-11-19T13:09:30","modified_gmt":"2015-11-19T13:09:30","slug":"workshopy","status":"publish","type":"page","link":"http:\/\/home.pf.jcu.cz\/~upvvm\/2015\/?page_id=391","title":{"rendered":"Workshopy"},"content":{"rendered":"<p><b>Nakladatelstv\u00ed Fraus: Interaktivn\u00ed u\u010debnice matematiky aneb ICT jako nosi\u010d vzd\u011bl\u00e1vac\u00edho obsahu<br \/>\n<\/b>Pavel Bl\u00e1ha, Miroslava Nov\u00e1kov\u00e1<br \/>\nNakladatelstv\u00ed Fraus<br \/>\n[<a href=\"http:\/\/home.pf.jcu.cz\/~upvvm\/2015\/workshopy\/UPVM2015_Workshop_Blaha_Novakova.pdf\" target=\"_blank\">Anotace workshopu<\/a>]<\/p>\n<p>&nbsp;<\/p>\n<p><b>R\u016fzn\u00e9 typy prostorov\u00fdch \u00faloh \u0159e\u0161en\u00fdch v prost\u0159ed\u00ed programu GeoGebra<br \/>\n<\/b>\u0160\u00e1rka Gergelitsov\u00e1<br \/>\nGymn\u00e1zium Bene\u0161ov<br \/>\n[<a href=\"http:\/\/home.pf.jcu.cz\/~upvvm\/2015\/workshopy\/UPVM2015_Workshop_Gerge.pdf\" target=\"_blank\">Anotace workshopu<\/a>] [<a href=\"http:\/\/home.pf.jcu.cz\/~upvvm\/2015\/workshopy\/GGB_CB_tisk.pdf\" target=\"_blank\">Handout<\/a>] [<a href=\"http:\/\/home.pf.jcu.cz\/~upvvm\/2015\/workshopy\/GGB_CB_Klavesove_zkratky.pdf\" target=\"_blank\">Kl\u00e1vesov\u00e9 zkratky<\/a>] [<a href=\"http:\/\/home.pf.jcu.cz\/~upvvm\/2015\/workshopy\/ukazky.zip\" target=\"_blank\">Uk\u00e1zky (zip)<\/a>]<\/p>\n<p>&nbsp;<\/p>\n<p><b>Magnetick\u00e9 skl\u00e1da\u010dky Cuts<br \/>\n<\/b>Miroslav Mat\u011bcha<br \/>\n\u201ckuk\u201d &#8211; aplikace \u010d\u00edslicov\u00e9 techniky<\/p>\n<p>&nbsp;<\/p>\n<p><b>LaTeX pro u\u010ditele matematiky (snadno a rychle)<br \/>\n<\/b>Roman Plch<br \/>\nMasarykova univerzita, Brno<br \/>\n[<a href=\"http:\/\/home.pf.jcu.cz\/~upvvm\/2015\/workshopy\/UPVM2015_Workshop_Plch.pdf\" target=\"_blank\">Anotace workshopu<\/a>] [<a href=\"http:\/\/home.pf.jcu.cz\/~upvvm\/2015\/workshopy\/prez_bud15_R_Plch.pdf\" target=\"_blank\">Prezentace<\/a>]<br \/>\nUk\u00e1zkov\u00e9 materi\u00e1ly: [<a href=\"https:\/\/www.overleaf.com\/latex\/examples\/ukazkovy-soubor-pro-workshop-ceske-budejovice\/gysnsqdfzhpy\" target=\"_blank\">\u0160ablona pro \u010dl\u00e1nek<\/a>] [<a href=\"https:\/\/www.overleaf.com\/latex\/examples\/ukazkova-prezentace-pro-workshop-ceske-budejovice\/rnjrwktdqzqj\" target=\"_blank\">\u0160ablona pro prezentaci<\/a>]<\/p>\n<p>&nbsp;<\/p>\n<p><b>From Inductive Reasoning to Mathematical Induction with Geometry Expressions<\/b><br \/>\nPhilip Todd<br \/>\nSaltire Software, Oregon, USA<br \/>\n[<a href=\"http:\/\/home.pf.jcu.cz\/~upvvm\/2015\/workshopy\/UPVM2015_Workshop_Todd.pdf\" target=\"_blank\">Anotace workshopu<\/a>] [<a href=\"http:\/\/home.pf.jcu.cz\/~upvvm\/2015\/workshopy\/Induction.pdf\" target=\"_blank\">Handouts<\/a>] [<a href=\"http:\/\/www.geometryexpressions.com\/download\/trial.php\" target=\"_blank\">Geometry Expressions &#8211; trial version<\/a>]<\/p>\n<p>&nbsp;<\/p>\n<p><b>Techambition &#8211; u\u010dit (se) objevov\u00e1n\u00edm<br \/>\n<\/b>Jakub Str\u00e1nsk\u00fd, Aessandra Lanzafame<br \/>\nTechambition Ltd<br \/>\n[<a href=\"http:\/\/home.pf.jcu.cz\/~upvvm\/2015\/workshopy\/UPVM2015_Workshop_Stransky.pdf\" target=\"_blank\">Anotace workshopu<\/a>]<\/p>\n<p>&nbsp;<\/p>\n<p><b>Tvorba GeoGebra knihy a\u00a0jej vyu\u017eitie na hodin\u00e1ch matematiky<br \/>\n<\/b>Kitti Vidermanov\u00e1, Lucia Rumanov\u00e1<br \/>\nUniverzita Kon\u0161tant\u00edna Filozofa v Nitre<br \/>\n[<a href=\"http:\/\/home.pf.jcu.cz\/~upvvm\/2015\/workshopy\/UPVM2015_Workshop_Vidermanova_Rumanova.pdf\" target=\"_blank\">Anotace workshopu<\/a>] [<a href=\"http:\/\/www.geogebra.org\/download\" target=\"_blank\">GeoGebra &#8211; instalace<\/a>]<\/p>\n","protected":false},"excerpt":{"rendered":"<p>Nakladatelstv\u00ed Fraus: Interaktivn\u00ed u\u010debnice matematiky aneb ICT jako nosi\u010d vzd\u011bl\u00e1vac\u00edho obsahu Pavel Bl\u00e1ha, Miroslava Nov\u00e1kov\u00e1 Nakladatelstv\u00ed Fraus [Anotace workshopu] &nbsp; R\u016fzn\u00e9 typy prostorov\u00fdch \u00faloh \u0159e\u0161en\u00fdch v prost\u0159ed\u00ed programu GeoGebra \u0160\u00e1rka Gergelitsov\u00e1 Gymn\u00e1zium Bene\u0161ov [Anotace workshopu] [Handout] [Kl\u00e1vesov\u00e9 zkratky] [Uk\u00e1zky (zip)] &nbsp; Magnetick\u00e9 skl\u00e1da\u010dky Cuts Miroslav Mat\u011bcha \u201ckuk\u201d &#8211; aplikace \u010d\u00edslicov\u00e9 techniky &nbsp; LaTeX pro u\u010ditele [&hellip;]<\/p>\n","protected":false},"author":2,"featured_media":0,"parent":0,"menu_order":0,"comment_status":"closed","ping_status":"closed","template":"","meta":{"footnotes":""},"class_list":["post-391","page","type-page","status-publish","hentry"],"_links":{"self":[{"href":"http:\/\/home.pf.jcu.cz\/~upvvm\/2015\/index.php?rest_route=\/wp\/v2\/pages\/391","targetHints":{"allow":["GET"]}}],"collection":[{"href":"http:\/\/home.pf.jcu.cz\/~upvvm\/2015\/index.php?rest_route=\/wp\/v2\/pages"}],"about":[{"href":"http:\/\/home.pf.jcu.cz\/~upvvm\/2015\/index.php?rest_route=\/wp\/v2\/types\/page"}],"author":[{"embeddable":true,"href":"http:\/\/home.pf.jcu.cz\/~upvvm\/2015\/index.php?rest_route=\/wp\/v2\/users\/2"}],"replies":[{"embeddable":true,"href":"http:\/\/home.pf.jcu.cz\/~upvvm\/2015\/index.php?rest_route=%2Fwp%2Fv2%2Fcomments&post=391"}],"version-history":[{"count":27,"href":"http:\/\/home.pf.jcu.cz\/~upvvm\/2015\/index.php?rest_route=\/wp\/v2\/pages\/391\/revisions"}],"predecessor-version":[{"id":439,"href":"http:\/\/home.pf.jcu.cz\/~upvvm\/2015\/index.php?rest_route=\/wp\/v2\/pages\/391\/revisions\/439"}],"wp:attachment":[{"href":"http:\/\/home.pf.jcu.cz\/~upvvm\/2015\/index.php?rest_route=%2Fwp%2Fv2%2Fmedia&parent=391"}],"curies":[{"name":"wp","href":"https:\/\/api.w.org\/{rel}","templated":true}]}}