{"id":416,"date":"2015-11-04T10:18:59","date_gmt":"2015-11-04T10:18:59","guid":{"rendered":"http:\/\/home.pf.jcu.cz\/~upvvm\/2015\/?page_id=416"},"modified":"2015-11-04T10:20:53","modified_gmt":"2015-11-04T10:20:53","slug":"vyukove-materialy","status":"publish","type":"page","link":"http:\/\/home.pf.jcu.cz\/~upvvm\/2015\/?page_id=416","title":{"rendered":"V\u00fdukov\u00e9 materi\u00e1ly"},"content":{"rendered":"<p>V\u00fdukov\u00e9 materi\u00e1ly zam\u011b\u0159en\u00e9 na badatelsky orientovanou v\u00fduku, kter\u00e9 byly vytvo\u0159eny v r\u00e1mci projektu ScienceZoom: <a href=\"http:\/\/www.sciencezoom.cz\/cs\/vzdelavaci-programy-a-bov\" target=\"_blank\">www.sciencezoom.cz<\/a><\/p>\n","protected":false},"excerpt":{"rendered":"<p>V\u00fdukov\u00e9 materi\u00e1ly zam\u011b\u0159en\u00e9 na badatelsky orientovanou v\u00fduku, kter\u00e9 byly vytvo\u0159eny v r\u00e1mci projektu ScienceZoom: www.sciencezoom.cz<\/p>\n","protected":false},"author":2,"featured_media":0,"parent":0,"menu_order":0,"comment_status":"closed","ping_status":"closed","template":"","meta":{"footnotes":""},"class_list":["post-416","page","type-page","status-publish","hentry"],"_links":{"self":[{"href":"http:\/\/home.pf.jcu.cz\/~upvvm\/2015\/index.php?rest_route=\/wp\/v2\/pages\/416","targetHints":{"allow":["GET"]}}],"collection":[{"href":"http:\/\/home.pf.jcu.cz\/~upvvm\/2015\/index.php?rest_route=\/wp\/v2\/pages"}],"about":[{"href":"http:\/\/home.pf.jcu.cz\/~upvvm\/2015\/index.php?rest_route=\/wp\/v2\/types\/page"}],"author":[{"embeddable":true,"href":"http:\/\/home.pf.jcu.cz\/~upvvm\/2015\/index.php?rest_route=\/wp\/v2\/users\/2"}],"replies":[{"embeddable":true,"href":"http:\/\/home.pf.jcu.cz\/~upvvm\/2015\/index.php?rest_route=%2Fwp%2Fv2%2Fcomments&post=416"}],"version-history":[{"count":3,"href":"http:\/\/home.pf.jcu.cz\/~upvvm\/2015\/index.php?rest_route=\/wp\/v2\/pages\/416\/revisions"}],"predecessor-version":[{"id":418,"href":"http:\/\/home.pf.jcu.cz\/~upvvm\/2015\/index.php?rest_route=\/wp\/v2\/pages\/416\/revisions\/418"}],"wp:attachment":[{"href":"http:\/\/home.pf.jcu.cz\/~upvvm\/2015\/index.php?rest_route=%2Fwp%2Fv2%2Fmedia&parent=416"}],"curies":[{"name":"wp","href":"https:\/\/api.w.org\/{rel}","templated":true}]}}