{"id":7,"date":"2011-02-18T17:56:38","date_gmt":"2011-02-18T17:56:38","guid":{"rendered":"http:\/\/localhost\/upvvm\/2011\/?page_id=2"},"modified":"2017-03-20T14:21:40","modified_gmt":"2017-03-20T14:21:40","slug":"neco-o-me","status":"publish","type":"page","link":"http:\/\/home.pf.jcu.cz\/~upvvm\/2015\/","title":{"rendered":"\u00davod"},"content":{"rendered":"<p>Dobr\u00fd den!<\/p>\n<p>V\u00edtejte na str\u00e1nk\u00e1ch konference\u00a0<strong>U\u017eit\u00ed po\u010d\u00edta\u010d\u016f ve v\u00fduce matematiky<\/strong>, konan\u00e9 ve dnech 5. a\u017e 7. listopadu 2015 v <strong>\u010cesk\u00fdch Bud\u011bjovic\u00edch<\/strong>.<\/p>\n<p>Pro nalezen\u00ed pot\u0159ebn\u00fdch informac\u00ed pokra\u010dujte p\u0159\u00edhodnou volbou v\u00a0prav\u00e9m menu.<br \/>\n<img loading=\"lazy\" decoding=\"async\" class=\"aligncenter\" style=\"margin-top: 40px; margin-bottom: 20px;\" title=\"logo_upvvm\" alt=\"Logo UPVVM\" src=\"http:\/\/home.pf.jcu.cz\/~upvvm\/2011\/wp-content\/uploads\/2011\/02\/logo_upvvm-300x171.jpg\" width=\"300\" height=\"171\" \/><\/p>\n<p>Nov\u00fd ro\u010dn\u00edk: <a title=\"U\u017eit\u00ed po\u010d\u00edta\u010d\u016f ve v\u00fduce matematiky 2017\" href=\"http:\/\/home.pf.jcu.cz\/~upvm\/2017\/\">UPVM 2017<\/a><\/p>\n","protected":false},"excerpt":{"rendered":"<p>Dobr\u00fd den! V\u00edtejte na str\u00e1nk\u00e1ch konference\u00a0U\u017eit\u00ed po\u010d\u00edta\u010d\u016f ve v\u00fduce matematiky, konan\u00e9 ve dnech 5. a\u017e 7. listopadu 2015 v \u010cesk\u00fdch Bud\u011bjovic\u00edch. Pro nalezen\u00ed pot\u0159ebn\u00fdch informac\u00ed pokra\u010dujte p\u0159\u00edhodnou volbou v\u00a0prav\u00e9m menu. Nov\u00fd ro\u010dn\u00edk: UPVM 2017<\/p>\n","protected":false},"author":1,"featured_media":0,"parent":0,"menu_order":0,"comment_status":"open","ping_status":"open","template":"","meta":{"footnotes":""},"class_list":["post-7","page","type-page","status-publish","hentry"],"_links":{"self":[{"href":"http:\/\/home.pf.jcu.cz\/~upvvm\/2015\/index.php?rest_route=\/wp\/v2\/pages\/7","targetHints":{"allow":["GET"]}}],"collection":[{"href":"http:\/\/home.pf.jcu.cz\/~upvvm\/2015\/index.php?rest_route=\/wp\/v2\/pages"}],"about":[{"href":"http:\/\/home.pf.jcu.cz\/~upvvm\/2015\/index.php?rest_route=\/wp\/v2\/types\/page"}],"author":[{"embeddable":true,"href":"http:\/\/home.pf.jcu.cz\/~upvvm\/2015\/index.php?rest_route=\/wp\/v2\/users\/1"}],"replies":[{"embeddable":true,"href":"http:\/\/home.pf.jcu.cz\/~upvvm\/2015\/index.php?rest_route=%2Fwp%2Fv2%2Fcomments&post=7"}],"version-history":[{"count":8,"href":"http:\/\/home.pf.jcu.cz\/~upvvm\/2015\/index.php?rest_route=\/wp\/v2\/pages\/7\/revisions"}],"predecessor-version":[{"id":188,"href":"http:\/\/home.pf.jcu.cz\/~upvvm\/2015\/index.php?rest_route=\/wp\/v2\/pages\/7\/revisions\/188"}],"wp:attachment":[{"href":"http:\/\/home.pf.jcu.cz\/~upvvm\/2015\/index.php?rest_route=%2Fwp%2Fv2%2Fmedia&parent=7"}],"curies":[{"name":"wp","href":"https:\/\/api.w.org\/{rel}","templated":true}]}}