{"id":200,"date":"2026-02-11T11:01:14","date_gmt":"2026-02-11T11:01:14","guid":{"rendered":"https:\/\/home.pf.jcu.cz\/~csgg2026\/?page_id=200"},"modified":"2026-04-16T14:13:14","modified_gmt":"2026-04-16T14:13:14","slug":"csgg-2026_new","status":"publish","type":"page","link":"https:\/\/home.pf.jcu.cz\/~csgg2026\/index.php\/en\/csgg-2026_new\/","title":{"rendered":"CSGG 2026"},"content":{"rendered":"\n<div class=\"wp-block-columns is-layout-flex wp-container-core-columns-is-layout-9c22b1e3 wp-block-columns-is-layout-flex\">\n<div class=\"wp-block-column is-layout-flow wp-container-core-column-is-layout-3c70bfa7 wp-block-column-is-layout-flow\" style=\"padding-right:var(--wp--preset--spacing--30);padding-left:0;flex-basis:66.66%\">\n<p class=\"has-large-font-size\">The Czech Society for Geometry and Graphics and the Slovak Society for Geometry and Graphic welcome you to attend a co-organized scientific reunion<\/p>\n\n\n\n<p><strong>The 12<sup>th<\/sup> Czech\u2013Slovak Conference on Geometry and Graphics<\/strong><\/p>\n\n\n\n<p>a joint event of the national conferences<\/p>\n\n\n\n<p><strong>46<sup>th<\/sup> Conference on Geometry and Graphics<\/strong> (Czech Republic) and <br><strong>35<sup>th<\/sup> Symposium on Computer Geometry<\/strong> (Slovak Republic)<\/p>\n\n\n\n<p>alternating between the Czech Republic and the Slovak Republic.<\/p>\n\n\n\n<p><strong>The conference is held under the auspices of the Faculty of Education, University of South Bohemia in \u010cesk\u00e9 Bud\u011bjovice.<\/strong><\/p>\n\n\n\n<p>The event is locally hosted and organized by the Department of Mathematics, Faculty of Education, University of South Bohemia in \u010cesk\u00e9 Bud\u011bjovice in collaboration with the Union of Czech Mathematicians and Physicists (J\u010cMF).<\/p>\n\n\n\n<p><strong>The conference invites contributions on geometry and graphics, their applications, and teaching at educational levels ranging from secondary school to university. Special emphasis is placed on the conception and teaching of three-dimensional geometry. Submissions are accepted in Czech, Slovak, or English<\/strong><\/p>\n\n\n\n<p><strong>Important dates<\/strong><\/p>\n\n\n\n<blockquote class=\"wp-block-quote barevne is-layout-flow wp-block-quote-is-layout-flow\">\n<p>Registration start: 15 March 2026<\/p>\n\n\n\n<p>Abstract submission deadline: 1 July 2026<\/p>\n\n\n\n<p>Registration deadline: 1 August 2026<\/p>\n<\/blockquote>\n\n\n\n<p><strong>Committees<\/strong><\/p>\n\n\n\n<div class=\"wp-block-columns is-layout-flex wp-container-core-columns-is-layout-28f84493 wp-block-columns-is-layout-flex\">\n<div class=\"wp-block-column is-layout-flow wp-block-column-is-layout-flow\">\n<p>Scientific Committee:<\/p>\n\n\n\n<ul class=\"wp-block-list\">\n<li>Michal Bizzarri<\/li>\n\n\n\n<li>Roman Ha\u0161ek<\/li>\n\n\n\n<li>Pavel Chalmoviansk\u00fd<\/li>\n\n\n\n<li>Marie Chodorov\u00e1<\/li>\n\n\n\n<li>M\u00e1ria Kme\u0165ov\u00e1<\/li>\n\n\n\n<li>Miroslav L\u00e1vi\u010dka<\/li>\n\n\n\n<li>Pavel Pech<\/li>\n\n\n\n<li>Hellmuth Stachel<\/li>\n\n\n\n<li>Zbyn\u011bk \u0160\u00edr<\/li>\n\n\n\n<li>Daniela Velichov\u00e1<\/li>\n\n\n\n<li>Gunter Weiss<\/li>\n<\/ul>\n<\/div>\n\n\n\n<div class=\"wp-block-column is-layout-flow wp-block-column-is-layout-flow\">\n<p>Organizing Committee:<\/p>\n\n\n\n<ul class=\"wp-block-list\">\n<li>Roman Ha\u0161ek<\/li>\n\n\n\n<li>Marika Hrube\u0161ov\u00e1<\/li>\n\n\n\n<li>Ji\u0159\u00ed Kopeck\u00fd<\/li>\n\n\n\n<li>Vladim\u00edra Petr\u00e1\u0161kov\u00e1<\/li>\n\n\n\n<li>P\u0159emysl Rosa<\/li>\n\n\n\n<li>Tom\u00e1\u0161 Roskovec<\/li>\n<\/ul>\n<\/div>\n<\/div>\n<\/div>\n\n\n\n<div class=\"wp-block-column has-medium-font-size is-layout-flow wp-block-column-is-layout-flow\" style=\"border-left-style:none;border-left-width:0px;padding-right:0;padding-left:var(--wp--preset--spacing--30);flex-basis:29%\">\n<blockquote class=\"wp-block-quote barevne has-background is-layout-flow wp-block-quote-is-layout-flow\" style=\"background-color:#e9e9e9\">\n<p class=\"has-text-align-center barevne has-medium-font-size\"><a href=\"https:\/\/home.pf.jcu.cz\/~csgg2026\/index.php\/en\/workshop-enhancing-spatial-thinking-through-playful-online-training-in-classrooms-from-elementary-school-through-university\/\" target=\"_blank\" rel=\"noreferrer noopener\"><strong>Spatial Thinking Workshop for Teachers and Teacher Educators<\/strong><\/a><\/p>\n\n\n\n<p class=\"has-medium-font-size\">Using the <a href=\"https:\/\/rif4you.eu\/index.php?spr=en\" target=\"_blank\" rel=\"noreferrer noopener\">RIF 3.0 platform<\/a><\/p>\n\n\n\n<p class=\"has-medium-font-size\">Led by <a href=\"https:\/\/home.pf.jcu.cz\/~csgg2026\/index.php\/en\/gunter-j-maresch\/\" target=\"_blank\" rel=\"noreferrer noopener\">G\u00fcnter J. Maresch<\/a><\/p>\n\n\n\n<p class=\"has-medium-font-size\"><strong>Thursday, September 17<\/strong><\/p>\n<\/blockquote>\n\n\n\n<blockquote class=\"wp-block-quote barevne has-background is-layout-flow wp-block-quote-is-layout-flow\" style=\"background-color:#f6f6f6\">\n<p class=\"has-text-align-center barevne has-medium-font-size\"><strong>Invited speakers<\/strong><\/p>\n\n\n\n<p class=\"has-medium-font-size\"><a href=\"https:\/\/home.pf.jcu.cz\/~csgg2026\/index.php\/2026\/01\/26\/vanda-benesova\/\" target=\"_blank\" rel=\"noreferrer noopener\">prof. Ing. Vanda Bene\u0161ov\u00e1, CSc.<\/a>&nbsp;<\/p>\n\n\n\n<p class=\"has-medium-font-size\"><a href=\"https:\/\/home.pf.jcu.cz\/~csgg2026\/index.php\/2026\/01\/26\/gunter-j-maresch\/\" target=\"_blank\" rel=\"noreferrer noopener\">Prof. Dr.&nbsp;Mag. G\u00fcnter J. Maresch<\/a><\/p>\n\n\n\n<p class=\"has-medium-font-size\"><a href=\"https:\/\/home.pf.jcu.cz\/~csgg2026\/index.php\/2026\/02\/02\/pavel-pech\/\" target=\"_blank\" rel=\"noreferrer noopener\">prof. RNDr. Pavel Pech, CSc.<\/a><\/p>\n<\/blockquote>\n\n\n\n<blockquote class=\"wp-block-quote barevne has-background is-layout-flow wp-block-quote-is-layout-flow\" style=\"background-color:#e9e9e9;font-size:clamp(0.875rem, 0.875rem + ((1vw - 0.2rem) * 0.393), 1.15rem);\">\n<p class=\"has-text-align-center\"><strong>Important dates<\/strong><\/p>\n\n\n\n<p>Registration start: <br><strong>15 March 2026<\/strong><\/p>\n\n\n\n<p>Abstract submission deadline: <br><strong>1 July 2026<\/strong><\/p>\n\n\n\n<p>Registration deadline: <br><strong>1 August 2026<\/strong><\/p>\n<\/blockquote>\n\n\n\n<blockquote class=\"wp-block-quote barevne has-background is-layout-flow wp-block-quote-is-layout-flow\" style=\"background-color:#f6f6f6;font-size:clamp(0.875rem, 0.875rem + ((1vw - 0.2rem) * 0.393), 1.15rem);\">\n<p class=\"has-text-align-center\"><strong>Partners<\/strong><\/p>\n\n\n\n<p><a href=\"https:\/\/www.pf.jcu.cz\/cz\/\" target=\"_blank\" rel=\"noreferrer noopener\">University of South Bohemia, Faculty of Education<\/a><\/p>\n\n\n\n<p><a href=\"https:\/\/csgg.eu\/\" target=\"_blank\" rel=\"noreferrer noopener\">Czech Society for Geometry and Graphics<\/a><\/p>\n\n\n\n<p><a href=\"https:\/\/www.ssgg.sk\/indexs.html\" target=\"_blank\" rel=\"noreferrer noopener\">Slovak Society for Geometry and Graphics<\/a><\/p>\n<\/blockquote>\n\n\n\n<blockquote class=\"wp-block-quote barevne has-background is-layout-flow wp-block-quote-is-layout-flow\" style=\"background-color:#e9e9e9;font-size:clamp(0.875rem, 0.875rem + ((1vw - 0.2rem) * 0.393), 1.15rem);\">\n<p class=\"has-text-align-center\"><strong>Past Conferences<\/strong><\/p>\n\n\n\n<p><a href=\"https:\/\/csgg2022.upol.cz\/\" target=\"_blank\" rel=\"noreferrer noopener\">8<sup>th<\/sup>: Olomouc, CZ, 2022<\/a><\/p>\n\n\n\n<p><a href=\"https:\/\/www.ssgg.sk\/scg\/archiv\/Abstracts2023.htm\" target=\"_blank\" rel=\"noreferrer noopener\">9<sup>th<\/sup>: Kremnica, SK, 2023<\/a><\/p>\n\n\n\n<p><a href=\"https:\/\/csgg2024.zcu.cz\/\" target=\"_blank\" rel=\"noreferrer noopener\">10<sup>th<\/sup>: Plze\u0148, CZ, 2024<\/a><\/p>\n\n\n\n<p><a href=\"https:\/\/www.ssgg.sk\/scg\/indexa.htm\" target=\"_blank\" rel=\"noreferrer noopener\">11<sup>th<\/sup>: Bratislava, SK, 2025<\/a><\/p>\n<\/blockquote>\n<\/div>\n<\/div>\n","protected":false},"excerpt":{"rendered":"<p>The Czech Society for Geometry and Graphics and the Slovak Society for Geometry and Graphic welcome you to attend a co-organized scientific reunion The 12th Czech\u2013Slovak Conference on Geometry and Graphics a joint event of the national conferences 46th Conference on Geometry and Graphics (Czech Republic) and 35th Symposium on Computer Geometry (Slovak Republic) alternating [&hellip;]<\/p>\n","protected":false},"author":1,"featured_media":0,"parent":0,"menu_order":0,"comment_status":"closed","ping_status":"closed","template":"front-page-new","meta":{"footnotes":""},"class_list":["post-200","page","type-page","status-publish","hentry"],"_links":{"self":[{"href":"https:\/\/home.pf.jcu.cz\/~csgg2026\/index.php\/wp-json\/wp\/v2\/pages\/200","targetHints":{"allow":["GET"]}}],"collection":[{"href":"https:\/\/home.pf.jcu.cz\/~csgg2026\/index.php\/wp-json\/wp\/v2\/pages"}],"about":[{"href":"https:\/\/home.pf.jcu.cz\/~csgg2026\/index.php\/wp-json\/wp\/v2\/types\/page"}],"author":[{"embeddable":true,"href":"https:\/\/home.pf.jcu.cz\/~csgg2026\/index.php\/wp-json\/wp\/v2\/users\/1"}],"replies":[{"embeddable":true,"href":"https:\/\/home.pf.jcu.cz\/~csgg2026\/index.php\/wp-json\/wp\/v2\/comments?post=200"}],"version-history":[{"count":52,"href":"https:\/\/home.pf.jcu.cz\/~csgg2026\/index.php\/wp-json\/wp\/v2\/pages\/200\/revisions"}],"predecessor-version":[{"id":717,"href":"https:\/\/home.pf.jcu.cz\/~csgg2026\/index.php\/wp-json\/wp\/v2\/pages\/200\/revisions\/717"}],"wp:attachment":[{"href":"https:\/\/home.pf.jcu.cz\/~csgg2026\/index.php\/wp-json\/wp\/v2\/media?parent=200"}],"curies":[{"name":"wp","href":"https:\/\/api.w.org\/{rel}","templated":true}]}}