{"id":33,"date":"2026-01-04T18:05:43","date_gmt":"2026-01-04T18:05:43","guid":{"rendered":"https:\/\/home.pf.jcu.cz\/~csgg2026\/?page_id=33"},"modified":"2026-04-30T16:35:29","modified_gmt":"2026-04-30T16:35:29","slug":"invited-speakers","status":"publish","type":"page","link":"https:\/\/home.pf.jcu.cz\/~csgg2026\/index.php\/en\/invited-speakers\/","title":{"rendered":"Invited speakers"},"content":{"rendered":"\n<div style=\"height:50px\" aria-hidden=\"true\" class=\"wp-block-spacer\"><\/div>\n\n\n\n<figure class=\"wp-block-image size-medium\"><img loading=\"lazy\" decoding=\"async\" width=\"281\" height=\"300\" src=\"https:\/\/home.pf.jcu.cz\/~csgg2026\/wp-content\/uploads\/2026\/01\/Vanda_Benesova_1-281x300.png\" alt=\"\" class=\"wp-image-86\"\/><\/figure>\n\n\n\n<p><strong>prof. Ing. Vanda Bene\u0161ov\u00e1, CSc.&nbsp;<\/strong><\/p>\n\n\n\n<p>CTU in Prague, Faculty of Information Technology<\/p>\n\n\n\n<p>[<a href=\"https:\/\/home.pf.jcu.cz\/~csgg2026\/index.php\/en\/vanda-benesova\/\">Bio<\/a>]<\/p>\n\n\n\n<p>Lecture title:<br><a href=\"https:\/\/home.pf.jcu.cz\/~csgg2026\/index.php\/en\/spracovanie-medicinskych-obrazovych-dat-metodami-umelej-inteligencie\/\" target=\"_blank\" rel=\"noreferrer noopener\"><strong>Spracovanie medic\u00ednskych obrazov\u00fdch d\u00e1t met\u00f3dami umelej inteligencie<\/strong><\/a><br><strong>Medical Image Processing Using AI<\/strong><br>(The lecture will be delivered in Slovak, with slides in English)<\/p>\n\n\n\n<hr class=\"wp-block-separator has-alpha-channel-opacity\"\/>\n\n\n\n<div style=\"height:50px\" aria-hidden=\"true\" class=\"wp-block-spacer\"><\/div>\n\n\n\n<figure class=\"wp-block-image size-medium\"><img loading=\"lazy\" decoding=\"async\" width=\"225\" height=\"300\" src=\"https:\/\/home.pf.jcu.cz\/~csgg2026\/wp-content\/uploads\/2026\/01\/guenter_maresch-2800x2100-1-225x300.png\" alt=\"\" class=\"wp-image-87\"\/><\/figure>\n\n\n\n<p><strong>Univ.-Prof. Priv.-Doz. Mag. Dr.&nbsp;G\u00fcnter J. Maresch<\/strong><\/p>\n\n\n\n<p>University of Salzburg<\/p>\n\n\n\n<p>[<a href=\"https:\/\/home.pf.jcu.cz\/~csgg2026\/index.php\/en\/gunter-j-maresch\/\">Bio<\/a>]<\/p>\n\n\n\n<p>Lecture title:<br><strong><a href=\"https:\/\/home.pf.jcu.cz\/~csgg2026\/index.php\/en\/shaping-geometry-in-teacher-education-approaches-from-salzburg-and-upper-austria\/\" target=\"_blank\" rel=\"noreferrer noopener\">Shaping Geometry in Teacher Education: Approaches from Salzburg and Upper Austria<\/a><\/strong><br>(The lecture will be delivered in English)<\/p>\n\n\n\n<hr class=\"wp-block-separator has-alpha-channel-opacity\"\/>\n\n\n\n<div style=\"height:50px\" aria-hidden=\"true\" class=\"wp-block-spacer\"><\/div>\n\n\n\n<figure class=\"wp-block-image size-medium\"><img loading=\"lazy\" decoding=\"async\" width=\"300\" height=\"283\" src=\"https:\/\/home.pf.jcu.cz\/~csgg2026\/wp-content\/uploads\/2026\/02\/Pech_photo-300x283.png\" alt=\"\" class=\"wp-image-142\" srcset=\"https:\/\/home.pf.jcu.cz\/~csgg2026\/wp-content\/uploads\/2026\/02\/Pech_photo-300x283.png 300w, https:\/\/home.pf.jcu.cz\/~csgg2026\/wp-content\/uploads\/2026\/02\/Pech_photo-768x725.png 768w, https:\/\/home.pf.jcu.cz\/~csgg2026\/wp-content\/uploads\/2026\/02\/Pech_photo.png 781w\" sizes=\"auto, (max-width: 300px) 100vw, 300px\" \/><\/figure>\n\n\n\n<p><strong>prof. RNDr. Pavel Pech, CSc.<\/strong><\/p>\n\n\n\n<p>University of South Bohemia, Faculty of Education<\/p>\n\n\n\n<p>[<a href=\"https:\/\/home.pf.jcu.cz\/~csgg2026\/index.php\/en\/pavel-pech\/\">Bio<\/a>]<\/p>\n\n\n\n<p>Lecture title:<br><strong><a href=\"https:\/\/home.pf.jcu.cz\/~csgg2026\/index.php\/en\/petrs-theorem-and-harmonic-analysis-of-polygons\/\" target=\"_blank\" rel=\"noreferrer noopener\">Petr's theorem and harmonic analysis of polygons<\/a><\/strong><\/p>\n","protected":false},"excerpt":{"rendered":"<p>prof. Ing. Vanda Bene\u0161ov\u00e1, CSc.&nbsp; CTU in Prague, Faculty of Information Technology [Bio] Lecture title:Spracovanie medic\u00ednskych obrazov\u00fdch d\u00e1t met\u00f3dami umelej inteligencieMedical Image Processing Using AI(The lecture will be delivered in Slovak, with slides in English) Univ.-Prof. Priv.-Doz. Mag. Dr.&nbsp;G\u00fcnter J. Maresch University of Salzburg [Bio] Lecture title:Shaping Geometry in Teacher Education: Approaches from Salzburg and [&hellip;]<\/p>\n","protected":false},"author":1,"featured_media":0,"parent":0,"menu_order":0,"comment_status":"closed","ping_status":"closed","template":"","meta":{"footnotes":""},"class_list":["post-33","page","type-page","status-publish","hentry"],"_links":{"self":[{"href":"https:\/\/home.pf.jcu.cz\/~csgg2026\/index.php\/wp-json\/wp\/v2\/pages\/33","targetHints":{"allow":["GET"]}}],"collection":[{"href":"https:\/\/home.pf.jcu.cz\/~csgg2026\/index.php\/wp-json\/wp\/v2\/pages"}],"about":[{"href":"https:\/\/home.pf.jcu.cz\/~csgg2026\/index.php\/wp-json\/wp\/v2\/types\/page"}],"author":[{"embeddable":true,"href":"https:\/\/home.pf.jcu.cz\/~csgg2026\/index.php\/wp-json\/wp\/v2\/users\/1"}],"replies":[{"embeddable":true,"href":"https:\/\/home.pf.jcu.cz\/~csgg2026\/index.php\/wp-json\/wp\/v2\/comments?post=33"}],"version-history":[{"count":29,"href":"https:\/\/home.pf.jcu.cz\/~csgg2026\/index.php\/wp-json\/wp\/v2\/pages\/33\/revisions"}],"predecessor-version":[{"id":774,"href":"https:\/\/home.pf.jcu.cz\/~csgg2026\/index.php\/wp-json\/wp\/v2\/pages\/33\/revisions\/774"}],"wp:attachment":[{"href":"https:\/\/home.pf.jcu.cz\/~csgg2026\/index.php\/wp-json\/wp\/v2\/media?parent=33"}],"curies":[{"name":"wp","href":"https:\/\/api.w.org\/{rel}","templated":true}]}}