

{"id":37,"date":"2026-01-04T18:07:15","date_gmt":"2026-01-04T18:07:15","guid":{"rendered":"https:\/\/home.pf.jcu.cz\/~csgg2026\/?page_id=37"},"modified":"2026-03-12T19:55:50","modified_gmt":"2026-03-12T19:55:50","slug":"registration","status":"publish","type":"page","link":"https:\/\/home.pf.jcu.cz\/~csgg2026\/index.php\/en\/registration\/","title":{"rendered":"Registration"},"content":{"rendered":"\n<p><\/p>\n\n\n\n<p><strong>The conference registration fee is 4,000 <strong>CZK<\/strong><\/strong>.<\/p>\n\n\n\n<p>Payment details will be provided during the registration process.<\/p>\n\n\n\n<p>The fee covers, among other things, the costs of organizational, informational, and program-related arrangements of the conference, the preparation and publication of a booklet of abstracts, the typesetting of the conference proceedings, conference materials, venue hire, and coffee break refreshments.<\/p>\n\n\n\n<p>The registration fee does not include meals or accommodation. These are not provided as part of the conference and are arranged individually by participants.<\/p>\n\n\n\n<p>Information on recommended accommodation, including hotels offering a conference rate, can be found here: <a href=\"https:\/\/home.pf.jcu.cz\/~csgg2026\/index.php\/en\/accommodation\/\" target=\"_blank\" rel=\"noreferrer noopener\"><strong>Accommodation<\/strong><\/a>.<\/p>\n\n\n\n<p>Please use the form below to register for the conference. If you are already registered, <a href=\"https:\/\/home.pf.jcu.cz\/~csgg2026\/index.php\/en\/my-profile\/\" data-type=\"page\" data-id=\"357\"><strong>log in here<\/strong><\/a> to update or complete your profile information.<\/p>\n\n\n\n<div style=\"height:40px\" aria-hidden=\"true\" class=\"wp-block-spacer\"><\/div>\n\n\n\n<p><\/p>\n\n\n\t\t <form action=\"https:\/\/home.pf.jcu.cz\/~csgg2026\/wp-admin\/admin-post.php?lang=en_US\" method=\"post\" enctype=\"multipart\/form-data\" id=\"formPrihlaska\">\r\n\t\t\t<input type=\"hidden\" name=\"action\" value=\"registrace_nova_prihlaska\">\r\n\t\t\t<table class=\"registracni_formular\">\r\n\r\n\t\t\t\t<tr>\r\n\t\t\t\t\t<td colspan=\"3\" class=\"header\">Participant\t\t\t\t\t\t<input type=\"hidden\" name=\"id_ucastnika\" value=\"0\" \/>\r\n\t\t\t\t\t\t<input type=\"hidden\" name=\"akce_form\" value=\"nova_prihlaska\" \/>\r\n\t\t\t\t\t<\/td>\r\n\t\t\t\t<\/tr>\r\n\r\n\t\t\t\t<tr>\r\n\t\t\t\t\t<td class=\"smallheader\"><label for=\"jmeno\">First name:<\/label><\/td>\r\n\t\t\t\t\t<td colspan=\"2\">\r\n\t\t\t\t\t\t<input id=\"jmeno\" type=\"text\" name=\"jmeno\" value=\"\" class=\"text\" required\t\/>\r\n\t\t\t\t\t<\/td>\r\n\t\t\t\t<\/tr>\r\n\t\t\t\t<tr>\r\n\t\t\t\t\t<td class=\"smallheader\">\r\n\t\t\t\t\t\t<label for=\"prijmeni\">Last name:<\/label>\r\n\t\t\t\t\t<\/td>\r\n\r\n\t\t\t\t\t<td colspan=\"2\">\r\n\t\t\t\t\t\t<input id=\"prijmeni\" type=\"text\" name=\"prijmeni\" value=\"\" class=\"text\" required \/>\r\n\t\t\t\t\t<\/td>\r\n\t\t\t\t<\/tr>\r\n\t\t\t\t<tr>\r\n\t\t\t\t\t<td class=\"smallheader\"><label for=\"titul\">Title, ac. degrees:<\/label><\/td>\r\n\t\t\t\t\t<td colspan=\"2\">\r\n\t\t\t\t\t\t<input id=\"titul\" type=\"text\" name=\"titul\" value=\"\" class=\"text\" \/>\r\n\t\t\t\t\t<\/td>\r\n\t\t\t\t<\/tr>\r\n\t\t\t\t<tr>\r\n\t\t\t\t\t<td class=\"smallheader\"><label for=\"email\">E-mail:<\/label><\/td>\r\n\t\t\t\t\t<td colspan=\"2\">\r\n\t\t\t\t\t\t<input id=\"email\" type=\"email\" name=\"email\" value=\"\" class=\"text\"  required \/>\t\r\n\t\t\t\t\t<\/td>\r\n\t\t\t\t<\/tr>\r\n                                        <tr>\r\n                                <td class=\"smallheader\"><label for=\"heslo\">Password:<\/label><\/td>\r\n                                <td colspan=\"2\">\r\n                                    <input id=\"heslo\" type=\"password\" name=\"heslo\" value=\"\" class=\"text\" required \/>\r\n                                <\/td>\r\n                            <\/tr>\r\n                            <tr>\r\n                    <td class=\"smallheader\"><label for=\"telefon\">Phone number:<\/label><\/td>\r\n                    <td colspan=\"2\">\r\n                        <input id=\"telefon\" type=\"text\" name=\"telefon\" value=\"\" class=\"text\" required \/><br \/>\r\n                    <\/td>\r\n                <\/tr>\r\n\r\n    \t\t\t\t\r\n\t\t\t\t<tr>\r\n\t\t\t\t\t<td colspan=\"3\" class=\"header\">Institution<\/td>\r\n\t\t\t\t<\/tr>\r\n\t\t\t\t<tr>\r\n\t\t\t\t\t<td class=\"smallheader\"><label for=\"nazev\">Name:<\/label><\/td>\r\n\t\t\t\t\t<td colspan=\"2\">\r\n\t\t\t\t\t\t<input id=\"nazev\" type=\"text\" name=\"nazev\" value=\"\" class=\"text\" required  size=\"20\" \/>\r\n\t\t\t\t\t<\/td>\r\n\t\t\t\t<\/tr>\r\n\t\t\t\t<tr>\r\n\t\t\t\t\t<td class=\"smallheader\"><label for=\"ulice_cp\">Street, No.:<\/label><\/td>\r\n\t\t\t\t\t<td colspan=\"2\">\r\n\t\t\t\t\t\t<input id=\"ulice_cp\" type=\"text\" name=\"ulice_cp\" value=\"\" class=\"text\" required \/>\r\n\t\t\t\t\t<\/td>\r\n\t\t\t\t<\/tr>\r\n\t\t\t\t<tr>\r\n\t\t\t\t\t<td class=\"smallheader\"><label for=\"mesto\">City:<\/label><\/td>\r\n\t\t\t\t\t<td colspan=\"2\">\r\n\t\t\t\t\t\t<input id=\"mesto\" type=\"text\" name=\"mesto\" value=\"\" class=\"text\" required \/>\r\n\t\t\t\t\t<\/td>\r\n\t\t\t\t<\/tr>\r\n\t\t\t\t<tr>\r\n\t\t\t\t\t<td class=\"smallheader\"><label for=\"psc\">ZIP code:<\/label><\/td>\r\n\t\t\t\t\t<td colspan=\"2\">\r\n\t\t\t\t\t\t<input id=\"psc\" type=\"text\" name=\"psc\" value=\"\" class=\"text\" \/>\r\n\t\t\t\t\t<\/td>\r\n\t\t\t\t<\/tr>\r\n\t\t\t\t<tr>\r\n\t\t\t\t\t<td class=\"smallheader\"><label for=\"ico\">Identification number:<\/label><\/td>\r\n\t\t\t\t\t<td colspan=\"2\">\r\n\t\t\t\t\t\t<input id=\"ico\" type=\"text\" name=\"ico\" value=\"\" class=\"text\" \/>\r\n\t\t\t\t\t<\/td>\r\n\t\t\t\t<\/tr>\r\n                    <tr>\r\n                        <td><\/td>\r\n                    <td colspan=\"2\" class=\"smallheader\">\r\n                        <label>\r\n                            <input type=\"checkbox\" id=\"osvedceni_checkbox\" name=\"osvedceni\" value=\"1\"\r\n                                >\r\n                            I want to issue a certificate of participation                        <\/label>\r\n                        <br>\r\n                        <small>A date of birth will be required for unambiguous identification.<\/small>\r\n                    <\/td>\r\n                <\/tr>\r\n                <tr id=\"narozen_row\">\r\n                    <td class=\"smallheader\"><label for=\"narozen_input\">Date of birth:<\/label><\/td>\r\n                    <td colspan=\"2\">\r\n                        <input type=\"date\" name=\"narozen\" id=\"narozen_input\"\r\n                            value=\"\"\r\n                            class=\"text\" \/><br \/>\r\n                    <\/td>\r\n                <\/tr>\r\n\t\t\t\t\r\n\t\t\t\t<tr>\r\n\t\t\t\t\t<td colspan=\"3\" class=\"header\">Billing details<\/td>\r\n\t\t\t\t<\/tr>\r\n\t\t\t\t<tr>\r\n\t\t\t\t\t<td class=\"smallheader\"><label for=\"faktura_ne\">Enter billing details:<\/label><\/td>\r\n\t\t\t\t\t<td colspan=\"2\">\r\n\t\t\t\t\t\t<input type=\"radio\" name=\"faktura\" id=\"faktura_ne\" value=\"ne\" onclick=\"skryj('zadat_fakturacni_udaje');\" checked=\"checked\" \/><label for=\"faktura_ne\">same as institution<\/label>\r\n\t\t\t\t\t\t<input type=\"radio\" name=\"faktura\" id=\"faktura_ano\" value=\"ano\" onclick=\"zobraz('zadat_fakturacni_udaje');\" \/><label for=\"faktura_ano\">other<\/label>\r\n\t\t\t\t\t<\/td>\r\n\t\t\t\t<\/tr>\r\n\t\t\t\t<tr id=\"zadat_fakturacni_udaje\">\r\n\t\t\t\t\t<td class=\"smallheader\"><\/td>\r\n\t\t\t\t\t<td colspan=\"2\">\r\n\t\t\t\t\t\t<textarea id=\"fakturacni_udaje\" rows=\"4\" cols=\"50\" name=\"fakturacni_udaje\"><\/textarea>\r\n\t\t\t\t\t<\/td>\r\n\t\t\t\t<\/tr>\r\n    \t\t\t<tr>\r\n\t\t\t\t<td colspan=\"3\" class=\"header\">Contributions<\/td>\r\n\t\t\t<\/tr>\r\n\t\t\t\t\t\t<!-- <tr>\r\n\t\t\t\t\t<td colspan=\"3\" class=\"center\">Oral presentation<\/td>\r\n\t\t\t\t<\/tr>\r\n\t\t\t\t -->\r\n\t\t\t\t<tr>\r\n\t\t\t\t\t<td class=\"smallheader\"><label for=\"prispevek_ano\">Registering oral presentation:<\/label><\/td>\r\n\t\t\t\t\t<td colspan=\"2\">\r\n                        \t\t\t\t\t\t<label for=\"prispevek_ano\"><input type=\"radio\" name=\"prispevek\" id=\"prispevek_ano\" value=\"ano\" onclick=\"zobraz('prispevek_predbezny_nazev');zobraz('prispevek_anotace');\" \/> yes<\/label>\r\n\t\t\t\t\t\t<label for=\"prispevek_ne\"><input type=\"radio\" name=\"prispevek\" id=\"prispevek_ne\" value=\"ne\" onclick=\"skryj('prispevek_predbezny_nazev');skryj('prispevek_anotace');\" checked=\"checked\" \/> no<\/label>\r\n                                            <\/td>\r\n\t\t\t\t<\/tr>\r\n\t\t\t\t<tr id=\"prispevek_predbezny_nazev\">\r\n\t\t\t\t\t<td class=\"smallheader\"><label for=\"predbezny_nazev\">Preliminary title:<\/label><\/td>\r\n\t\t\t\t\t<td colspan=\"2\">\r\n\t\t\t\t\t\t<input id=\"predbezny_nazev\" type=\"text\" name=\"predbezny_nazev\" value=\"\" class=\"text\" \/>\r\n\t\t\t\t\t<\/td>\r\n\t\t\t\t<\/tr>\r\n\t\t\t\t<tr id=\"prispevek_anotace\" class=\"smallheader\">\r\n\t\t\t\t\t<td class=\"smallheader\"><label for=\"anotace_prispevku\">Annotation:<\/label><\/td>\r\n\t\t\t\t\t<td colspan=\"2\">\r\n\t\t\t\t\t\t<textarea name=\"anotace_prispevku\" class=\"text\" cols=\"50\" rows=\"8\" id=\"anotace_prispevku\" oninput=\"updateCharCount(this.id)\"><\/textarea>\r\n\t\t\t\t\t\t<div id=\"charCount_anotace_prispevku\" style=\"float:right;margin-top: 5px; color: gray; margin-right:0;\">0 znak\u016f<\/div>\r\n\t\t\t\t\t<\/td>\r\n\t\t\t\t<\/tr>\r\n    \t\t\t\t<!-- <tr>\r\n\t\t\t\t\t<td colspan=\"3\" class=\"center\">Poster<\/td>\r\n\t\t\t\t<\/tr> -->\r\n\t\t\t\t<tr>\r\n\t\t\t\t\t<td class=\"smallheader\"><label for=\"poster_ano\">Registering poster:<\/label><\/td>\r\n\t\t\t\t\t<td colspan=\"2\">\r\n\t\t\t\t\t\t\t\t\t\t\t\t<label for=\"poster_ano\"><input type=\"radio\" name=\"poster\" id=\"poster_ano\" value=\"ano\" onclick=\"zobraz('poster_predbezny_nazev');zobraz('poster_anotace');\" \/> yes<\/label>\r\n\t\t\t\t\t\t<label for=\"poster_ne\"><input type=\"radio\" name=\"poster\" id=\"poster_ne\" value=\"ne\" onclick=\"skryj('poster_predbezny_nazev');skryj('poster_anotace');\" checked=\"checked\" \/> no<\/label>\r\n\t\t\t\t\t\t\t\t\t\t\t<\/td>\r\n\t\t\t\t<\/tr>\r\n\t\t\t\t<tr id=\"poster_predbezny_nazev\">\r\n\t\t\t\t\t<td class=\"smallheader\"><label for=\"nazev_posteru\">Preliminary title:<\/label><\/td>\r\n\t\t\t\t\t<td colspan=\"2\">\r\n\t\t\t\t\t\t<input id=\"nazev_posteru\" type=\"text\" name=\"nazev_posteru\" value=\"\" class=\"text\" \/>\r\n\t\t\t\t\t<\/td>\r\n\t\t\t\t<\/tr>\r\n\t\t\t\t<tr id=\"poster_anotace\" class=\"smallheader\">\r\n\t\t\t\t\t<td class=\"smallheader\"><label for=\"anotace_posteru\">Poster annotation:<\/label><\/td>\r\n\t\t\t\t\t<td colspan=\"2\">\r\n\t\t\t\t\t\t<textarea name=\"anotace_posteru\" class=\"text\" cols=\"50\" rows=\"8\" id=\"anotace_posteru\" oninput=\"updateCharCount(this.id)\"><\/textarea>\r\n\t\t\t\t\t\t<div id=\"charCount_anotace_posteru\" style=\"float:right;margin-top: 5px; color: gray; margin-right:0;\">0 znak\u016f<\/div>\r\n\t\t\t\t\t<\/td>\r\n\t\t\t\t<\/tr>\r\n\t\t\t\t\t\t<tr>\r\n\t\t\t\t\t<td colspan=\"3\" class=\"center\">\r\n    <input type=\"hidden\" name=\"workshop\" value=\"ne\"><input type=\"hidden\" name=\"upvm_jidlo_konf_vecere\" value=\"ne\">\t\t\t\t\t\t<input type=\"submit\" name=\"potvrdit\" value=\"Confirm\" class=\"button\" \/>\r\n    \t\t\t\t\t\t\r\n\t\t\t\t\t<\/td>\r\n\t\t\t\t<\/tr>\r\n\t\t\t<\/table>\r\n\t\t\t<\/form>\r\n\t\t\t    <script type=\"text\/javascript\">\r\n    function zobraz(obj) {\r\n        document.getElementById(obj).style.display = \"\";\r\n    }\r\n\r\n    function skryj(obj) {\r\n        \/\/ console.log(obj);\r\n        document.getElementById(obj).style.display = \"none\";\r\n    }\t\t\/* <![CDATA[ *\/\r\n\tfunction updateCharCount(textbox) {\r\n\t\tconst textarea = document.getElementById(textbox);\r\n\t\tconst charCountDiv = document.getElementById('charCount_'+textbox);\r\n\t\tconst text = textarea.value.replace(\/\\s+\/g, ''); \/\/ Remove spaces\r\n\t\tconst charCount = text.length;\r\n\r\n\t\tcharCountDiv.textContent = charCount + \" znak\u016f\";\r\n\r\n\t\tif (charCount < 800) {\r\n\t\t\tcharCountDiv.style.color = 'gray';\r\n\t\t} else if (charCount <= 1500) {\r\n\t\t\tcharCountDiv.style.color = 'green';\r\n\t\t} else {\r\n\t\t\tcharCountDiv.style.color = 'red';\r\n\t\t}\r\n\t}\r\n    \/\/ Dynamick\u00e9 chov\u00e1n\u00ed pro pole \"Datum narozen\u00ed\" a checkbox \"osvedceni\"\r\n    function toggleNarozenField() {\r\n        var checkbox = document.getElementById('osvedceni_checkbox');\r\n        var row = document.getElementById('narozen_row');\r\n        var input = document.getElementById('narozen_input');\r\n        if (!checkbox || !row || !input) return;\r\n        if (checkbox.checked) {\r\n            row.style.display = '';\r\n            input.required = true;\r\n            input.disabled = false;\r\n        } else {\r\n            row.style.display = 'none';\r\n            input.required = false;\r\n            input.disabled = true;\r\n            input.value = '';\r\n        }\r\n    }\r\n    document.addEventListener('DOMContentLoaded', function() {\r\n        var checkbox = document.getElementById('osvedceni_checkbox');\r\n        if (checkbox) {\r\n            checkbox.addEventListener('change', toggleNarozenField);\r\n            toggleNarozenField();\r\n        }\r\n    });\r\n            skryj('zadat_fakturacni_udaje');\r\n                skryj('prispevek_predbezny_nazev');\r\n            skryj('prispevek_anotace');\r\n        \t\t\tskryj('poster_predbezny_nazev');\r\n\t\t\tskryj('poster_anotace');\r\n\t\t\t\r\n    <\/script>\r\n\r\n\r\n    \n\n\n\n<p><\/p>\n","protected":false},"excerpt":{"rendered":"<p>The conference registration fee is 4,000 CZK. Payment details will be provided during the registration process. The fee covers, among other things, the costs of organizational, informational, and program-related arrangements of the conference, the preparation and publication of a booklet of abstracts, the typesetting of the conference proceedings, conference materials, venue hire, and coffee break [&hellip;]<\/p>\n","protected":false},"author":1,"featured_media":0,"parent":0,"menu_order":0,"comment_status":"closed","ping_status":"closed","template":"","meta":{"footnotes":""},"class_list":["post-37","page","type-page","status-publish","hentry"],"_links":{"self":[{"href":"https:\/\/home.pf.jcu.cz\/~csgg2026\/index.php\/wp-json\/wp\/v2\/pages\/37","targetHints":{"allow":["GET"]}}],"collection":[{"href":"https:\/\/home.pf.jcu.cz\/~csgg2026\/index.php\/wp-json\/wp\/v2\/pages"}],"about":[{"href":"https:\/\/home.pf.jcu.cz\/~csgg2026\/index.php\/wp-json\/wp\/v2\/types\/page"}],"author":[{"embeddable":true,"href":"https:\/\/home.pf.jcu.cz\/~csgg2026\/index.php\/wp-json\/wp\/v2\/users\/1"}],"replies":[{"embeddable":true,"href":"https:\/\/home.pf.jcu.cz\/~csgg2026\/index.php\/wp-json\/wp\/v2\/comments?post=37"}],"version-history":[{"count":21,"href":"https:\/\/home.pf.jcu.cz\/~csgg2026\/index.php\/wp-json\/wp\/v2\/pages\/37\/revisions"}],"predecessor-version":[{"id":473,"href":"https:\/\/home.pf.jcu.cz\/~csgg2026\/index.php\/wp-json\/wp\/v2\/pages\/37\/revisions\/473"}],"wp:attachment":[{"href":"https:\/\/home.pf.jcu.cz\/~csgg2026\/index.php\/wp-json\/wp\/v2\/media?parent=37"}],"curies":[{"name":"wp","href":"https:\/\/api.w.org\/{rel}","templated":true}]}}