{"id":375,"date":"2026-02-11T11:01:14","date_gmt":"2026-02-11T11:01:14","guid":{"rendered":"https:\/\/home.pf.jcu.cz\/~csgg2026\/index.php\/csgg-2026-cestina\/"},"modified":"2026-04-30T13:32:26","modified_gmt":"2026-04-30T13:32:26","slug":"csgg-2026-cestina","status":"publish","type":"page","link":"https:\/\/home.pf.jcu.cz\/~csgg2026\/index.php\/cs\/csgg-2026-cestina\/","title":{"rendered":"CSGG 2026"},"content":{"rendered":"\n<div class=\"wp-block-columns is-layout-flex wp-container-core-columns-is-layout-9c22b1e3 wp-block-columns-is-layout-flex\">\n<div class=\"wp-block-column is-layout-flow wp-container-core-column-is-layout-3c70bfa7 wp-block-column-is-layout-flow\" style=\"padding-right:var(--wp--preset--spacing--30);padding-left:0;flex-basis:66.66%\">\n<p class=\"has-large-font-size\">\u010cesk\u00e1 spole\u010dnost pro geometrii a grafiku a Slovensk\u00e1 spolo\u010dnos\u0165 pre geometriu a grafiku v\u00e1s ve dnech 14. a\u017e 17. z\u00e1\u0159\u00ed 2026 zvou na spole\u010dn\u00e9 odborn\u00e9 setk\u00e1n\u00ed<\/p>\n\n\n\n<p><strong>12. \u010cesko-slovensk\u00e1 konference o geometrii a grafice<\/strong>,<\/p>\n\n\n\n<p>spojen\u00ed n\u00e1rodn\u00edch konferenc\u00ed<\/p>\n\n\n\n<p><strong>46. \u200b\u200bkonference o geometrii a grafice<\/strong> (\u010cesk\u00e1 republika) a <br><strong>35. symp\u00f3zium o po\u010d\u00edta\u010dovej geometrii <\/strong>(Slovensk\u00e1 republika)<\/p>\n\n\n\n<p>st\u0159\u00eddav\u011b po\u0159\u00e1dan\u00e9 v \u010cesk\u00e9 republice a ve Slovensk\u00e9 republice.<\/p>\n\n\n\n<p><strong>Konference se kon\u00e1 pod z\u00e1\u0161titou Pedagogick\u00e9 fakulty Jiho\u010desk\u00e9 univerzity v&nbsp;\u010cesk\u00fdch Bud\u011bjovic\u00edch.<\/strong><\/p>\n\n\n\n<p><\/p>\n\n\n\n<p>Akci po\u0159\u00e1d\u00e1 a organizuje Katedra matematiky Pedagogick\u00e9 fakulty Jiho\u010desk\u00e9 univerzity v \u010cesk\u00fdch Bud\u011bjovic\u00edch ve spolupr\u00e1ci s Jednotou \u010desk\u00fdch matematik\u016f a fyzik\u016f (J\u010cMF).<\/p>\n\n\n\n<p>Konference v\u00edt\u00e1 p\u0159\u00edsp\u011bvky na t\u00e9mata v\u011bnovan\u00e1 geometrii a grafice, jak z hlediska jejich aplikac\u00ed, tak i z hlediska v\u00fduky na r\u016fzn\u00fdch stupn\u00edch vzd\u011bl\u00e1v\u00e1n\u00ed, p\u0159edev\u0161\u00edm na st\u0159edn\u00edch a vysok\u00fdch \u0161kol\u00e1ch, se zvl\u00e1\u0161tn\u00edm d\u016frazem na koncepci a praktickou v\u00fduku trojrozm\u011brn\u00e9 geometrie. P\u0159\u00edsp\u011bvky jsou p\u0159ij\u00edm\u00e1ny v \u010de\u0161tin\u011b, sloven\u0161tin\u011b nebo angli\u010dtin\u011b.<\/p>\n\n\n\n<h3 class=\"wp-block-heading\"><\/h3>\n\n\n\n<div class=\"wp-block-columns is-layout-flex wp-container-core-columns-is-layout-28f84493 wp-block-columns-is-layout-flex\">\n<div class=\"wp-block-column is-vertically-aligned-center is-layout-flow wp-block-column-is-layout-flow\" style=\"flex-basis:85%\">\n<p><strong>Akreditace Jednoty \u010desk\u00fdch matematik\u016f a fyzik\u016f<\/strong><\/p>\n<\/div>\n\n\n\n<div class=\"wp-block-column is-vertically-aligned-center is-layout-flow wp-block-column-is-layout-flow\" style=\"flex-basis:15%\">\n<figure class=\"wp-block-image aligncenter size-full is-resized\"><img loading=\"lazy\" decoding=\"async\" width=\"1024\" height=\"1024\" src=\"https:\/\/home.pf.jcu.cz\/~csgg2026\/wp-content\/uploads\/2026\/04\/logo.gif\" alt=\"\" class=\"wp-image-695\" style=\"width:60px\"\/><\/figure>\n<\/div>\n<\/div>\n\n\n\n<p>Konference jako celek je akreditov\u00e1na Jednotou \u010desk\u00fdch matematik\u016f a fyzik\u016f jako akce <strong>pr\u016fb\u011b\u017en\u00e9ho vzd\u011bl\u00e1v\u00e1n\u00ed pedagogick\u00fdch pracovn\u00edk\u016f v rozsahu 18 hodin pod \u010d. j.: JCMF 01 AKR 04002 2026.<\/strong> <\/p>\n\n\n\n<p>Samostatnou akreditaci nav\u00edc z\u00edskal <a href=\"https:\/\/home.pf.jcu.cz\/~csgg2026\/index.php\/en\/workshop-enhancing-spatial-thinking-through-playful-online-training-in-classrooms-from-elementary-school-through-university\/\" target=\"_blank\" rel=\"noreferrer noopener\"><strong>Workshop o rozvoji prostorov\u00e9ho my\u0161len\u00ed pro u\u010ditele a vzd\u011blavatele u\u010ditel\u016f<\/strong><\/a> veden\u00fd <a href=\"https:\/\/home.pf.jcu.cz\/~csgg2026\/index.php\/en\/gunter-j-maresch\/\" data-type=\"post\" data-id=\"99\" target=\"_blank\" rel=\"noreferrer noopener\">G\u00fcnterem J. Mareschem <\/a> z Univerzity Salzburg po\u0159\u00e1dan\u00fd ve \u010dtvrtek 17. 9. jako <strong>akce pr\u016fb\u011b\u017en\u00e9ho vzd\u011bl\u00e1v\u00e1n\u00ed pedagogick\u00fdch pracovn\u00edk\u016f v rozsahu 2 hodin pod \u010d. j.: JCMF 01 AKR 04001 2026.<\/strong> <\/p>\n\n\n\n<p>\u00da\u010dastn\u00edci obdr\u017e\u00ed osv\u011bd\u010den\u00ed o absolvov\u00e1n\u00ed cel\u00e9 konference nebo workshopu.<\/p>\n\n\n\n<p><strong>D\u016fle\u017eit\u00e9 term\u00edny<\/strong><\/p>\n\n\n\n<blockquote class=\"wp-block-quote barevne is-layout-flow wp-block-quote-is-layout-flow\">\n<p>Za\u010d\u00e1tek registrace: 15. b\u0159ezna 2026<\/p>\n\n\n\n<p>Deadline pro odevzd\u00e1n\u00ed abstrakt\u016f: 1. \u010dervence 2026<\/p>\n\n\n\n<p>Deadline pro registraci: 1. srpna 2026<\/p>\n<\/blockquote>\n\n\n\n<p><strong>V\u00fdbory<\/strong><\/p>\n\n\n\n<div class=\"wp-block-columns is-layout-flex wp-container-core-columns-is-layout-28f84493 wp-block-columns-is-layout-flex\">\n<div class=\"wp-block-column is-layout-flow wp-block-column-is-layout-flow\">\n<p>V\u011bdeck\u00fd v\u00fdbor:<\/p>\n\n\n\n<ul class=\"wp-block-list\">\n<li>Michal Bizzarri<\/li>\n\n\n\n<li>Roman Ha\u0161ek<\/li>\n\n\n\n<li>Pavel Chalmoviansk\u00fd<\/li>\n\n\n\n<li>Marie Chodorov\u00e1<\/li>\n\n\n\n<li>M\u00e1ria Kme\u0165ov\u00e1<\/li>\n\n\n\n<li>Miroslav L\u00e1vi\u010dka<\/li>\n\n\n\n<li>Pavel Pech<\/li>\n\n\n\n<li>Hellmuth Stachel<\/li>\n\n\n\n<li>Zbyn\u011bk \u0160\u00edr<\/li>\n\n\n\n<li>Daniela Velichov\u00e1<\/li>\n\n\n\n<li>Gunter Weiss<\/li>\n<\/ul>\n<\/div>\n\n\n\n<div class=\"wp-block-column is-layout-flow wp-block-column-is-layout-flow\">\n<p>Organiza\u010dn\u00ed v\u00fdbor:<\/p>\n\n\n\n<ul class=\"wp-block-list\">\n<li>Roman Ha\u0161ek<\/li>\n\n\n\n<li>Marika Hrube\u0161ov\u00e1<\/li>\n\n\n\n<li>Ji\u0159\u00ed Kopeck\u00fd<\/li>\n\n\n\n<li>Vladim\u00edra Petr\u00e1\u0161kov\u00e1<\/li>\n\n\n\n<li>P\u0159emysl Rosa<\/li>\n\n\n\n<li>Tom\u00e1\u0161 Roskovec<\/li>\n<\/ul>\n<\/div>\n<\/div>\n<\/div>\n\n\n\n<div class=\"wp-block-column has-medium-font-size is-layout-flow wp-block-column-is-layout-flow\" style=\"border-left-style:none;border-left-width:0px;padding-right:0;padding-left:var(--wp--preset--spacing--30);flex-basis:29%\">\n<blockquote class=\"wp-block-quote barevne has-background is-layout-flow wp-block-quote-is-layout-flow\" style=\"background-color:#e9e9e9\">\n<p class=\"has-text-align-center barevne has-medium-font-size\"><strong><a href=\"https:\/\/home.pf.jcu.cz\/~csgg2026\/index.php\/cs\/workshop-zlepsovani-prostoroveho-mysleni-prostrednictvim-reseni-interaktivnich-online-uloh-ve-tridach-od-zakladni-skoly-az-po-univerzitu\/\" target=\"_blank\" rel=\"noreferrer noopener\">Workshop o rozvoji prostorov\u00e9ho my\u0161len\u00ed pro u\u010ditele a jejich vzd\u011blavatele<\/a><\/strong><a href=\"https:\/\/home.pf.jcu.cz\/~csgg2026\/index.php\/en\/workshop-enhancing-spatial-thinking-through-playful-online-training-in-classrooms-from-elementary-school-through-university\/\" target=\"_blank\" rel=\"noreferrer noopener\"> <\/a><\/p>\n\n\n\n<p class=\"has-medium-font-size\">Lektor: <a href=\"https:\/\/home.pf.jcu.cz\/~csgg2026\/index.php\/en\/gunter-j-maresch\/\" data-type=\"post\" data-id=\"99\" target=\"_blank\" rel=\"noreferrer noopener\">G\u00fcnter J. Maresch<\/a><br>Vyu\u017eit\u00ed platformy <a href=\"https:\/\/rif4you.eu\/index.php?spr=en\" target=\"_blank\" rel=\"noreferrer noopener\">RIF 3.0<\/a>&nbsp;<\/p>\n\n\n\n<p class=\"has-medium-font-size\"><strong>\u010dtvrtek, 17. z\u00e1\u0159\u00ed,<\/strong> <strong>akreditace J\u010cMF<\/strong><\/p>\n<\/blockquote>\n\n\n\n<blockquote class=\"wp-block-quote barevne has-background is-layout-flow wp-block-quote-is-layout-flow\" style=\"background-color:#f6f6f6\">\n<p class=\"has-text-align-center barevne has-medium-font-size\" style=\"padding-top:0;padding-bottom:0\"><strong>Zvan\u00ed p\u0159edn\u00e1\u0161ej\u00edc\u00ed<\/strong><\/p>\n\n\n\n<p class=\"has-medium-font-size\" style=\"padding-top:0;padding-bottom:0\"><a href=\"https:\/\/home.pf.jcu.cz\/~csgg2026\/index.php\/en\/vanda-benesova\/\" data-type=\"post\" data-id=\"88\" target=\"_blank\" rel=\"noreferrer noopener\">prof. Ing. Vanda Bene\u0161ov\u00e1, CSc.<\/a>&nbsp;<\/p>\n\n\n\n<p class=\"has-medium-font-size\" style=\"padding-top:0;padding-bottom:0\"><a href=\"https:\/\/home.pf.jcu.cz\/~csgg2026\/index.php\/en\/gunter-j-maresch\/\" data-type=\"post\" data-id=\"99\" target=\"_blank\" rel=\"noreferrer noopener\">Prof. Dr.&nbsp;Mag. G\u00fcnter J. Maresch<\/a><\/p>\n\n\n\n<p class=\"has-medium-font-size\" style=\"padding-top:0;padding-bottom:0\"><a href=\"https:\/\/home.pf.jcu.cz\/~csgg2026\/index.php\/en\/pavel-pech\/\" data-type=\"post\" data-id=\"145\" target=\"_blank\" rel=\"noreferrer noopener\">prof. RNDr. Pavel Pech, CSc.<\/a><\/p>\n<\/blockquote>\n\n\n\n<blockquote class=\"wp-block-quote barevne has-background is-layout-flow wp-block-quote-is-layout-flow\" style=\"background-color:#e9e9e9;font-size:clamp(0.875rem, 0.875rem + ((1vw - 0.2rem) * 0.393), 1.15rem);\">\n<p class=\"has-text-align-center\"><strong>D\u016fle\u017eit\u00e9 term\u00edny<\/strong><\/p>\n\n\n\n<p>Za\u010d\u00e1tek registrace: <br><strong>15. b\u0159ezna 2026<\/strong><\/p>\n\n\n\n<p>Deadline pro odevzd\u00e1n\u00ed abstraktu: <br><strong>1. \u010dervence 2026<\/strong><\/p>\n\n\n\n<p>Deadline pro registraci: <br><strong>1. srpna 2026<\/strong><\/p>\n<\/blockquote>\n\n\n\n<blockquote class=\"wp-block-quote barevne has-background is-layout-flow wp-block-quote-is-layout-flow\" style=\"background-color:#f6f6f6;font-size:clamp(0.875rem, 0.875rem + ((1vw - 0.2rem) * 0.393), 1.15rem);\">\n<p class=\"has-text-align-center\"><strong>Partne\u0159i<\/strong><\/p>\n\n\n\n<p><a href=\"https:\/\/www.pf.jcu.cz\/cz\/\" target=\"_blank\" rel=\"noreferrer noopener\">Pedagogick\u00e1 fakulta Jiho\u010desk\u00e9 univerzity v \u010cesk\u00fdch Bud\u011bjovic\u00edch<\/a><\/p>\n\n\n\n<p><a href=\"https:\/\/csgg.eu\/\" target=\"_blank\" rel=\"noreferrer noopener\">\u010cesk\u00e1 spole\u010dnost pro geometrii a grafiku<\/a><\/p>\n\n\n\n<p><a href=\"https:\/\/www.ssgg.sk\/indexs.html\" target=\"_blank\" rel=\"noreferrer noopener\">Slovensk\u00e1 spolo\u010dnos\u0165 pre Geometriu a Grafiku<\/a><\/p>\n<\/blockquote>\n\n\n\n<blockquote class=\"wp-block-quote barevne has-background is-layout-flow wp-block-quote-is-layout-flow\" style=\"background-color:#e9e9e9;font-size:clamp(0.875rem, 0.875rem + ((1vw - 0.2rem) * 0.393), 1.15rem);\">\n<p class=\"has-text-align-center\"><strong>Minul\u00e9 konference<\/strong><\/p>\n\n\n\n<p><a href=\"https:\/\/csgg2022.upol.cz\/\" target=\"_blank\" rel=\"noreferrer noopener\">8. Olomouc, CZ, 2022<\/a><\/p>\n\n\n\n<p><a href=\"https:\/\/www.ssgg.sk\/scg\/archiv\/Abstracts2023.htm\" target=\"_blank\" rel=\"noreferrer noopener\">9. Kremnica, SK, 2023<\/a><\/p>\n\n\n\n<p><a href=\"https:\/\/csgg2024.zcu.cz\/\" target=\"_blank\" rel=\"noreferrer noopener\">10. Plze\u0148, CZ, 2024<\/a><\/p>\n\n\n\n<p><a href=\"https:\/\/www.ssgg.sk\/scg\/indexa.htm\" target=\"_blank\" rel=\"noreferrer noopener\">11. Bratislava, SK, 2025<\/a><\/p>\n<\/blockquote>\n<\/div>\n<\/div>\n","protected":false},"excerpt":{"rendered":"<p>\u010cesk\u00e1 spole\u010dnost pro geometrii a grafiku a Slovensk\u00e1 spolo\u010dnos\u0165 pre geometriu a grafiku v\u00e1s ve dnech 14. a\u017e 17. z\u00e1\u0159\u00ed 2026 zvou na spole\u010dn\u00e9 odborn\u00e9 setk\u00e1n\u00ed 12. \u010cesko-slovensk\u00e1 konference o geometrii a grafice, spojen\u00ed n\u00e1rodn\u00edch konferenc\u00ed 46. \u200b\u200bkonference o geometrii a grafice (\u010cesk\u00e1 republika) a 35. symp\u00f3zium o po\u010d\u00edta\u010dovej geometrii (Slovensk\u00e1 republika) st\u0159\u00eddav\u011b po\u0159\u00e1dan\u00e9 v [&hellip;]<\/p>\n","protected":false},"author":3,"featured_media":0,"parent":0,"menu_order":0,"comment_status":"closed","ping_status":"closed","template":"front-page-new","meta":{"footnotes":""},"class_list":["post-375","page","type-page","status-publish","hentry"],"_links":{"self":[{"href":"https:\/\/home.pf.jcu.cz\/~csgg2026\/index.php\/wp-json\/wp\/v2\/pages\/375","targetHints":{"allow":["GET"]}}],"collection":[{"href":"https:\/\/home.pf.jcu.cz\/~csgg2026\/index.php\/wp-json\/wp\/v2\/pages"}],"about":[{"href":"https:\/\/home.pf.jcu.cz\/~csgg2026\/index.php\/wp-json\/wp\/v2\/types\/page"}],"author":[{"embeddable":true,"href":"https:\/\/home.pf.jcu.cz\/~csgg2026\/index.php\/wp-json\/wp\/v2\/users\/3"}],"replies":[{"embeddable":true,"href":"https:\/\/home.pf.jcu.cz\/~csgg2026\/index.php\/wp-json\/wp\/v2\/comments?post=375"}],"version-history":[{"count":39,"href":"https:\/\/home.pf.jcu.cz\/~csgg2026\/index.php\/wp-json\/wp\/v2\/pages\/375\/revisions"}],"predecessor-version":[{"id":744,"href":"https:\/\/home.pf.jcu.cz\/~csgg2026\/index.php\/wp-json\/wp\/v2\/pages\/375\/revisions\/744"}],"wp:attachment":[{"href":"https:\/\/home.pf.jcu.cz\/~csgg2026\/index.php\/wp-json\/wp\/v2\/media?parent=375"}],"curies":[{"name":"wp","href":"https:\/\/api.w.org\/{rel}","templated":true}]}}