{"id":406,"date":"2026-03-11T15:03:23","date_gmt":"2026-03-11T15:03:23","guid":{"rendered":"https:\/\/home.pf.jcu.cz\/~csgg2026\/?page_id=406"},"modified":"2026-03-11T15:03:23","modified_gmt":"2026-03-11T15:03:23","slug":"seznam-ucastniku","status":"publish","type":"page","link":"https:\/\/home.pf.jcu.cz\/~csgg2026\/index.php\/cs\/seznam-ucastniku\/","title":{"rendered":"Seznam \u00fa\u010dastn\u00edk\u016f"},"content":{"rendered":"\t<table class=\"seznam_ucastniku\">\n\t  <tr>\n\t    <th class=\"jmeno_prijmeni\" style=\"width: 30%;\">Name and surname<\/th>\n\t    <th class=\"prispevek\" style=\"width: 35%;\">Contribution<\/th>\n\t  <\/tr>\n\t\t\t  <tr class=\"lichy\">\n\t\t    <td>\n\t\t      Vanda Benesova Prof.\t\t    <\/td>\n\n\t\t\t<td><a href=\"https:\/\/home.pf.jcu.cz\/~csgg2026\/?p=617\" title=\"Anotace p\u0159\u00edsp\u011bvku Spracovanie medic\u00ednskych obrazov\u00fdch d\u00e1t met\u00f3dami umelej inteligencie - Medical Image Processing Using AI (plenary lecture).\">Spracovanie medic\u00ednskych obrazov\u00fdch d\u00e1t met\u00f3dami umelej inteligencie - Medical Image Processing Using AI (plenary lecture)<\/a><\/td>   \n\t\t\t    \n\t\t\t  <\/tr>\n\t\t\t\t\t  <tr class=\"sudy\">\n\t\t    <td>\n\t\t      Michal Bizzarri \t\t    <\/td>\n\n\t\t\t<td><a href=\"https:\/\/home.pf.jcu.cz\/~csgg2026\/?p=660\" title=\"Anotace p\u0159\u00edsp\u011bvku To be announced.\">To be announced<\/a><\/td>   \n\t\t\t    \n\t\t\t  <\/tr>\n\t\t\t\t\t  <tr class=\"lichy\">\n\t\t    <td>\n\t\t      Pavel Chalmoviansk\u00fd \t\t    <\/td>\n\n\t\t\t<td>TBA<\/td>   \n\t\t\t    \n\t\t\t  <\/tr>\n\t\t\t\t\t  <tr class=\"sudy\">\n\t\t    <td>\n\t\t      Marie Chodorov\u00e1 RNDr., Ph.D.\t\t    <\/td>\n\n\t\t\t<td><a href=\"https:\/\/home.pf.jcu.cz\/~csgg2026\/?p=719\" title=\"Anotace p\u0159\u00edsp\u011bvku Petr\u016fv z\u00e1zrak a neb o jedn\u00e9 v\u011bt\u011b pro rovinn\u00e9 mnoho\u00faheln\u00edky.\">Petr\u016fv z\u00e1zrak a neb o jedn\u00e9 v\u011bt\u011b pro rovinn\u00e9 mnoho\u00faheln\u00edky<\/a><\/td>   \n\t\t\t    \n\t\t\t  <\/tr>\n\t\t\t\t\t  <tr class=\"lichy\">\n\t\t    <td>\n\t\t      \u0160\u00e1rka Gergelitsov\u00e1 \t\t    <\/td>\n\n\t\t\t<td>tba<\/td>   \n\t\t\t    \n\t\t\t  <\/tr>\n\t\t\t\t\t  <tr class=\"sudy\">\n\t\t    <td>\n\t\t      Roman Ha\u0161ek \t\t    <\/td>\n\n\t\t\t<td>To be announced<\/td>   \n\t\t\t    \n\t\t\t  <\/tr>\n\t\t\t\t\t  <tr class=\"lichy\">\n\t\t    <td>\n\t\t      Guenter Maresch Univ.Prof. Priv-Doz. Mag. Dr.\t\t    <\/td>\n\n\t\t\t<td><a href=\"https:\/\/home.pf.jcu.cz\/~csgg2026\/?p=618\" title=\"Anotace p\u0159\u00edsp\u011bvku Shaping Geometry in Teacher Education: Approaches from Salzburg and Upper Austria (plenary lecture).\">Shaping Geometry in Teacher Education: Approaches from Salzburg and Upper Austria (plenary lecture)<\/a><\/td>   \n\t\t\t    \n\t\t\t  <\/tr>\n\t\t\t\t\t  <tr class=\"sudy\">\n\t\t    <td>\n\t\t      Michal Marvan \t\t    <\/td>\n\n\t\t\t<td><a href=\"https:\/\/home.pf.jcu.cz\/~csgg2026\/?p=623\" title=\"Anotace p\u0159\u00edsp\u011bvku Integrable nets and surfaces with applications.\">Integrable nets and surfaces with applications<\/a><\/td>   \n\t\t\t    \n\t\t\t  <\/tr>\n\t\t\t\t\t  <tr class=\"lichy\">\n\t\t    <td>\n\t\t      Michal Moln\u00e1r Mgr.\t\t    <\/td>\n\n\t\t\t<td>tba<\/td>   \n\t\t\t    \n\t\t\t  <\/tr>\n\t\t\t\t\t  <tr class=\"sudy\">\n\t\t    <td>\n\t\t      Pavel Pech \t\t    <\/td>\n\n\t\t\t<td><a href=\"https:\/\/home.pf.jcu.cz\/~csgg2026\/?p=753\" title=\"Anotace p\u0159\u00edsp\u011bvku Petr&#039;s theorem and harmonic analysis of polygons (plenary lecture).\">Petr&#039;s theorem and harmonic analysis of polygons (plenary lecture)<\/a><\/td>   \n\t\t\t    \n\t\t\t  <\/tr>\n\t\t\t\t\t  <tr class=\"lichy\">\n\t\t    <td>\n\t\t      Vladimira Petr\u00e1\u0161kov\u00e1 \t\t    <\/td>\n\n\t\t\t<td><span class=\"bezprispevku\">no contribution<\/span><\/td>   \n\t\t\t    \n\t\t\t  <\/tr>\n\t\t\t\t\t  <tr class=\"sudy\">\n\t\t    <td>\n\t\t      Zbyn\u011bk \u0160\u00edr \t\t    <\/td>\n\n\t\t\t<td><a href=\"https:\/\/home.pf.jcu.cz\/~csgg2026\/?p=512\" title=\"Anotace p\u0159\u00edsp\u011bvku Teaching and Applying M\u00f6bius Geometry.\">Teaching and Applying M\u00f6bius Geometry<\/a><\/td>   \n\t\t\t    \n\t\t\t  <\/tr>\n\t\t\t\t\t  <tr class=\"lichy\">\n\t\t    <td>\n\t\t      Petra Surynkov\u00e1 RNDr., Ph.D.\t\t    <\/td>\n\n\t\t\t<td><a href=\"https:\/\/home.pf.jcu.cz\/~csgg2026\/?p=562\" title=\"Anotace p\u0159\u00edsp\u011bvku Vyu\u017eit\u00ed 3D ti\u0161t\u011bn\u00fdch manipulativ\u016f ve v\u00fduce matematiky na S\u0160.\">Vyu\u017eit\u00ed 3D ti\u0161t\u011bn\u00fdch manipulativ\u016f ve v\u00fduce matematiky na S\u0160<\/a><\/td>   \n\t\t\t    \n\t\t\t  <\/tr>\n\t\t\t\t\t  <tr class=\"sudy\">\n\t\t    <td>\n\t\t      Daniela Velichov\u00e1 doc. RNDr. CSc.\t\t    <\/td>\n\n\t\t\t<td><a href=\"https:\/\/home.pf.jcu.cz\/~csgg2026\/?p=658\" title=\"Anotace p\u0159\u00edsp\u011bvku Conoids in 4D.\">Conoids in 4D<\/a><\/td>   \n\t\t\t    \n\t\t\t  <\/tr>\n\t\t\t\t\t  <tr class=\"lichy\">\n\t\t    <td>\n\t\t      Gunter Weiss \t\t    <\/td>\n\n\t\t\t<td><a href=\"https:\/\/home.pf.jcu.cz\/~csgg2026\/?p=614\" title=\"Anotace p\u0159\u00edsp\u011bvku Remarks to a pedal point problem of P. Pech.\">Remarks to a pedal point problem of P. Pech<\/a><\/td>   \n\t\t\t    \n\t\t\t  <\/tr>\n\t\t\t\t<\/table>\n\n\t<p class=\"center\">Total 15 participants.<\/p>\n\n\t\n","protected":false},"excerpt":{"rendered":"","protected":false},"author":3,"featured_media":0,"parent":0,"menu_order":0,"comment_status":"closed","ping_status":"closed","template":"","meta":{"footnotes":""},"class_list":["post-406","page","type-page","status-publish","hentry"],"_links":{"self":[{"href":"https:\/\/home.pf.jcu.cz\/~csgg2026\/index.php\/wp-json\/wp\/v2\/pages\/406","targetHints":{"allow":["GET"]}}],"collection":[{"href":"https:\/\/home.pf.jcu.cz\/~csgg2026\/index.php\/wp-json\/wp\/v2\/pages"}],"about":[{"href":"https:\/\/home.pf.jcu.cz\/~csgg2026\/index.php\/wp-json\/wp\/v2\/types\/page"}],"author":[{"embeddable":true,"href":"https:\/\/home.pf.jcu.cz\/~csgg2026\/index.php\/wp-json\/wp\/v2\/users\/3"}],"replies":[{"embeddable":true,"href":"https:\/\/home.pf.jcu.cz\/~csgg2026\/index.php\/wp-json\/wp\/v2\/comments?post=406"}],"version-history":[{"count":1,"href":"https:\/\/home.pf.jcu.cz\/~csgg2026\/index.php\/wp-json\/wp\/v2\/pages\/406\/revisions"}],"predecessor-version":[{"id":407,"href":"https:\/\/home.pf.jcu.cz\/~csgg2026\/index.php\/wp-json\/wp\/v2\/pages\/406\/revisions\/407"}],"wp:attachment":[{"href":"https:\/\/home.pf.jcu.cz\/~csgg2026\/index.php\/wp-json\/wp\/v2\/media?parent=406"}],"curies":[{"name":"wp","href":"https:\/\/api.w.org\/{rel}","templated":true}]}}