{"id":424,"date":"2026-03-11T22:50:39","date_gmt":"2026-03-11T22:50:39","guid":{"rendered":"https:\/\/home.pf.jcu.cz\/~csgg2026\/?page_id=424"},"modified":"2026-03-13T14:24:01","modified_gmt":"2026-03-13T14:24:01","slug":"misto-konani","status":"publish","type":"page","link":"https:\/\/home.pf.jcu.cz\/~csgg2026\/index.php\/cs\/misto-konani\/","title":{"rendered":"M\u00edsto kon\u00e1n\u00ed"},"content":{"rendered":"\n<p>Konference se bude konat na Pedagogick\u00e9 fakult\u011b Jiho\u010desk\u00e9 univerzity v \u010cesk\u00fdch Bud\u011bjovic\u00edch, Dukelsk\u00e1 9, 370 01 \u010cesk\u00e9 Bud\u011bjovice<\/p>\n\n\n\n<div class=\"wp-block-group has-global-padding is-layout-constrained wp-block-group-is-layout-constrained\">\n<iframe src=\"https:\/\/www.google.com\/maps\/embed?pb=!1m18!1m12!1m3!1d2619.051534593095!2d14.476121090569771!3d48.9715433905925!2m3!1f0!2f0!3f0!3m2!1i1024!2i768!4f13.1!3m3!1m2!1s0x47734f621d8323a3%3A0x460e18d876923203!2sPedagogick%C3%A1%20fakulta%20Jiho%C4%8Desk%C3%A9%20Univerzity%20Dukelsk%C3%A1%209!5e0!3m2!1sen!2scz!4v1768322304943!5m2!1sen!2scz\" width=\"600\" height=\"450\" style=\"border:0;\" allowfullscreen=\"\" loading=\"lazy\" referrerpolicy=\"no-referrer-when-downgrade\"><\/iframe>\n<\/div>\n\n\n\n<p>M\u00edstem kon\u00e1n\u00ed je pr\u016fchoz\u00ed spojen\u00ed budov na adres\u00e1ch <strong>Dukelsk\u00e1 9<\/strong> a <strong>U T\u0159\u00ed lv\u016f 1<\/strong>.<\/p>\n\n\n\n<figure class=\"wp-block-image size-full\"><img loading=\"lazy\" decoding=\"async\" width=\"667\" height=\"500\" src=\"https:\/\/home.pf.jcu.cz\/~csgg2026\/wp-content\/uploads\/2026\/01\/bdukelska9-500.jpg\" alt=\"\" class=\"wp-image-131\" srcset=\"https:\/\/home.pf.jcu.cz\/~csgg2026\/wp-content\/uploads\/2026\/01\/bdukelska9-500.jpg 667w, https:\/\/home.pf.jcu.cz\/~csgg2026\/wp-content\/uploads\/2026\/01\/bdukelska9-500-300x225.jpg 300w\" sizes=\"auto, (max-width: 667px) 100vw, 667px\" \/><figcaption class=\"wp-element-caption\">Dukelsk\u00e1 9<\/figcaption><\/figure>\n\n\n\n<figure class=\"wp-block-image size-full\"><img loading=\"lazy\" decoding=\"async\" width=\"667\" height=\"500\" src=\"https:\/\/home.pf.jcu.cz\/~csgg2026\/wp-content\/uploads\/2026\/01\/bTriLvi1-500.jpg\" alt=\"\" class=\"wp-image-133\" srcset=\"https:\/\/home.pf.jcu.cz\/~csgg2026\/wp-content\/uploads\/2026\/01\/bTriLvi1-500.jpg 667w, https:\/\/home.pf.jcu.cz\/~csgg2026\/wp-content\/uploads\/2026\/01\/bTriLvi1-500-300x225.jpg 300w\" sizes=\"auto, (max-width: 667px) 100vw, 667px\" \/><figcaption class=\"wp-element-caption\">U T\u0159\u00ed lv\u016f 1<\/figcaption><\/figure>\n\n\n\n<p>Hlavn\u00ed program konference se bude odehr\u00e1vat v <strong>Aule Miroslava Pap\u00e1\u010dka<\/strong><\/p>\n\n\n\n<figure class=\"wp-block-image size-full\"><img loading=\"lazy\" decoding=\"async\" width=\"450\" height=\"338\" src=\"https:\/\/home.pf.jcu.cz\/~csgg2026\/wp-content\/uploads\/2026\/02\/AuditoriumMP_1b.png\" alt=\"\" class=\"wp-image-284\" srcset=\"https:\/\/home.pf.jcu.cz\/~csgg2026\/wp-content\/uploads\/2026\/02\/AuditoriumMP_1b.png 450w, https:\/\/home.pf.jcu.cz\/~csgg2026\/wp-content\/uploads\/2026\/02\/AuditoriumMP_1b-300x225.png 300w\" sizes=\"auto, (max-width: 450px) 100vw, 450px\" \/><\/figure>\n\n\n\n<figure class=\"wp-block-image size-full\"><img loading=\"lazy\" decoding=\"async\" width=\"450\" height=\"338\" src=\"https:\/\/home.pf.jcu.cz\/~csgg2026\/wp-content\/uploads\/2026\/02\/AuditoriumMP_2b.png\" alt=\"\" class=\"wp-image-285\" srcset=\"https:\/\/home.pf.jcu.cz\/~csgg2026\/wp-content\/uploads\/2026\/02\/AuditoriumMP_2b.png 450w, https:\/\/home.pf.jcu.cz\/~csgg2026\/wp-content\/uploads\/2026\/02\/AuditoriumMP_2b-300x225.png 300w\" sizes=\"auto, (max-width: 450px) 100vw, 450px\" \/><\/figure>\n\n\n\n<figure class=\"wp-block-image size-full\"><img loading=\"lazy\" decoding=\"async\" width=\"450\" height=\"338\" src=\"https:\/\/home.pf.jcu.cz\/~csgg2026\/wp-content\/uploads\/2026\/02\/AuditoriumMP_3b.png\" alt=\"\" class=\"wp-image-286\" srcset=\"https:\/\/home.pf.jcu.cz\/~csgg2026\/wp-content\/uploads\/2026\/02\/AuditoriumMP_3b.png 450w, https:\/\/home.pf.jcu.cz\/~csgg2026\/wp-content\/uploads\/2026\/02\/AuditoriumMP_3b-300x225.png 300w\" sizes=\"auto, (max-width: 450px) 100vw, 450px\" \/><\/figure>\n","protected":false},"excerpt":{"rendered":"<p>Konference se bude konat na Pedagogick\u00e9 fakult\u011b Jiho\u010desk\u00e9 univerzity v \u010cesk\u00fdch Bud\u011bjovic\u00edch, Dukelsk\u00e1 9, 370 01 \u010cesk\u00e9 Bud\u011bjovice M\u00edstem kon\u00e1n\u00ed je pr\u016fchoz\u00ed spojen\u00ed budov na adres\u00e1ch Dukelsk\u00e1 9 a U T\u0159\u00ed lv\u016f 1. Hlavn\u00ed program konference se bude odehr\u00e1vat v Aule Miroslava Pap\u00e1\u010dka<\/p>\n","protected":false},"author":1,"featured_media":0,"parent":0,"menu_order":0,"comment_status":"closed","ping_status":"open","template":"","meta":{"footnotes":""},"class_list":["post-424","page","type-page","status-publish","hentry"],"_links":{"self":[{"href":"https:\/\/home.pf.jcu.cz\/~csgg2026\/index.php\/wp-json\/wp\/v2\/pages\/424","targetHints":{"allow":["GET"]}}],"collection":[{"href":"https:\/\/home.pf.jcu.cz\/~csgg2026\/index.php\/wp-json\/wp\/v2\/pages"}],"about":[{"href":"https:\/\/home.pf.jcu.cz\/~csgg2026\/index.php\/wp-json\/wp\/v2\/types\/page"}],"author":[{"embeddable":true,"href":"https:\/\/home.pf.jcu.cz\/~csgg2026\/index.php\/wp-json\/wp\/v2\/users\/1"}],"replies":[{"embeddable":true,"href":"https:\/\/home.pf.jcu.cz\/~csgg2026\/index.php\/wp-json\/wp\/v2\/comments?post=424"}],"version-history":[{"count":2,"href":"https:\/\/home.pf.jcu.cz\/~csgg2026\/index.php\/wp-json\/wp\/v2\/pages\/424\/revisions"}],"predecessor-version":[{"id":533,"href":"https:\/\/home.pf.jcu.cz\/~csgg2026\/index.php\/wp-json\/wp\/v2\/pages\/424\/revisions\/533"}],"wp:attachment":[{"href":"https:\/\/home.pf.jcu.cz\/~csgg2026\/index.php\/wp-json\/wp\/v2\/media?parent=424"}],"curies":[{"name":"wp","href":"https:\/\/api.w.org\/{rel}","templated":true}]}}