{"id":443,"date":"2026-03-12T11:26:43","date_gmt":"2026-03-12T11:26:43","guid":{"rendered":"https:\/\/home.pf.jcu.cz\/~csgg2026\/?page_id=443"},"modified":"2026-04-30T16:56:54","modified_gmt":"2026-04-30T16:56:54","slug":"program","status":"publish","type":"page","link":"https:\/\/home.pf.jcu.cz\/~csgg2026\/index.php\/cs\/program\/","title":{"rendered":"Program"},"content":{"rendered":"\n<p><em>P\u0159edb\u011b\u017en\u00fd program \u2013 bude d\u00e1le up\u0159es\u0148ov\u00e1n<\/em><\/p>\n\n\n\n<p><strong>Pond\u011bl\u00ed 14. z\u00e1\u0159\u00ed<\/strong><\/p>\n\n\n\n<ul class=\"wp-block-list\">\n<li>Od 15:00 \u2013 registrace<\/li>\n\n\n\n<li>Kolem 16:00 \u2013 zah\u00e1jen\u00ed konference<\/li>\n\n\n\n<li>Pozdn\u00ed odpoledne \u2013 jedn\u00e1n\u00ed konference<\/li>\n\n\n\n<li>Ve\u010der \u2013 spole\u010densk\u00e9 setk\u00e1n\u00ed<\/li>\n<\/ul>\n\n\n\n<p><strong>\u00dater\u00fd 15. z\u00e1\u0159\u00ed<\/strong><\/p>\n\n\n\n<ul class=\"wp-block-list\">\n<li>Cel\u00fd den \u2013 jedn\u00e1n\u00ed konference<\/li>\n<\/ul>\n\n\n\n<p><strong>St\u0159eda 16. z\u00e1\u0159\u00ed<\/strong><\/p>\n\n\n\n<ul class=\"wp-block-list\">\n<li>Dopoledne \u2013 jedn\u00e1n\u00ed konference<\/li>\n\n\n\n<li>Odpoledne \u2013 exkurze do \u010cesk\u00e9ho Krumlova (detailn\u00ed informace jsou uvedeny zde: <a href=\"https:\/\/home.pf.jcu.cz\/~csgg2026\/index.php\/cs\/konferencni-exkurze\/\" target=\"_blank\" rel=\"noreferrer noopener\">Konferen\u010dn\u00ed exkurze<\/a>)<\/li>\n\n\n\n<li>Ve\u010der \u2013 konferen\u010dn\u00ed ve\u010de\u0159e<\/li>\n<\/ul>\n\n\n\n<p><strong>\u010ctvrtek 17. z\u00e1\u0159\u00ed<\/strong><\/p>\n\n\n\n<ul class=\"wp-block-list\">\n<li>Dopoledne \u2013 jedn\u00e1n\u00ed konference<\/li>\n\n\n\n<li>11:00\u201313:00 \u2013 workshop: <a href=\"https:\/\/home.pf.jcu.cz\/~csgg2026\/index.php\/en\/workshop-enhancing-spatial-thinking-through-playful-online-training-in-classrooms-from-elementary-school-through-university\/\" target=\"_blank\" rel=\"noreferrer noopener\"><em>Zlep\u0161ov\u00e1n\u00ed prostorov\u00e9ho my\u0161len\u00ed prost\u0159ednictv\u00edm \u0159e\u0161en\u00ed interaktivn\u00edch online \u00faloh ve t\u0159\u00edd\u00e1ch od z\u00e1kladn\u00ed \u0161koly a\u017e po univerzitu<\/em><\/a> veden\u00fd zvan\u00fdm p\u0159edn\u00e1\u0161ej\u00edc\u00edm konference profesorem <a href=\"https:\/\/home.pf.jcu.cz\/~csgg2026\/index.php\/en\/gunter-j-maresch\/\" target=\"_blank\" rel=\"noreferrer noopener\"><em>G\u00fcnterem J. Mareschem<\/em><\/a> z Univerzity Salzburg. <br>Workshop je ur\u010den pro u\u010ditele z\u00e1kladn\u00edch a st\u0159edn\u00edch \u0161kol a pro vzd\u011blavatele u\u010ditel\u016f. Bude zam\u011b\u0159en na rozvoj prostorov\u00e9ho my\u0161len\u00ed prost\u0159ednictv\u00edm online platformy <a href=\"https:\/\/rif4you.eu\/index.php?spr=en\" target=\"_blank\" rel=\"noreferrer noopener\">RIF 3.0 <\/a>. Workshop bude veden v angli\u010dtin\u011b. Jazykov\u00e1 podpora bude zaji\u0161t\u011bna.<\/li>\n\n\n\n<li>Brzk\u00e9 odpoledne \u2013 ukon\u010den\u00ed konference<\/li>\n<\/ul>\n\n\n\n<p><\/p>\n\n\n\n<p><em>Tento p\u0159edb\u011b\u017en\u00fd program bude pr\u016fb\u011b\u017en\u011b aktualizov\u00e1n tak, aby zde byl s&nbsp;dostate\u010dn\u00fdm p\u0159edstihem dostupn\u00fd detailn\u00ed program cel\u00e9 konference.<\/em><\/p>\n","protected":false},"excerpt":{"rendered":"<p>P\u0159edb\u011b\u017en\u00fd program \u2013 bude d\u00e1le up\u0159es\u0148ov\u00e1n Pond\u011bl\u00ed 14. z\u00e1\u0159\u00ed \u00dater\u00fd 15. z\u00e1\u0159\u00ed St\u0159eda 16. z\u00e1\u0159\u00ed \u010ctvrtek 17. z\u00e1\u0159\u00ed Tento p\u0159edb\u011b\u017en\u00fd program bude pr\u016fb\u011b\u017en\u011b aktualizov\u00e1n tak, aby zde byl s&nbsp;dostate\u010dn\u00fdm p\u0159edstihem dostupn\u00fd detailn\u00ed program cel\u00e9 konference.<\/p>\n","protected":false},"author":1,"featured_media":0,"parent":0,"menu_order":0,"comment_status":"closed","ping_status":"closed","template":"","meta":{"footnotes":""},"class_list":["post-443","page","type-page","status-publish","hentry"],"_links":{"self":[{"href":"https:\/\/home.pf.jcu.cz\/~csgg2026\/index.php\/wp-json\/wp\/v2\/pages\/443","targetHints":{"allow":["GET"]}}],"collection":[{"href":"https:\/\/home.pf.jcu.cz\/~csgg2026\/index.php\/wp-json\/wp\/v2\/pages"}],"about":[{"href":"https:\/\/home.pf.jcu.cz\/~csgg2026\/index.php\/wp-json\/wp\/v2\/types\/page"}],"author":[{"embeddable":true,"href":"https:\/\/home.pf.jcu.cz\/~csgg2026\/index.php\/wp-json\/wp\/v2\/users\/1"}],"replies":[{"embeddable":true,"href":"https:\/\/home.pf.jcu.cz\/~csgg2026\/index.php\/wp-json\/wp\/v2\/comments?post=443"}],"version-history":[{"count":6,"href":"https:\/\/home.pf.jcu.cz\/~csgg2026\/index.php\/wp-json\/wp\/v2\/pages\/443\/revisions"}],"predecessor-version":[{"id":776,"href":"https:\/\/home.pf.jcu.cz\/~csgg2026\/index.php\/wp-json\/wp\/v2\/pages\/443\/revisions\/776"}],"wp:attachment":[{"href":"https:\/\/home.pf.jcu.cz\/~csgg2026\/index.php\/wp-json\/wp\/v2\/media?parent=443"}],"curies":[{"name":"wp","href":"https:\/\/api.w.org\/{rel}","templated":true}]}}